{"id":5855,"date":"2023-12-11T19:55:48","date_gmt":"2023-12-11T19:55:48","guid":{"rendered":"http:\/\/172.16.2.72\/?page_id=5855"},"modified":"2023-12-13T15:28:08","modified_gmt":"2023-12-13T15:28:08","slug":"catedras-unesco-en-mexico-2","status":"publish","type":"page","link":"https:\/\/atl.org.mx\/index.php\/catedras-unesco-en-mexico-2\/","title":{"rendered":"C\u00e1tedras UNESCO en M\u00e9xico"},"content":{"rendered":"\t\t<div data-elementor-type=\"wp-page\" data-elementor-id=\"5855\" class=\"elementor elementor-5855\">\n\t\t\t\t\t\t<section class=\"penci-section penci-disSticky penci-structure-10 elementor-section elementor-top-section elementor-element elementor-element-567a002 elementor-section-boxed elementor-section-height-default elementor-section-height-default\" data-id=\"567a002\" data-element_type=\"section\" data-e-type=\"section\">\n\t\t\t\t\t\t<div class=\"elementor-container elementor-column-gap-default\">\n\t\t\t\t\t<div class=\"penci-ercol-100 penci-ercol-order-1 penci-sticky-ct    elementor-column elementor-col-100 elementor-top-column elementor-element elementor-element-e76c212\" data-id=\"e76c212\" data-element_type=\"column\" data-e-type=\"column\">\n\t\t\t<div class=\"elementor-widget-wrap elementor-element-populated\">\n\t\t\t\t\t\t<div class=\"elementor-element elementor-element-5b1b5e4 elementor-widget elementor-widget-penci-text-block\" data-id=\"5b1b5e4\" data-element_type=\"widget\" data-e-type=\"widget\" data-widget_type=\"penci-text-block.default\">\n\t\t\t\t<div class=\"elementor-widget-container\">\n\t\t\t\t\t\t\t<div class=\"penci-block-vc penci-text-editor\">\n\t\t\t\t\t\t<div class=\"penci-block_content\">\n\t\t\t\t<div class=\"elementor-text-editor elementor-clearfix\"><h4>Hoy en d\u00eda el programa cuenta con 715 C\u00e1tedras UNESCO y 69 Redes UNITWIN, en las que participan<\/h4><\/div>\n\t\t\t<\/div>\n\t\t<\/div>\n\t\t\t\t\t\t<\/div>\n\t\t\t\t<\/div>\n\t\t\t\t\t<\/div>\n\t\t<\/div>\n\t\t\t\t\t<\/div>\n\t\t<\/section>\n\t\t\t\t<section class=\"penci-section penci-disSticky penci-structure-21 elementor-section elementor-top-section elementor-element elementor-element-17dcf26 elementor-section-boxed elementor-section-height-default elementor-section-height-default\" data-id=\"17dcf26\" data-element_type=\"section\" data-e-type=\"section\">\n\t\t\t\t\t\t<div class=\"elementor-container elementor-column-gap-default\">\n\t\t\t\t\t<div class=\"penci-ercol-33 penci-ercol-order-1 penci-sticky-sb penci-sidebarSC   elementor-column elementor-col-33 elementor-top-column elementor-element elementor-element-bc52da7\" data-id=\"bc52da7\" data-element_type=\"column\" data-e-type=\"column\">\n\t\t\t<div class=\"elementor-widget-wrap elementor-element-populated\">\n\t\t\t\t\t\t<div class=\"elementor-element elementor-element-a047d3e elementor-invisible elementor-widget elementor-widget-image\" data-id=\"a047d3e\" data-element_type=\"widget\" data-e-type=\"widget\" data-settings=\"{&quot;_animation&quot;:&quot;rotateIn&quot;}\" data-widget_type=\"image.default\">\n\t\t\t\t<div class=\"elementor-widget-container\">\n\t\t\t\t\t\t\t\t\t\t\t\t\t\t\t<img fetchpriority=\"high\" decoding=\"async\" width=\"1024\" height=\"683\" src=\"https:\/\/atl.org.mx\/wp-content\/uploads\/2021\/02\/catedra_unesco-1024x683.jpg\" class=\"attachment-large size-large wp-image-3604\" alt=\"C\u00e1tedra Unesco IMTA\" srcset=\"https:\/\/atl.org.mx\/wp-content\/uploads\/2021\/02\/catedra_unesco-1024x683.jpg 1024w, https:\/\/atl.org.mx\/wp-content\/uploads\/2021\/02\/catedra_unesco-600x400.jpg 600w, https:\/\/atl.org.mx\/wp-content\/uploads\/2021\/02\/catedra_unesco-300x200.jpg 300w, https:\/\/atl.org.mx\/wp-content\/uploads\/2021\/02\/catedra_unesco-768x512.jpg 768w, https:\/\/atl.org.mx\/wp-content\/uploads\/2021\/02\/catedra_unesco-640x427.jpg 640w, https:\/\/atl.org.mx\/wp-content\/uploads\/2021\/02\/catedra_unesco-400x267.jpg 400w, https:\/\/atl.org.mx\/wp-content\/uploads\/2021\/02\/catedra_unesco-367x245.jpg 367w, https:\/\/atl.org.mx\/wp-content\/uploads\/2021\/02\/catedra_unesco.jpg 1170w\" sizes=\"(max-width: 1024px) 100vw, 1024px\" \/>\t\t\t\t\t\t\t\t\t\t\t\t\t\t\t<\/div>\n\t\t\t\t<\/div>\n\t\t\t\t<div class=\"elementor-element elementor-element-048dc65 elementor-widget elementor-widget-spacer\" data-id=\"048dc65\" data-element_type=\"widget\" data-e-type=\"widget\" data-widget_type=\"spacer.default\">\n\t\t\t\t<div class=\"elementor-widget-container\">\n\t\t\t\t\t\t\t<div class=\"elementor-spacer\">\n\t\t\t<div class=\"elementor-spacer-inner\"><\/div>\n\t\t<\/div>\n\t\t\t\t\t\t<\/div>\n\t\t\t\t<\/div>\n\t\t\t\t<div class=\"elementor-element elementor-element-eb896ca elementor-invisible elementor-widget elementor-widget-image\" data-id=\"eb896ca\" data-element_type=\"widget\" data-e-type=\"widget\" data-settings=\"{&quot;_animation&quot;:&quot;rotateIn&quot;}\" data-widget_type=\"image.default\">\n\t\t\t\t<div class=\"elementor-widget-container\">\n\t\t\t\t\t\t\t\t\t\t\t\t\t\t\t<img decoding=\"async\" width=\"1024\" height=\"683\" src=\"https:\/\/atl.org.mx\/wp-content\/uploads\/2021\/02\/catedra_unesco1-1024x683.jpg\" class=\"attachment-large size-large wp-image-3605\" alt=\"C\u00e1tedra Unesco IMTA\" srcset=\"https:\/\/atl.org.mx\/wp-content\/uploads\/2021\/02\/catedra_unesco1-1024x683.jpg 1024w, https:\/\/atl.org.mx\/wp-content\/uploads\/2021\/02\/catedra_unesco1-600x400.jpg 600w, https:\/\/atl.org.mx\/wp-content\/uploads\/2021\/02\/catedra_unesco1-300x200.jpg 300w, https:\/\/atl.org.mx\/wp-content\/uploads\/2021\/02\/catedra_unesco1-768x512.jpg 768w, https:\/\/atl.org.mx\/wp-content\/uploads\/2021\/02\/catedra_unesco1-640x427.jpg 640w, https:\/\/atl.org.mx\/wp-content\/uploads\/2021\/02\/catedra_unesco1-400x267.jpg 400w, https:\/\/atl.org.mx\/wp-content\/uploads\/2021\/02\/catedra_unesco1-367x245.jpg 367w, https:\/\/atl.org.mx\/wp-content\/uploads\/2021\/02\/catedra_unesco1.jpg 1170w\" sizes=\"(max-width: 1024px) 100vw, 1024px\" \/>\t\t\t\t\t\t\t\t\t\t\t\t\t\t\t<\/div>\n\t\t\t\t<\/div>\n\t\t\t\t\t<\/div>\n\t\t<\/div>\n\t\t\t\t<div class=\"penci-ercol-66 penci-ercol-order-2 penci-sticky-ct    elementor-column elementor-col-66 elementor-top-column elementor-element elementor-element-6397da2\" data-id=\"6397da2\" data-element_type=\"column\" data-e-type=\"column\">\n\t\t\t<div class=\"elementor-widget-wrap elementor-element-populated\">\n\t\t\t\t\t\t<div class=\"elementor-element elementor-element-5ae9b91 elementor-widget elementor-widget-penci-text-block\" data-id=\"5ae9b91\" data-element_type=\"widget\" data-e-type=\"widget\" data-widget_type=\"penci-text-block.default\">\n\t\t\t\t<div class=\"elementor-widget-container\">\n\t\t\t\t\t\t\t<div class=\"penci-block-vc penci-text-editor\">\n\t\t\t\t\t\t<div class=\"penci-block_content\">\n\t\t\t\t<div class=\"elementor-text-editor elementor-clearfix\"><ul><li style=\"list-style-type: none;\"><ul><li><a href=\"https:\/\/www.iisue.unam.mx\/investigacion\/proyecto\/catedra-unesco-universidad-e-integracion-regional\" target=\"_blank\" rel=\"noopener\">C\u00e1tedra UNESCO Universidad e integraci\u00f3n regional (1995) del Instituto de Estudios sobre la Universidad, UNAM<\/a><\/li><li><a href=\"https:\/\/catedraunescodh.unam.mx\/catedra\/catedra\/\" target=\"_blank\" rel=\"noopener\">C\u00e1tedra UNESCO de Derechos Humanos (1996) de la Facultad de Ciencias Pol\u00edticas y Sociales, UNAM<\/a><\/li><li>Comunicaci\u00f3n y Sociedad (1996) de la Universidad Iberoamericana<\/li><li><a href=\"https:\/\/www.iteso.mx\/web\/general\/detalle?group_id=54944\" target=\"_blank\" rel=\"noopener\">Conservaci\u00f3n de los Bienes Culturales (1997) de la Gesti\u00f3n del h\u00e1bitat y desarrollo socialmente sustentable (1998) del Instituto Tecnol\u00f3gico y de Estudios Superiores de Occidente (ITESO)<\/a><\/li><li><a href=\"https:\/\/www.iis.unam.mx\/\" target=\"_blank\" rel=\"noopener\">Transformaciones econ\u00f3micas y sociales relacionadas con el problema internacional de las drogas (2000) del Instituto de Investigaciones Sociales, UNAM.<\/a><\/li><li>Nuevas Tecnolog\u00edas de Informaci\u00f3n (2001) de la Universidad de Colima<\/li><li><a href=\"https:\/\/www.cinvestav.mx\/\" target=\"_blank\" rel=\"noopener\">Aseguramiento de la Calidad y Proveedores Emergentes de Educaci\u00f3n Terciaria: de lo trasnacional a lo intercultural (2004) del Centro de Investigaci\u00f3n y Estudios Avanzados (CINVESTAV) del Instituto Polit\u00e9cnico Nacional (IPN)<\/a><\/li><li><a href=\"http:\/\/www.lacult.unesco.org\/institucion\/showitem.php?uid_ext=&amp;getipr=&amp;lg=1&amp;pais=&amp;id=976\" target=\"_blank\" rel=\"noopener\">Mujer, liderazgo y equidad (2007) de la Universidad de Guadalajara<\/a><\/li><li>C\u00e1tedra \u201cBio\u00e9tica y la Medicina Cl\u00ednica\u201d (2007) UNAM<\/li><li>Proyecto de C\u00e1tedra \u201cEl agua en la sociedad del conocimiento\u201d (2008) del Instituto Mexicano de Tecnolog\u00eda del Agua<\/li><li>C\u00e1tedra \u201cInvestigaci\u00f3n sobre Patrimonio Cultural Intangible y Diversidad Cultural\u201d del Centro Regional de Investigaciones Multidisciplinarias Universidad Nacional Aut\u00f3noma de M\u00e9xico (UNAM) C\u00e1tedra \u201cDerechos Humanos y \u00c9tica\u201d del ITESM \u2013 Cd. de M\u00e9xico<\/li><li><a href=\"http:\/\/www.lacult.unesco.org\/institucion\/showitem.php?uid_ext=&amp;getipr=&amp;lg=1&amp;pais=&amp;id=978\" target=\"_blank\" rel=\"noopener\">\u201cEducaci\u00f3n Intercultural para la Convivencia, la Cohesi\u00f3n Social y la Reconciliaci\u00f3n en un Mundo Globalizado de la Universidad Aut\u00f3noma del estado de Hidalgo<\/a><\/li><li><a href=\"https:\/\/www.uaeh.edu.mx\/campus\/icsa\/noticias\/2\/conferencias.html\" target=\"_blank\" rel=\"noopener\">C\u00e1tedra \u201cBio\u00e9tica<\/a><\/li><\/ul><\/li><\/ul><\/div>\n\t\t\t<\/div>\n\t\t<\/div>\n\t\t\t\t\t\t<\/div>\n\t\t\t\t<\/div>\n\t\t\t\t\t<\/div>\n\t\t<\/div>\n\t\t\t\t\t<\/div>\n\t\t<\/section>\n\t\t\t\t<\/div>\n\t\t","protected":false},"excerpt":{"rendered":"<p>Hoy en d\u00eda el programa cuenta con 715 C\u00e1tedras UNESCO y 69 Redes UNITWIN, en las que participan C\u00e1tedra UNESCO Universidad e&hellip;<\/p>\n","protected":false},"author":1,"featured_media":0,"parent":0,"menu_order":0,"comment_status":"closed","ping_status":"closed","template":"","meta":{"content-type":"","_lmt_disableupdate":"","_lmt_disable":"","footnotes":""},"class_list":["post-5855","page","type-page","status-publish","hentry"],"yoast_head":"<!-- This site is optimized with the Yoast SEO plugin v27.0 - https:\/\/yoast.com\/product\/yoast-seo-wordpress\/ -->\n<title>C\u00e1tedras UNESCO en M\u00e9xico - ATL el portal del agua de la C\u00e1tedra Unesco IMTA<\/title>\n<meta name=\"robots\" content=\"index, follow, max-snippet:-1, max-image-preview:large, max-video-preview:-1\" \/>\n<link rel=\"canonical\" href=\"https:\/\/atl.org.mx\/index.php\/catedras-unesco-en-mexico-2\/\" \/>\n<meta property=\"og:locale\" content=\"es_MX\" \/>\n<meta property=\"og:type\" content=\"article\" \/>\n<meta property=\"og:title\" content=\"C\u00e1tedras UNESCO en M\u00e9xico - ATL el portal del agua de la C\u00e1tedra Unesco IMTA\" \/>\n<meta property=\"og:description\" content=\"Hoy en d\u00eda el programa cuenta con 715 C\u00e1tedras UNESCO y 69 Redes UNITWIN, en las que participan C\u00e1tedra UNESCO Universidad e&hellip;\" \/>\n<meta property=\"og:url\" content=\"https:\/\/atl.org.mx\/index.php\/catedras-unesco-en-mexico-2\/\" \/>\n<meta property=\"og:site_name\" content=\"ATL el portal del agua de la C\u00e1tedra Unesco IMTA\" \/>\n<meta property=\"article:modified_time\" content=\"2023-12-13T15:28:08+00:00\" \/>\n<meta property=\"og:image\" content=\"http:\/\/172.16.2.72\/wp-content\/uploads\/2021\/02\/catedra_unesco-1024x683.jpg\" \/>\n<meta name=\"twitter:card\" content=\"summary_large_image\" \/>\n<meta name=\"twitter:label1\" content=\"Tiempo de lectura\" \/>\n\t<meta name=\"twitter:data1\" content=\"1 minuto\" \/>\n<script type=\"application\/ld+json\" class=\"yoast-schema-graph\">{\"@context\":\"https:\/\/schema.org\",\"@graph\":[{\"@type\":\"WebPage\",\"@id\":\"https:\/\/atl.org.mx\/index.php\/catedras-unesco-en-mexico-2\/\",\"url\":\"https:\/\/atl.org.mx\/index.php\/catedras-unesco-en-mexico-2\/\",\"name\":\"C\u00e1tedras UNESCO en M\u00e9xico - ATL el portal del agua de la C\u00e1tedra Unesco IMTA\",\"isPartOf\":{\"@id\":\"https:\/\/atl.org.mx\/#website\"},\"primaryImageOfPage\":{\"@id\":\"https:\/\/atl.org.mx\/index.php\/catedras-unesco-en-mexico-2\/#primaryimage\"},\"image\":{\"@id\":\"https:\/\/atl.org.mx\/index.php\/catedras-unesco-en-mexico-2\/#primaryimage\"},\"thumbnailUrl\":\"http:\/\/172.16.2.72\/wp-content\/uploads\/2021\/02\/catedra_unesco-1024x683.jpg\",\"datePublished\":\"2023-12-11T19:55:48+00:00\",\"dateModified\":\"2023-12-13T15:28:08+00:00\",\"breadcrumb\":{\"@id\":\"https:\/\/atl.org.mx\/index.php\/catedras-unesco-en-mexico-2\/#breadcrumb\"},\"inLanguage\":\"es\",\"potentialAction\":[{\"@type\":\"ReadAction\",\"target\":[\"https:\/\/atl.org.mx\/index.php\/catedras-unesco-en-mexico-2\/\"]}]},{\"@type\":\"ImageObject\",\"inLanguage\":\"es\",\"@id\":\"https:\/\/atl.org.mx\/index.php\/catedras-unesco-en-mexico-2\/#primaryimage\",\"url\":\"http:\/\/172.16.2.72\/wp-content\/uploads\/2021\/02\/catedra_unesco-1024x683.jpg\",\"contentUrl\":\"http:\/\/172.16.2.72\/wp-content\/uploads\/2021\/02\/catedra_unesco-1024x683.jpg\"},{\"@type\":\"BreadcrumbList\",\"@id\":\"https:\/\/atl.org.mx\/index.php\/catedras-unesco-en-mexico-2\/#breadcrumb\",\"itemListElement\":[{\"@type\":\"ListItem\",\"position\":1,\"name\":\"Inicio\",\"item\":\"https:\/\/atl.org.mx\/\"},{\"@type\":\"ListItem\",\"position\":2,\"name\":\"C\u00e1tedras UNESCO en M\u00e9xico\"}]},{\"@type\":\"WebSite\",\"@id\":\"https:\/\/atl.org.mx\/#website\",\"url\":\"https:\/\/atl.org.mx\/\",\"name\":\"ATL el portal del agua de la C\u00e1tedra Unesco IMTA\",\"description\":\"C\u00e1tedra UNESCO-IMTA\",\"publisher\":{\"@id\":\"https:\/\/atl.org.mx\/#organization\"},\"potentialAction\":[{\"@type\":\"SearchAction\",\"target\":{\"@type\":\"EntryPoint\",\"urlTemplate\":\"https:\/\/atl.org.mx\/?s={search_term_string}\"},\"query-input\":{\"@type\":\"PropertyValueSpecification\",\"valueRequired\":true,\"valueName\":\"search_term_string\"}}],\"inLanguage\":\"es\"},{\"@type\":\"Organization\",\"@id\":\"https:\/\/atl.org.mx\/#organization\",\"name\":\"ATL el portal del agua de la C\u00e1tedra Unesco IMTA\",\"url\":\"https:\/\/atl.org.mx\/\",\"logo\":{\"@type\":\"ImageObject\",\"inLanguage\":\"es\",\"@id\":\"https:\/\/atl.org.mx\/#\/schema\/logo\/image\/\",\"url\":\"https:\/\/atl.org.mx\/wp-content\/uploads\/2023\/09\/logo_atl_catedra3.png\",\"contentUrl\":\"https:\/\/atl.org.mx\/wp-content\/uploads\/2023\/09\/logo_atl_catedra3.png\",\"width\":250,\"height\":151,\"caption\":\"ATL el portal del agua de la C\u00e1tedra Unesco IMTA\"},\"image\":{\"@id\":\"https:\/\/atl.org.mx\/#\/schema\/logo\/image\/\"}}]}<\/script>\n<!-- \/ Yoast SEO plugin. -->","yoast_head_json":{"title":"C\u00e1tedras UNESCO en M\u00e9xico - ATL el portal del agua de la C\u00e1tedra Unesco IMTA","robots":{"index":"index","follow":"follow","max-snippet":"max-snippet:-1","max-image-preview":"max-image-preview:large","max-video-preview":"max-video-preview:-1"},"canonical":"https:\/\/atl.org.mx\/index.php\/catedras-unesco-en-mexico-2\/","og_locale":"es_MX","og_type":"article","og_title":"C\u00e1tedras UNESCO en M\u00e9xico - ATL el portal del agua de la C\u00e1tedra Unesco IMTA","og_description":"Hoy en d\u00eda el programa cuenta con 715 C\u00e1tedras UNESCO y 69 Redes UNITWIN, en las que participan C\u00e1tedra UNESCO Universidad e&hellip;","og_url":"https:\/\/atl.org.mx\/index.php\/catedras-unesco-en-mexico-2\/","og_site_name":"ATL el portal del agua de la C\u00e1tedra Unesco IMTA","article_modified_time":"2023-12-13T15:28:08+00:00","og_image":[{"url":"http:\/\/172.16.2.72\/wp-content\/uploads\/2021\/02\/catedra_unesco-1024x683.jpg","type":"","width":"","height":""}],"twitter_card":"summary_large_image","twitter_misc":{"Tiempo de lectura":"1 minuto"},"schema":{"@context":"https:\/\/schema.org","@graph":[{"@type":"WebPage","@id":"https:\/\/atl.org.mx\/index.php\/catedras-unesco-en-mexico-2\/","url":"https:\/\/atl.org.mx\/index.php\/catedras-unesco-en-mexico-2\/","name":"C\u00e1tedras UNESCO en M\u00e9xico - ATL el portal del agua de la C\u00e1tedra Unesco IMTA","isPartOf":{"@id":"https:\/\/atl.org.mx\/#website"},"primaryImageOfPage":{"@id":"https:\/\/atl.org.mx\/index.php\/catedras-unesco-en-mexico-2\/#primaryimage"},"image":{"@id":"https:\/\/atl.org.mx\/index.php\/catedras-unesco-en-mexico-2\/#primaryimage"},"thumbnailUrl":"http:\/\/172.16.2.72\/wp-content\/uploads\/2021\/02\/catedra_unesco-1024x683.jpg","datePublished":"2023-12-11T19:55:48+00:00","dateModified":"2023-12-13T15:28:08+00:00","breadcrumb":{"@id":"https:\/\/atl.org.mx\/index.php\/catedras-unesco-en-mexico-2\/#breadcrumb"},"inLanguage":"es","potentialAction":[{"@type":"ReadAction","target":["https:\/\/atl.org.mx\/index.php\/catedras-unesco-en-mexico-2\/"]}]},{"@type":"ImageObject","inLanguage":"es","@id":"https:\/\/atl.org.mx\/index.php\/catedras-unesco-en-mexico-2\/#primaryimage","url":"http:\/\/172.16.2.72\/wp-content\/uploads\/2021\/02\/catedra_unesco-1024x683.jpg","contentUrl":"http:\/\/172.16.2.72\/wp-content\/uploads\/2021\/02\/catedra_unesco-1024x683.jpg"},{"@type":"BreadcrumbList","@id":"https:\/\/atl.org.mx\/index.php\/catedras-unesco-en-mexico-2\/#breadcrumb","itemListElement":[{"@type":"ListItem","position":1,"name":"Inicio","item":"https:\/\/atl.org.mx\/"},{"@type":"ListItem","position":2,"name":"C\u00e1tedras UNESCO en M\u00e9xico"}]},{"@type":"WebSite","@id":"https:\/\/atl.org.mx\/#website","url":"https:\/\/atl.org.mx\/","name":"ATL el portal del agua de la C\u00e1tedra Unesco IMTA","description":"C\u00e1tedra UNESCO-IMTA","publisher":{"@id":"https:\/\/atl.org.mx\/#organization"},"potentialAction":[{"@type":"SearchAction","target":{"@type":"EntryPoint","urlTemplate":"https:\/\/atl.org.mx\/?s={search_term_string}"},"query-input":{"@type":"PropertyValueSpecification","valueRequired":true,"valueName":"search_term_string"}}],"inLanguage":"es"},{"@type":"Organization","@id":"https:\/\/atl.org.mx\/#organization","name":"ATL el portal del agua de la C\u00e1tedra Unesco IMTA","url":"https:\/\/atl.org.mx\/","logo":{"@type":"ImageObject","inLanguage":"es","@id":"https:\/\/atl.org.mx\/#\/schema\/logo\/image\/","url":"https:\/\/atl.org.mx\/wp-content\/uploads\/2023\/09\/logo_atl_catedra3.png","contentUrl":"https:\/\/atl.org.mx\/wp-content\/uploads\/2023\/09\/logo_atl_catedra3.png","width":250,"height":151,"caption":"ATL el portal del agua de la C\u00e1tedra Unesco IMTA"},"image":{"@id":"https:\/\/atl.org.mx\/#\/schema\/logo\/image\/"}}]}},"_links":{"self":[{"href":"https:\/\/atl.org.mx\/index.php\/wp-json\/wp\/v2\/pages\/5855","targetHints":{"allow":["GET"]}}],"collection":[{"href":"https:\/\/atl.org.mx\/index.php\/wp-json\/wp\/v2\/pages"}],"about":[{"href":"https:\/\/atl.org.mx\/index.php\/wp-json\/wp\/v2\/types\/page"}],"author":[{"embeddable":true,"href":"https:\/\/atl.org.mx\/index.php\/wp-json\/wp\/v2\/users\/1"}],"replies":[{"embeddable":true,"href":"https:\/\/atl.org.mx\/index.php\/wp-json\/wp\/v2\/comments?post=5855"}],"version-history":[{"count":58,"href":"https:\/\/atl.org.mx\/index.php\/wp-json\/wp\/v2\/pages\/5855\/revisions"}],"predecessor-version":[{"id":5917,"href":"https:\/\/atl.org.mx\/index.php\/wp-json\/wp\/v2\/pages\/5855\/revisions\/5917"}],"wp:attachment":[{"href":"https:\/\/atl.org.mx\/index.php\/wp-json\/wp\/v2\/media?parent=5855"}],"curies":[{"name":"wp","href":"https:\/\/api.w.org\/{rel}","templated":true}]}}