{"id":4529,"date":"2021-03-25T06:14:56","date_gmt":"2021-03-25T06:14:56","guid":{"rendered":"http:\/\/187.189.183.96\/?page_id=4529"},"modified":"2024-02-22T15:23:15","modified_gmt":"2024-02-22T15:23:15","slug":"espacio-de-divulgacion-desde-la-nube","status":"publish","type":"page","link":"https:\/\/atl.org.mx\/index.php\/espacio-de-divulgacion-desde-la-nube\/","title":{"rendered":"Espacio de divulgaci\u00f3n desde la nube"},"content":{"rendered":"\t\t<div data-elementor-type=\"wp-page\" data-elementor-id=\"4529\" class=\"elementor elementor-4529\">\n\t\t\t\t\t\t<section class=\"penci-section penci-disSticky penci-structure-10 elementor-section elementor-top-section elementor-element elementor-element-6837df9e elementor-section-boxed elementor-section-height-default elementor-section-height-default\" data-id=\"6837df9e\" data-element_type=\"section\" data-e-type=\"section\">\n\t\t\t\t\t\t<div class=\"elementor-container elementor-column-gap-default\">\n\t\t\t\t\t<div class=\"penci-ercol-100 penci-ercol-order-1 penci-sticky-ct    elementor-column elementor-col-100 elementor-top-column elementor-element elementor-element-4d21152e\" data-id=\"4d21152e\" data-element_type=\"column\" data-e-type=\"column\">\n\t\t\t<div class=\"elementor-widget-wrap elementor-element-populated\">\n\t\t\t\t\t\t<div class=\"elementor-element elementor-element-716191cf elementor-widget elementor-widget-text-editor\" data-id=\"716191cf\" data-element_type=\"widget\" data-e-type=\"widget\" data-widget_type=\"text-editor.default\">\n\t\t\t\t<div class=\"elementor-widget-container\">\n\t\t\t\t\t\t\t\t\t<p>El <strong>Espacio de divulgaci\u00f3n desde la nube<\/strong>, nace a partir de la necesidad de generar y compartir&nbsp; conocimiento h\u00eddrico.<\/p>\n<p>Generar y compartir son l\u00edneas de acci\u00f3n sustantivas para el quehacer del Instituto que se orientan a contribuir a crear las capacidades que requerimos para el futuro que deseamos en materia de agua y medio ambiente.<\/p>\t\t\t\t\t\t\t\t<\/div>\n\t\t\t\t<\/div>\n\t\t\t\t\t<\/div>\n\t\t<\/div>\n\t\t\t\t\t<\/div>\n\t\t<\/section>\n\t\t\t\t<section class=\"penci-section penci-disSticky penci-structure-10 elementor-section elementor-top-section elementor-element elementor-element-871ba7a elementor-section-boxed elementor-section-height-default elementor-section-height-default\" data-id=\"871ba7a\" data-element_type=\"section\" data-e-type=\"section\">\n\t\t\t\t\t\t<div class=\"elementor-container elementor-column-gap-default\">\n\t\t\t\t\t<div class=\"penci-ercol-100 penci-ercol-order-1 penci-sticky-ct    elementor-column elementor-col-100 elementor-top-column elementor-element elementor-element-9028911\" data-id=\"9028911\" data-element_type=\"column\" data-e-type=\"column\">\n\t\t\t<div class=\"elementor-widget-wrap\">\n\t\t\t\t\t\t\t<\/div>\n\t\t<\/div>\n\t\t\t\t\t<\/div>\n\t\t<\/section>\n\t\t\t\t<section class=\"penci-section penci-disSticky penci-structure-10 elementor-section elementor-top-section elementor-element elementor-element-883b98f elementor-section-boxed elementor-section-height-default elementor-section-height-default\" data-id=\"883b98f\" data-element_type=\"section\" data-e-type=\"section\">\n\t\t\t\t\t\t<div class=\"elementor-container elementor-column-gap-default\">\n\t\t\t\t\t<div class=\"penci-ercol-100 penci-ercol-order-1 penci-sticky-ct    elementor-column elementor-col-100 elementor-top-column elementor-element elementor-element-26e35a4\" data-id=\"26e35a4\" data-element_type=\"column\" data-e-type=\"column\">\n\t\t\t<div class=\"elementor-widget-wrap elementor-element-populated\">\n\t\t\t\t\t\t<div class=\"elementor-element elementor-element-94e336d elementor-widget elementor-widget-penci-small-list\" data-id=\"94e336d\" data-element_type=\"widget\" data-e-type=\"widget\" data-widget_type=\"penci-small-list.default\">\n\t\t\t\t<div class=\"elementor-widget-container\">\n\t\t\t\t\t<script>if( typeof(penciBlock) === \"undefined\" ) {function penciBlock() { this.atts_json = ''; this.content = ''; }}var penciBlocksArray = penciBlocksArray || [];var PENCILOCALCACHE = PENCILOCALCACHE || {};var pcblock_9371 = new penciBlock();pcblock_9371.blockID=\"pcblock_9371\";pcblock_9371.atts_json = '{\"type\":\"grid\",\"dformat\":\"\",\"date_pos\":\"left\",\"column\":\"2\",\"tab_column\":\"\",\"mb_column\":\"\",\"imgpos\":\"left\",\"thumb_size\":\"medium\",\"mthumb_size\":\"\",\"post_meta\":[\"title\"],\"primary_cat\":\"\",\"title_length\":\"\",\"excerpt_pos\":\"below\",\"rmstyle\":\"filled\",\"excerpt_length\":15,\"nocrop\":\"yes\",\"hide_cat_mobile\":\"\",\"hide_meta_mobile\":\"yes\",\"hide_excerpt_mobile\":\"\",\"hide_rm_mobile\":\"\",\"imgtop_mobile\":\"\",\"ver_border\":\"\",\"hide_thumb\":\"\",\"show_reviewpie\":\"\",\"show_formaticon\":\"\",\"disable_lazy\":\"yes\",\"show_excerpt\":\"\",\"show_readmore\":\"\",\"query\":{\"orderby\":\"date\",\"order\":\"desc\",\"ignore_sticky_posts\":1,\"post_status\":\"publish\",\"post__not_in\":[],\"post_type\":\"post\",\"posts_per_page\":6,\"tax_query\":[{\"taxonomy\":\"category\",\"field\":\"term_id\",\"terms\":[\"153\"]}]},\"category_ids\":\"\",\"taxonomy\":\"\"}';penciBlocksArray.push(pcblock_9371);<\/script>        <div class=\"penci-wrapper-smalllist\">\n\t\t\t\t\t\t            <div class=\"penci-smalllist-wrapper\">\n\t\t\t\t                    <div class=\"penci-smalllist pcsl-wrapper pwsl-id-default\">\n                        <div class=\"pcsl-inner penci-clearfix pcsl-grid pencipw-hd-text pcsl-imgpos-left pcsl-col-2 pcsl-tabcol-2 pcsl-mobcol-1 pcsl-nocrop pcsl-meta-mhide\">\n\t\t\t\t\t\t\t\t\t\t\t\t\t\t\t\t\t\t\t\t\t\t\t\t                                    <div class=\"pcsl-item\">\n                                        <div class=\"pcsl-itemin\">\n                                            <div class=\"pcsl-iteminer\">\n\t\t\t\t\t\t\t\t\t\t\t\t\n\t\t\t\t\t\t\t\t\t\t\t\t                                                    <div class=\"pcsl-thumb\">\n\t\t\t\t\t\t\t\t\t\t\t\t\t\t\t\t\t\t\t\t\t\t\t\t\t\t\t\t                                                            <a  style=\"background-image:url(https:\/\/atl.org.mx\/wp-content\/uploads\/2024\/06\/conectando-naturaleza-atl-300x138.jpg)\" href=\"https:\/\/atl.org.mx\/index.php\/conectando-con-la-naturaleza-experiencias-proyectos-y-desafios-en-la-divulgacion-de-la-ciencia-para-la-ninez\/\"\n                                                               title=\"Conectando con la Naturaleza: Experiencias, proyectos y desaf\u00edos en la divulgaci\u00f3n de la ciencia para la ni\u00f1ez\"\n                                                               class=\"penci-no-lazy penci-image-holder\" style=\"padding-bottom: 46.00000000%\">\n\t                                                                                                                        <\/a>\n\n                                                    <\/div>\n\t\t\t\t\t\t\t\t\t\t\t\t                                                <div class=\"pcsl-content\">\n\t\t\t\t\t\t\t\t\t\t\t\t\t\n\t\t\t\t\t\t\t\t\t\t\t\t\t                                                        <div class=\"pcsl-title\">\n                                                            <a href=\"https:\/\/atl.org.mx\/index.php\/conectando-con-la-naturaleza-experiencias-proyectos-y-desafios-en-la-divulgacion-de-la-ciencia-para-la-ninez\/\">Conectando con la Naturaleza: Experiencias, proyectos y desaf\u00edos en la divulgaci\u00f3n de la ciencia para la ni\u00f1ez<\/a>\n                                                        <\/div>\n\t\t\t\t\t\t\t\t\t\t\t\t\t\n\t\t\t\t\t\t\t\t\t\t\t\t\t\n\t\t\t\t\t\t\t\t\t\t\t\t\t\t\t\t\t\t\t\t\t\t\t\t\t\t\n                                                <\/div>\n\n\t\t\t\t\t\t\t\t\t\t\t\t                                            <\/div>\n                                        <\/div>\n                                    <\/div>\n                                \t\t\t\t\t\t\t\t\t\t\t\t\t\t\t\t\t                                    <div class=\"pcsl-item\">\n                                        <div class=\"pcsl-itemin\">\n                                            <div class=\"pcsl-iteminer\">\n\t\t\t\t\t\t\t\t\t\t\t\t\n\t\t\t\t\t\t\t\t\t\t\t\t                                                    <div class=\"pcsl-thumb\">\n\t\t\t\t\t\t\t\t\t\t\t\t\t\t\t\t\t\t\t\t\t\t\t\t\t\t\t\t                                                            <a  style=\"background-image:url(https:\/\/atl.org.mx\/wp-content\/uploads\/2024\/06\/desde_la_nube-atl-300x138.jpg)\" href=\"https:\/\/atl.org.mx\/index.php\/desde-la-nube-experiencias-de-posgrado\/\"\n                                                               title=\"Desde la nube: Experiencias de posgrado\"\n                                                               class=\"penci-no-lazy penci-image-holder\" style=\"padding-bottom: 46.00000000%\">\n\t                                                                                                                        <\/a>\n\n                                                    <\/div>\n\t\t\t\t\t\t\t\t\t\t\t\t                                                <div class=\"pcsl-content\">\n\t\t\t\t\t\t\t\t\t\t\t\t\t\n\t\t\t\t\t\t\t\t\t\t\t\t\t                                                        <div class=\"pcsl-title\">\n                                                            <a href=\"https:\/\/atl.org.mx\/index.php\/desde-la-nube-experiencias-de-posgrado\/\">Desde la nube: Experiencias de posgrado<\/a>\n                                                        <\/div>\n\t\t\t\t\t\t\t\t\t\t\t\t\t\n\t\t\t\t\t\t\t\t\t\t\t\t\t\n\t\t\t\t\t\t\t\t\t\t\t\t\t\t\t\t\t\t\t\t\t\t\t\t\t\t\n                                                <\/div>\n\n\t\t\t\t\t\t\t\t\t\t\t\t                                            <\/div>\n                                        <\/div>\n                                    <\/div>\n                                \t\t\t\t\t\t\t\t\t\t\t\t\t\t\t\t\t                                    <div class=\"pcsl-item\">\n                                        <div class=\"pcsl-itemin\">\n                                            <div class=\"pcsl-iteminer\">\n\t\t\t\t\t\t\t\t\t\t\t\t\n\t\t\t\t\t\t\t\t\t\t\t\t                                                    <div class=\"pcsl-thumb\">\n\t\t\t\t\t\t\t\t\t\t\t\t\t\t\t\t\t\t\t\t\t\t\t\t\t\t\t\t                                                            <a  style=\"background-image:url(https:\/\/atl.org.mx\/wp-content\/uploads\/2024\/02\/mujeres-ninas-cienca-300x300.jpeg)\" href=\"https:\/\/atl.org.mx\/index.php\/mujeres-y-ninas-en-la-ciencia-ciencia-al-servicio-de-la-sociedad\/\"\n                                                               title=\"Mujeres y Ni\u00f1as en la Ciencia: Ciencia al servicio de la sociedad\"\n                                                               class=\"penci-no-lazy penci-image-holder\" style=\"padding-bottom: 100.00000000%\">\n\t                                                                                                                        <\/a>\n\n                                                    <\/div>\n\t\t\t\t\t\t\t\t\t\t\t\t                                                <div class=\"pcsl-content\">\n\t\t\t\t\t\t\t\t\t\t\t\t\t\n\t\t\t\t\t\t\t\t\t\t\t\t\t                                                        <div class=\"pcsl-title\">\n                                                            <a href=\"https:\/\/atl.org.mx\/index.php\/mujeres-y-ninas-en-la-ciencia-ciencia-al-servicio-de-la-sociedad\/\">Mujeres y Ni\u00f1as en la Ciencia: Ciencia al servicio de la sociedad<\/a>\n                                                        <\/div>\n\t\t\t\t\t\t\t\t\t\t\t\t\t\n\t\t\t\t\t\t\t\t\t\t\t\t\t\n\t\t\t\t\t\t\t\t\t\t\t\t\t\t\t\t\t\t\t\t\t\t\t\t\t\t\n                                                <\/div>\n\n\t\t\t\t\t\t\t\t\t\t\t\t                                            <\/div>\n                                        <\/div>\n                                    <\/div>\n                                \t\t\t\t\t\t\t\t\t\t\t\t\t\t\t\t\t                                    <div class=\"pcsl-item\">\n                                        <div class=\"pcsl-itemin\">\n                                            <div class=\"pcsl-iteminer\">\n\t\t\t\t\t\t\t\t\t\t\t\t\n\t\t\t\t\t\t\t\t\t\t\t\t                                                    <div class=\"pcsl-thumb\">\n\t\t\t\t\t\t\t\t\t\t\t\t\t\t\t\t\t\t\t\t\t\t\t\t\t\t\t\t                                                            <a  style=\"background-image:url(https:\/\/atl.org.mx\/wp-content\/uploads\/2023\/03\/conversatorio-300x300.jpg)\" href=\"https:\/\/atl.org.mx\/index.php\/conversatorio-en-linea-mujeres-agua-y-ciencia-rompiendo-brechas-en-el-mundo-digital-2\/\"\n                                                               title=\"Conversatorio en l\u00ednea: Mujeres, agua y ciencia, rompiendo brechas en el mundo digital\"\n                                                               class=\"penci-no-lazy penci-image-holder\" style=\"padding-bottom: 100.00000000%\">\n\t                                                                                                                        <\/a>\n\n                                                    <\/div>\n\t\t\t\t\t\t\t\t\t\t\t\t                                                <div class=\"pcsl-content\">\n\t\t\t\t\t\t\t\t\t\t\t\t\t\n\t\t\t\t\t\t\t\t\t\t\t\t\t                                                        <div class=\"pcsl-title\">\n                                                            <a href=\"https:\/\/atl.org.mx\/index.php\/conversatorio-en-linea-mujeres-agua-y-ciencia-rompiendo-brechas-en-el-mundo-digital-2\/\">Conversatorio en l\u00ednea: Mujeres, agua y ciencia, rompiendo brechas en el mundo digital<\/a>\n                                                        <\/div>\n\t\t\t\t\t\t\t\t\t\t\t\t\t\n\t\t\t\t\t\t\t\t\t\t\t\t\t\n\t\t\t\t\t\t\t\t\t\t\t\t\t\t\t\t\t\t\t\t\t\t\t\t\t\t\n                                                <\/div>\n\n\t\t\t\t\t\t\t\t\t\t\t\t                                            <\/div>\n                                        <\/div>\n                                    <\/div>\n                                \t\t\t\t\t\t\t\t\t\t\t\t\t\t\t\t\t                                    <div class=\"pcsl-item\">\n                                        <div class=\"pcsl-itemin\">\n                                            <div class=\"pcsl-iteminer\">\n\t\t\t\t\t\t\t\t\t\t\t\t\n\t\t\t\t\t\t\t\t\t\t\t\t                                                    <div class=\"pcsl-thumb\">\n\t\t\t\t\t\t\t\t\t\t\t\t\t\t\t\t\t\t\t\t\t\t\t\t\t\t\t\t                                                            <a  style=\"background-image:url(https:\/\/atl.org.mx\/wp-content\/uploads\/2023\/03\/socializar_el_conocimiento-1-300x300.jpg)\" href=\"https:\/\/atl.org.mx\/index.php\/desde-relatos-de-cientificas-socializar-el-conocimiento\/\"\n                                                               title=\"Desde Relatos de cient\u00edficas: Socializar el conocimiento\"\n                                                               class=\"penci-no-lazy penci-image-holder\" style=\"padding-bottom: 100.00000000%\">\n\t                                                                                                                        <\/a>\n\n                                                    <\/div>\n\t\t\t\t\t\t\t\t\t\t\t\t                                                <div class=\"pcsl-content\">\n\t\t\t\t\t\t\t\t\t\t\t\t\t\n\t\t\t\t\t\t\t\t\t\t\t\t\t                                                        <div class=\"pcsl-title\">\n                                                            <a href=\"https:\/\/atl.org.mx\/index.php\/desde-relatos-de-cientificas-socializar-el-conocimiento\/\">Desde Relatos de cient\u00edficas: Socializar el conocimiento<\/a>\n                                                        <\/div>\n\t\t\t\t\t\t\t\t\t\t\t\t\t\n\t\t\t\t\t\t\t\t\t\t\t\t\t\n\t\t\t\t\t\t\t\t\t\t\t\t\t\t\t\t\t\t\t\t\t\t\t\t\t\t\n                                                <\/div>\n\n\t\t\t\t\t\t\t\t\t\t\t\t                                            <\/div>\n                                        <\/div>\n                                    <\/div>\n                                \t\t\t\t\t\t\t\t\t\t\t\t\t\t\t\t\t                                    <div class=\"pcsl-item\">\n                                        <div class=\"pcsl-itemin\">\n                                            <div class=\"pcsl-iteminer\">\n\t\t\t\t\t\t\t\t\t\t\t\t\n\t\t\t\t\t\t\t\t\t\t\t\t                                                    <div class=\"pcsl-thumb\">\n\t\t\t\t\t\t\t\t\t\t\t\t\t\t\t\t\t\t\t\t\t\t\t\t\t\t\t\t                                                            <a  style=\"background-image:url(https:\/\/atl.org.mx\/wp-content\/uploads\/2021\/05\/agua_y_nines_espacio_divulgacion_imta-300x138.jpg)\" href=\"https:\/\/atl.org.mx\/index.php\/desde-la-nube-agua-ninez-y-el-planeta\/\"\n                                                               title=\"Desde la nube: Agua, ni\u00f1ez y el planeta\"\n                                                               class=\"penci-no-lazy penci-image-holder\" style=\"padding-bottom: 46.00000000%\">\n\t                                                                                                                        <\/a>\n\n                                                    <\/div>\n\t\t\t\t\t\t\t\t\t\t\t\t                                                <div class=\"pcsl-content\">\n\t\t\t\t\t\t\t\t\t\t\t\t\t\n\t\t\t\t\t\t\t\t\t\t\t\t\t                                                        <div class=\"pcsl-title\">\n                                                            <a href=\"https:\/\/atl.org.mx\/index.php\/desde-la-nube-agua-ninez-y-el-planeta\/\">Desde la nube: Agua, ni\u00f1ez y el planeta<\/a>\n                                                        <\/div>\n\t\t\t\t\t\t\t\t\t\t\t\t\t\n\t\t\t\t\t\t\t\t\t\t\t\t\t\n\t\t\t\t\t\t\t\t\t\t\t\t\t\t\t\t\t\t\t\t\t\t\t\t\t\t\n                                                <\/div>\n\n\t\t\t\t\t\t\t\t\t\t\t\t                                            <\/div>\n                                        <\/div>\n                                    <\/div>\n                                \t\t\t\t\t\t\t\t\t\t\t\t\t\t\t\t                        <\/div>\n\n\t\t\t\t\t\t\n                    <\/div>\n\t\t\t\t\t            <\/div>\n        <\/div>\n\t\t\t\t\t\t<\/div>\n\t\t\t\t<\/div>\n\t\t\t\t\t<\/div>\n\t\t<\/div>\n\t\t\t\t\t<\/div>\n\t\t<\/section>\n\t\t\t\t<\/div>\n\t\t","protected":false},"excerpt":{"rendered":"<p>El Espacio de divulgaci\u00f3n desde la nube, nace a partir de la necesidad de generar y compartir&nbsp; conocimiento h\u00eddrico. Generar y compartir&hellip;<\/p>\n","protected":false},"author":1,"featured_media":0,"parent":0,"menu_order":0,"comment_status":"closed","ping_status":"closed","template":"","meta":{"content-type":"","_lmt_disableupdate":"","_lmt_disable":"","footnotes":""},"class_list":["post-4529","page","type-page","status-publish","hentry"],"yoast_head":"<!-- This site is optimized with the Yoast SEO plugin v27.0 - https:\/\/yoast.com\/product\/yoast-seo-wordpress\/ -->\n<title>Espacio de divulgaci\u00f3n desde la nube - ATL el portal del agua de la C\u00e1tedra Unesco IMTA<\/title>\n<meta name=\"robots\" content=\"index, follow, max-snippet:-1, max-image-preview:large, max-video-preview:-1\" \/>\n<link rel=\"canonical\" href=\"https:\/\/atl.org.mx\/index.php\/espacio-de-divulgacion-desde-la-nube\/\" \/>\n<meta property=\"og:locale\" content=\"es_MX\" \/>\n<meta property=\"og:type\" content=\"article\" \/>\n<meta property=\"og:title\" content=\"Espacio de divulgaci\u00f3n desde la nube - ATL el portal del agua de la C\u00e1tedra Unesco IMTA\" \/>\n<meta property=\"og:description\" content=\"El Espacio de divulgaci\u00f3n desde la nube, nace a partir de la necesidad de generar y compartir&nbsp; conocimiento h\u00eddrico. Generar y compartir&hellip;\" \/>\n<meta property=\"og:url\" content=\"https:\/\/atl.org.mx\/index.php\/espacio-de-divulgacion-desde-la-nube\/\" \/>\n<meta property=\"og:site_name\" content=\"ATL el portal del agua de la C\u00e1tedra Unesco IMTA\" \/>\n<meta property=\"article:modified_time\" content=\"2024-02-22T15:23:15+00:00\" \/>\n<meta name=\"twitter:card\" content=\"summary_large_image\" \/>\n<meta name=\"twitter:label1\" content=\"Tiempo de lectura\" \/>\n\t<meta name=\"twitter:data1\" content=\"1 minuto\" \/>\n<script type=\"application\/ld+json\" class=\"yoast-schema-graph\">{\"@context\":\"https:\/\/schema.org\",\"@graph\":[{\"@type\":\"WebPage\",\"@id\":\"https:\/\/atl.org.mx\/index.php\/espacio-de-divulgacion-desde-la-nube\/\",\"url\":\"https:\/\/atl.org.mx\/index.php\/espacio-de-divulgacion-desde-la-nube\/\",\"name\":\"Espacio de divulgaci\u00f3n desde la nube - ATL el portal del agua de la C\u00e1tedra Unesco IMTA\",\"isPartOf\":{\"@id\":\"https:\/\/atl.org.mx\/#website\"},\"datePublished\":\"2021-03-25T06:14:56+00:00\",\"dateModified\":\"2024-02-22T15:23:15+00:00\",\"breadcrumb\":{\"@id\":\"https:\/\/atl.org.mx\/index.php\/espacio-de-divulgacion-desde-la-nube\/#breadcrumb\"},\"inLanguage\":\"es\",\"potentialAction\":[{\"@type\":\"ReadAction\",\"target\":[\"https:\/\/atl.org.mx\/index.php\/espacio-de-divulgacion-desde-la-nube\/\"]}]},{\"@type\":\"BreadcrumbList\",\"@id\":\"https:\/\/atl.org.mx\/index.php\/espacio-de-divulgacion-desde-la-nube\/#breadcrumb\",\"itemListElement\":[{\"@type\":\"ListItem\",\"position\":1,\"name\":\"Inicio\",\"item\":\"https:\/\/atl.org.mx\/\"},{\"@type\":\"ListItem\",\"position\":2,\"name\":\"Espacio de divulgaci\u00f3n desde la nube\"}]},{\"@type\":\"WebSite\",\"@id\":\"https:\/\/atl.org.mx\/#website\",\"url\":\"https:\/\/atl.org.mx\/\",\"name\":\"ATL el portal del agua de la C\u00e1tedra Unesco IMTA\",\"description\":\"C\u00e1tedra UNESCO-IMTA\",\"publisher\":{\"@id\":\"https:\/\/atl.org.mx\/#organization\"},\"potentialAction\":[{\"@type\":\"SearchAction\",\"target\":{\"@type\":\"EntryPoint\",\"urlTemplate\":\"https:\/\/atl.org.mx\/?s={search_term_string}\"},\"query-input\":{\"@type\":\"PropertyValueSpecification\",\"valueRequired\":true,\"valueName\":\"search_term_string\"}}],\"inLanguage\":\"es\"},{\"@type\":\"Organization\",\"@id\":\"https:\/\/atl.org.mx\/#organization\",\"name\":\"ATL el portal del agua de la C\u00e1tedra Unesco IMTA\",\"url\":\"https:\/\/atl.org.mx\/\",\"logo\":{\"@type\":\"ImageObject\",\"inLanguage\":\"es\",\"@id\":\"https:\/\/atl.org.mx\/#\/schema\/logo\/image\/\",\"url\":\"https:\/\/atl.org.mx\/wp-content\/uploads\/2023\/09\/logo_atl_catedra3.png\",\"contentUrl\":\"https:\/\/atl.org.mx\/wp-content\/uploads\/2023\/09\/logo_atl_catedra3.png\",\"width\":250,\"height\":151,\"caption\":\"ATL el portal del agua de la C\u00e1tedra Unesco IMTA\"},\"image\":{\"@id\":\"https:\/\/atl.org.mx\/#\/schema\/logo\/image\/\"}}]}<\/script>\n<!-- \/ Yoast SEO plugin. -->","yoast_head_json":{"title":"Espacio de divulgaci\u00f3n desde la nube - ATL el portal del agua de la C\u00e1tedra Unesco IMTA","robots":{"index":"index","follow":"follow","max-snippet":"max-snippet:-1","max-image-preview":"max-image-preview:large","max-video-preview":"max-video-preview:-1"},"canonical":"https:\/\/atl.org.mx\/index.php\/espacio-de-divulgacion-desde-la-nube\/","og_locale":"es_MX","og_type":"article","og_title":"Espacio de divulgaci\u00f3n desde la nube - ATL el portal del agua de la C\u00e1tedra Unesco IMTA","og_description":"El Espacio de divulgaci\u00f3n desde la nube, nace a partir de la necesidad de generar y compartir&nbsp; conocimiento h\u00eddrico. Generar y compartir&hellip;","og_url":"https:\/\/atl.org.mx\/index.php\/espacio-de-divulgacion-desde-la-nube\/","og_site_name":"ATL el portal del agua de la C\u00e1tedra Unesco IMTA","article_modified_time":"2024-02-22T15:23:15+00:00","twitter_card":"summary_large_image","twitter_misc":{"Tiempo de lectura":"1 minuto"},"schema":{"@context":"https:\/\/schema.org","@graph":[{"@type":"WebPage","@id":"https:\/\/atl.org.mx\/index.php\/espacio-de-divulgacion-desde-la-nube\/","url":"https:\/\/atl.org.mx\/index.php\/espacio-de-divulgacion-desde-la-nube\/","name":"Espacio de divulgaci\u00f3n desde la nube - ATL el portal del agua de la C\u00e1tedra Unesco IMTA","isPartOf":{"@id":"https:\/\/atl.org.mx\/#website"},"datePublished":"2021-03-25T06:14:56+00:00","dateModified":"2024-02-22T15:23:15+00:00","breadcrumb":{"@id":"https:\/\/atl.org.mx\/index.php\/espacio-de-divulgacion-desde-la-nube\/#breadcrumb"},"inLanguage":"es","potentialAction":[{"@type":"ReadAction","target":["https:\/\/atl.org.mx\/index.php\/espacio-de-divulgacion-desde-la-nube\/"]}]},{"@type":"BreadcrumbList","@id":"https:\/\/atl.org.mx\/index.php\/espacio-de-divulgacion-desde-la-nube\/#breadcrumb","itemListElement":[{"@type":"ListItem","position":1,"name":"Inicio","item":"https:\/\/atl.org.mx\/"},{"@type":"ListItem","position":2,"name":"Espacio de divulgaci\u00f3n desde la nube"}]},{"@type":"WebSite","@id":"https:\/\/atl.org.mx\/#website","url":"https:\/\/atl.org.mx\/","name":"ATL el portal del agua de la C\u00e1tedra Unesco IMTA","description":"C\u00e1tedra UNESCO-IMTA","publisher":{"@id":"https:\/\/atl.org.mx\/#organization"},"potentialAction":[{"@type":"SearchAction","target":{"@type":"EntryPoint","urlTemplate":"https:\/\/atl.org.mx\/?s={search_term_string}"},"query-input":{"@type":"PropertyValueSpecification","valueRequired":true,"valueName":"search_term_string"}}],"inLanguage":"es"},{"@type":"Organization","@id":"https:\/\/atl.org.mx\/#organization","name":"ATL el portal del agua de la C\u00e1tedra Unesco IMTA","url":"https:\/\/atl.org.mx\/","logo":{"@type":"ImageObject","inLanguage":"es","@id":"https:\/\/atl.org.mx\/#\/schema\/logo\/image\/","url":"https:\/\/atl.org.mx\/wp-content\/uploads\/2023\/09\/logo_atl_catedra3.png","contentUrl":"https:\/\/atl.org.mx\/wp-content\/uploads\/2023\/09\/logo_atl_catedra3.png","width":250,"height":151,"caption":"ATL el portal del agua de la C\u00e1tedra Unesco IMTA"},"image":{"@id":"https:\/\/atl.org.mx\/#\/schema\/logo\/image\/"}}]}},"_links":{"self":[{"href":"https:\/\/atl.org.mx\/index.php\/wp-json\/wp\/v2\/pages\/4529","targetHints":{"allow":["GET"]}}],"collection":[{"href":"https:\/\/atl.org.mx\/index.php\/wp-json\/wp\/v2\/pages"}],"about":[{"href":"https:\/\/atl.org.mx\/index.php\/wp-json\/wp\/v2\/types\/page"}],"author":[{"embeddable":true,"href":"https:\/\/atl.org.mx\/index.php\/wp-json\/wp\/v2\/users\/1"}],"replies":[{"embeddable":true,"href":"https:\/\/atl.org.mx\/index.php\/wp-json\/wp\/v2\/comments?post=4529"}],"version-history":[{"count":26,"href":"https:\/\/atl.org.mx\/index.php\/wp-json\/wp\/v2\/pages\/4529\/revisions"}],"predecessor-version":[{"id":7978,"href":"https:\/\/atl.org.mx\/index.php\/wp-json\/wp\/v2\/pages\/4529\/revisions\/7978"}],"wp:attachment":[{"href":"https:\/\/atl.org.mx\/index.php\/wp-json\/wp\/v2\/media?parent=4529"}],"curies":[{"name":"wp","href":"https:\/\/api.w.org\/{rel}","templated":true}]}}