{"id":4464,"date":"2021-03-19T02:44:12","date_gmt":"2021-03-19T02:44:12","guid":{"rendered":"http:\/\/187.189.183.96\/?page_id=4464"},"modified":"2024-01-08T16:17:12","modified_gmt":"2024-01-08T16:17:12","slug":"presentacion-de-la-catedra","status":"publish","type":"page","link":"https:\/\/atl.org.mx\/index.php\/presentacion-de-la-catedra\/","title":{"rendered":"Presentaci\u00f3n de la C\u00e1tedra"},"content":{"rendered":"<p>[vc_row wrap_container=&#8221;yes&#8221; remove_margin_top=&#8221;yes&#8221; remove_margin_bottom=&#8221;yes&#8221; remove_padding_bottom=&#8221;yes&#8221;][vc_column][vc_row_inner][vc_column_inner width=&#8221;1\/3&#8243;][vc_single_image image=&#8221;3807&#8243; img_size=&#8221;full&#8221; style=&#8221;vc_box_shadow_3d&#8221; onclick=&#8221;zoom&#8221; el_class=&#8221;mt-4&#8243; label=&#8221;&#8221; animation_type=&#8221;fadeOut&#8221;][\/vc_column_inner][vc_column_inner width=&#8221;2\/3&#8243;][vc_column_text]La sociedad del conocimiento es uno de los paradigmas dominantes del siglo XXI, y los recursos naturales \u2013el agua en especial \u2013 no pueden serle ajenos. En este contexto, el pasado 8 de julio del presente a\u00f1o, fue firmado con la Organizaci\u00f3n de las Naciones Unidas para la Educaci\u00f3n, la Ciencia y la Cultura (UNESCO), el Acuerdo relativo a la creaci\u00f3n de la C\u00e1tedra UNESCO \u201cEl Agua en la Sociedad del Conocimiento\u201d, con el Instituto Mexicano de Tecnolog\u00eda del Agua (IMTA).<\/p>\n<p>La Ceremonia de Instalaci\u00f3n de la C\u00e1tedra UNESCO-IMTA \u201cEl Agua en la Sociedad del Conocimiento\u201d, estuvo presidida por el C. Secretario de la SEMARNAT, Ing. Juan Rafael Elvira Quesada, el pasado 21 de Octubre del 2008 a las 10:00 horas, en el Auditorio Principal de las instalaciones del Instituto Mexicano de Tecnolog\u00eda del Agua, en Jiutepec, Morelos.<\/p>\n<p>[\/vc_column_text][\/vc_column_inner][\/vc_row_inner][vc_row_inner][vc_column_inner][vc_column_text]Las C\u00e1tedras UNESCO pertenecen a un programa, iniciado en el a\u00f1o 1992, concebido como un instrumento de creaci\u00f3n de capacidades mediante la transferencia de conocimientos y de aprovechamiento compartido del saber, que est\u00e1 contribuyendo directamente a la renovaci\u00f3n e internacionalizaci\u00f3n de la educaci\u00f3n superior y a los esquemas de cooperaci\u00f3n interdisciplinaria, intersectorial y de formaci\u00f3n de redes de investigaci\u00f3n en todos los campos del conocimiento.<\/p>\n<p>Las modalidades de participaci\u00f3n de las c\u00e1tedras se encuentran reguladas por la UNESCO, qui\u00e9n supervisa la realizaci\u00f3n de actividades y recibe informes de avance.<\/p>\n<p>Actualmente, existen en el mundo 780 c\u00e1tedras UNESCO en 134 pa\u00edses, algunas de ellas han evolucionado de tal forma que dan origen a centros completos de investigaci\u00f3n sobre un tema. En M\u00e9xico, se han aprobado s\u00f3lo 18 de ellas, en diversas instituciones, principalmente de educaci\u00f3n superior.<\/p>\n<p>Actividades: De manera anual se organiza un Seminario con un tema relacionado con el Agua y la sociedad del Conocimiento, con lo que buscamos acercar el conocimiento al p\u00fablico en general interesado en aprender m\u00e1s sobre dichos temas.<\/p>\n<p>De la misma forma, se utiliza el Portal Atl (<a href=\"#\">www.atl.org.mx<\/a>) como la principal herramienta de comunicaci\u00f3n de la C\u00e1tedra.<br \/>\n[\/vc_column_text][\/vc_column_inner][\/vc_row_inner][\/vc_column][\/vc_row]<\/p>\n","protected":false},"excerpt":{"rendered":"[vc_row wrap_container=\"yes\" remove_margin_top=\"yes\" remove_margin_bottom=\"yes\" remove_padding_bottom=\"yes\"][vc_column][vc_row_inner][vc_column_inner width=\"1\/3\"][vc_single_image image=\"3807\" img_size=\"full\" style=\"vc_box_shadow_3d\" onclick=\"zoom\" el_class=\"mt-4\" label=\"\" animation_type=\"fadeOut\"][\/vc_column_inner][vc_column_inner width=\"2\/3\"][vc_column_text]La sociedad del conocimiento es uno de los paradigmas&hellip;","protected":false},"author":1,"featured_media":0,"parent":0,"menu_order":0,"comment_status":"closed","ping_status":"closed","template":"","meta":{"content-type":"","_lmt_disableupdate":"","_lmt_disable":"","footnotes":""},"class_list":["post-4464","page","type-page","status-publish","hentry"],"yoast_head":"<!-- This site is optimized with the Yoast SEO plugin v27.0 - https:\/\/yoast.com\/product\/yoast-seo-wordpress\/ -->\n<title>Presentaci\u00f3n de la C\u00e1tedra - ATL el portal del agua de la C\u00e1tedra Unesco IMTA<\/title>\n<meta name=\"description\" content=\"La sociedad del conocimiento es uno de los paradigmas dominantes del siglo XXI, y los recursos naturales \u2013el agua en especial \u2013 no pueden serle ajenos.\" \/>\n<meta name=\"robots\" content=\"index, follow, max-snippet:-1, max-image-preview:large, max-video-preview:-1\" \/>\n<link rel=\"canonical\" href=\"https:\/\/atl.org.mx\/index.php\/presentacion-de-la-catedra\/\" \/>\n<meta property=\"og:locale\" content=\"es_MX\" \/>\n<meta property=\"og:type\" content=\"article\" \/>\n<meta property=\"og:title\" content=\"Presentaci\u00f3n de la C\u00e1tedra - ATL el portal del agua de la C\u00e1tedra Unesco IMTA\" \/>\n<meta property=\"og:description\" content=\"La sociedad del conocimiento es uno de los paradigmas dominantes del siglo XXI, y los recursos naturales \u2013el agua en especial \u2013 no pueden serle ajenos.\" \/>\n<meta property=\"og:url\" content=\"https:\/\/atl.org.mx\/index.php\/presentacion-de-la-catedra\/\" \/>\n<meta property=\"og:site_name\" content=\"ATL el portal del agua de la C\u00e1tedra Unesco IMTA\" \/>\n<meta property=\"article:modified_time\" content=\"2024-01-08T16:17:12+00:00\" \/>\n<meta name=\"twitter:card\" content=\"summary_large_image\" \/>\n<meta name=\"twitter:label1\" content=\"Tiempo de lectura\" \/>\n\t<meta name=\"twitter:data1\" content=\"1 minuto\" \/>\n<script type=\"application\/ld+json\" class=\"yoast-schema-graph\">{\"@context\":\"https:\/\/schema.org\",\"@graph\":[{\"@type\":\"WebPage\",\"@id\":\"https:\/\/atl.org.mx\/index.php\/presentacion-de-la-catedra\/\",\"url\":\"https:\/\/atl.org.mx\/index.php\/presentacion-de-la-catedra\/\",\"name\":\"Presentaci\u00f3n de la C\u00e1tedra - ATL el portal del agua de la C\u00e1tedra Unesco IMTA\",\"isPartOf\":{\"@id\":\"https:\/\/atl.org.mx\/#website\"},\"datePublished\":\"2021-03-19T02:44:12+00:00\",\"dateModified\":\"2024-01-08T16:17:12+00:00\",\"description\":\"La sociedad del conocimiento es uno de los paradigmas dominantes del siglo XXI, y los recursos naturales \u2013el agua en especial \u2013 no pueden serle ajenos.\",\"breadcrumb\":{\"@id\":\"https:\/\/atl.org.mx\/index.php\/presentacion-de-la-catedra\/#breadcrumb\"},\"inLanguage\":\"es\",\"potentialAction\":[{\"@type\":\"ReadAction\",\"target\":[\"https:\/\/atl.org.mx\/index.php\/presentacion-de-la-catedra\/\"]}]},{\"@type\":\"BreadcrumbList\",\"@id\":\"https:\/\/atl.org.mx\/index.php\/presentacion-de-la-catedra\/#breadcrumb\",\"itemListElement\":[{\"@type\":\"ListItem\",\"position\":1,\"name\":\"Inicio\",\"item\":\"https:\/\/atl.org.mx\/\"},{\"@type\":\"ListItem\",\"position\":2,\"name\":\"Presentaci\u00f3n de la C\u00e1tedra\"}]},{\"@type\":\"WebSite\",\"@id\":\"https:\/\/atl.org.mx\/#website\",\"url\":\"https:\/\/atl.org.mx\/\",\"name\":\"ATL el portal del agua de la C\u00e1tedra Unesco IMTA\",\"description\":\"C\u00e1tedra UNESCO-IMTA\",\"publisher\":{\"@id\":\"https:\/\/atl.org.mx\/#organization\"},\"potentialAction\":[{\"@type\":\"SearchAction\",\"target\":{\"@type\":\"EntryPoint\",\"urlTemplate\":\"https:\/\/atl.org.mx\/?s={search_term_string}\"},\"query-input\":{\"@type\":\"PropertyValueSpecification\",\"valueRequired\":true,\"valueName\":\"search_term_string\"}}],\"inLanguage\":\"es\"},{\"@type\":\"Organization\",\"@id\":\"https:\/\/atl.org.mx\/#organization\",\"name\":\"ATL el portal del agua de la C\u00e1tedra Unesco IMTA\",\"url\":\"https:\/\/atl.org.mx\/\",\"logo\":{\"@type\":\"ImageObject\",\"inLanguage\":\"es\",\"@id\":\"https:\/\/atl.org.mx\/#\/schema\/logo\/image\/\",\"url\":\"https:\/\/atl.org.mx\/wp-content\/uploads\/2023\/09\/logo_atl_catedra3.png\",\"contentUrl\":\"https:\/\/atl.org.mx\/wp-content\/uploads\/2023\/09\/logo_atl_catedra3.png\",\"width\":250,\"height\":151,\"caption\":\"ATL el portal del agua de la C\u00e1tedra Unesco IMTA\"},\"image\":{\"@id\":\"https:\/\/atl.org.mx\/#\/schema\/logo\/image\/\"}}]}<\/script>\n<!-- \/ Yoast SEO plugin. -->","yoast_head_json":{"title":"Presentaci\u00f3n de la C\u00e1tedra - ATL el portal del agua de la C\u00e1tedra Unesco IMTA","description":"La sociedad del conocimiento es uno de los paradigmas dominantes del siglo XXI, y los recursos naturales \u2013el agua en especial \u2013 no pueden serle ajenos.","robots":{"index":"index","follow":"follow","max-snippet":"max-snippet:-1","max-image-preview":"max-image-preview:large","max-video-preview":"max-video-preview:-1"},"canonical":"https:\/\/atl.org.mx\/index.php\/presentacion-de-la-catedra\/","og_locale":"es_MX","og_type":"article","og_title":"Presentaci\u00f3n de la C\u00e1tedra - ATL el portal del agua de la C\u00e1tedra Unesco IMTA","og_description":"La sociedad del conocimiento es uno de los paradigmas dominantes del siglo XXI, y los recursos naturales \u2013el agua en especial \u2013 no pueden serle ajenos.","og_url":"https:\/\/atl.org.mx\/index.php\/presentacion-de-la-catedra\/","og_site_name":"ATL el portal del agua de la C\u00e1tedra Unesco IMTA","article_modified_time":"2024-01-08T16:17:12+00:00","twitter_card":"summary_large_image","twitter_misc":{"Tiempo de lectura":"1 minuto"},"schema":{"@context":"https:\/\/schema.org","@graph":[{"@type":"WebPage","@id":"https:\/\/atl.org.mx\/index.php\/presentacion-de-la-catedra\/","url":"https:\/\/atl.org.mx\/index.php\/presentacion-de-la-catedra\/","name":"Presentaci\u00f3n de la C\u00e1tedra - ATL el portal del agua de la C\u00e1tedra Unesco IMTA","isPartOf":{"@id":"https:\/\/atl.org.mx\/#website"},"datePublished":"2021-03-19T02:44:12+00:00","dateModified":"2024-01-08T16:17:12+00:00","description":"La sociedad del conocimiento es uno de los paradigmas dominantes del siglo XXI, y los recursos naturales \u2013el agua en especial \u2013 no pueden serle ajenos.","breadcrumb":{"@id":"https:\/\/atl.org.mx\/index.php\/presentacion-de-la-catedra\/#breadcrumb"},"inLanguage":"es","potentialAction":[{"@type":"ReadAction","target":["https:\/\/atl.org.mx\/index.php\/presentacion-de-la-catedra\/"]}]},{"@type":"BreadcrumbList","@id":"https:\/\/atl.org.mx\/index.php\/presentacion-de-la-catedra\/#breadcrumb","itemListElement":[{"@type":"ListItem","position":1,"name":"Inicio","item":"https:\/\/atl.org.mx\/"},{"@type":"ListItem","position":2,"name":"Presentaci\u00f3n de la C\u00e1tedra"}]},{"@type":"WebSite","@id":"https:\/\/atl.org.mx\/#website","url":"https:\/\/atl.org.mx\/","name":"ATL el portal del agua de la C\u00e1tedra Unesco IMTA","description":"C\u00e1tedra UNESCO-IMTA","publisher":{"@id":"https:\/\/atl.org.mx\/#organization"},"potentialAction":[{"@type":"SearchAction","target":{"@type":"EntryPoint","urlTemplate":"https:\/\/atl.org.mx\/?s={search_term_string}"},"query-input":{"@type":"PropertyValueSpecification","valueRequired":true,"valueName":"search_term_string"}}],"inLanguage":"es"},{"@type":"Organization","@id":"https:\/\/atl.org.mx\/#organization","name":"ATL el portal del agua de la C\u00e1tedra Unesco IMTA","url":"https:\/\/atl.org.mx\/","logo":{"@type":"ImageObject","inLanguage":"es","@id":"https:\/\/atl.org.mx\/#\/schema\/logo\/image\/","url":"https:\/\/atl.org.mx\/wp-content\/uploads\/2023\/09\/logo_atl_catedra3.png","contentUrl":"https:\/\/atl.org.mx\/wp-content\/uploads\/2023\/09\/logo_atl_catedra3.png","width":250,"height":151,"caption":"ATL el portal del agua de la C\u00e1tedra Unesco IMTA"},"image":{"@id":"https:\/\/atl.org.mx\/#\/schema\/logo\/image\/"}}]}},"_links":{"self":[{"href":"https:\/\/atl.org.mx\/index.php\/wp-json\/wp\/v2\/pages\/4464","targetHints":{"allow":["GET"]}}],"collection":[{"href":"https:\/\/atl.org.mx\/index.php\/wp-json\/wp\/v2\/pages"}],"about":[{"href":"https:\/\/atl.org.mx\/index.php\/wp-json\/wp\/v2\/types\/page"}],"author":[{"embeddable":true,"href":"https:\/\/atl.org.mx\/index.php\/wp-json\/wp\/v2\/users\/1"}],"replies":[{"embeddable":true,"href":"https:\/\/atl.org.mx\/index.php\/wp-json\/wp\/v2\/comments?post=4464"}],"version-history":[{"count":19,"href":"https:\/\/atl.org.mx\/index.php\/wp-json\/wp\/v2\/pages\/4464\/revisions"}],"predecessor-version":[{"id":6412,"href":"https:\/\/atl.org.mx\/index.php\/wp-json\/wp\/v2\/pages\/4464\/revisions\/6412"}],"wp:attachment":[{"href":"https:\/\/atl.org.mx\/index.php\/wp-json\/wp\/v2\/media?parent=4464"}],"curies":[{"name":"wp","href":"https:\/\/api.w.org\/{rel}","templated":true}]}}