{"id":4394,"date":"2021-03-16T21:33:56","date_gmt":"2021-03-16T21:33:56","guid":{"rendered":"http:\/\/187.189.183.96\/?page_id=4394"},"modified":"2023-12-13T21:33:22","modified_gmt":"2023-12-13T21:33:22","slug":"meteorologia","status":"publish","type":"page","link":"https:\/\/atl.org.mx\/index.php\/meteorologia\/","title":{"rendered":"Meteorolog\u00eda"},"content":{"rendered":"\t\t<div data-elementor-type=\"wp-page\" data-elementor-id=\"4394\" class=\"elementor elementor-4394\">\n\t\t\t\t\t\t<section class=\"penci-section penci-disSticky penci-structure-10 elementor-section elementor-top-section elementor-element elementor-element-a2c6a55 elementor-section-boxed elementor-section-height-default elementor-section-height-default\" data-id=\"a2c6a55\" data-element_type=\"section\" data-e-type=\"section\">\n\t\t\t\t\t\t<div class=\"elementor-container elementor-column-gap-default\">\n\t\t\t\t\t<div class=\"penci-ercol-100 penci-ercol-order-1 penci-sticky-ct    elementor-column elementor-col-100 elementor-top-column elementor-element elementor-element-0ef95cb\" data-id=\"0ef95cb\" data-element_type=\"column\" data-e-type=\"column\">\n\t\t\t<div class=\"elementor-widget-wrap elementor-element-populated\">\n\t\t\t\t\t\t<div class=\"elementor-element elementor-element-9e36d74 elementor-widget elementor-widget-penci-big-grid\" data-id=\"9e36d74\" data-element_type=\"widget\" data-e-type=\"widget\" data-widget_type=\"penci-big-grid.default\">\n\t\t\t\t<div class=\"elementor-widget-container\">\n\t\t\t\t\t        <div class=\"penci-clearfix penci-biggrid-wrapper penci-bgrid-based-post penci-bgrid-style-20 pcbg-ficonpo-top-right pcbg-reiconpo-top-left penci-bgrid-content-on pencibg-imageh-zoom-in pencibg-texth-none pencibg-textani-movetop textop pencipw-hd-text\">\n\t\t\t            <div class=\"penci-clearfix penci-biggrid penci-bgstyle-20 penci-bgel\">\n                <div class=\"penci-biggrid-inner default\">\n\t\t\t\t\t<div class=\"penci-big-grid-ajax-data\"><div class=\"penci-clearfix penci-biggrid-data penci-dblock penci-fixh\"><div class=\"penci-bgitem pcbg-big-item bgitem-1\">\n    <div class=\"penci-bgitin\">\n        <div class=\"penci-bgmain\">\n            <div class=\"pcbg-thumb\">\n\t\t\t\t\t\t\t\t                <div class=\"pcbg-thumbin\">\n                    <a class=\"pcbg-bgoverlay\"\n                       href=\"https:\/\/atl.org.mx\/index.php\/los-huracanes-y-sus-beneficios\/\" title=\"Los huracanes y sus beneficios\"><\/a>\n\n                        <div  data-bgset=\"https:\/\/atl.org.mx\/wp-content\/uploads\/2021\/03\/Los_huracanes_y_sus_beneficios.jpg\" data_bg_hidpi=\"https:\/\/atl.org.mx\/wp-content\/uploads\/2021\/03\/Los_huracanes_y_sus_beneficios.jpg\" class=\"penci-lazy penci-image-holder\">\n                                                    <\/div>\n\n                <\/div>\n            <\/div>\n            <div class=\"pcbg-content\">\n                <div class=\"pcbg-content-flex\">\n                    <a class=\"pcbg-bgoverlay active-overlay\"\n                       href=\"https:\/\/atl.org.mx\/index.php\/los-huracanes-y-sus-beneficios\/\" title=\"Los huracanes y sus beneficios\"><\/a>\n                    <div class=\"pcbg-content-inner bgcontent-block\">\n                        <a href=\"https:\/\/atl.org.mx\/index.php\/los-huracanes-y-sus-beneficios\/\" title=\"Los huracanes y sus beneficios\"\n                           class=\"pcbg-bgoverlaytext item-hover\"><\/a>\n\n\t\t\t\t\t\t                            <div class=\"pcbg-above item-hover\">\n\t\t\t\t\t\t\t<span class=\"cat pcbg-sub-title\">\n\t\t\t\t\t\t\t\t<a style=\"\" class=\"penci-cat-name penci-cat-68\" href=\"https:\/\/atl.org.mx\/index.php\/category\/agua\/meteorologia\/\"  rel=\"category tag\"><span style=\"\">Meteorologia<\/span><\/a>\t\t\t\t\t\t\t<\/span>\n                            <\/div>\n\t\t\t\t\t\t\n\t\t\t\t\t\t                            <div class=\"pcbg-heading item-hover\">\n                                <h3 class=\"pcbg-title\">\n                                    <a href=\"https:\/\/atl.org.mx\/index.php\/los-huracanes-y-sus-beneficios\/\">\n\t\t\t\t\t\t\t\t\t\tLos huracanes y sus beneficios                                    <\/a>\n                                <\/h3>\n                            <\/div>\n\t\t\t\t\t\t\n\t\t\t\t\t\t\n\t\t\t\t\t\t                    <\/div>\n                <\/div>\n            <\/div>\n        <\/div>\n    <\/div>\n<\/div>\n<div class=\"penci-bgitem bgitem-2\">\n    <div class=\"penci-bgitin\">\n        <div class=\"penci-bgmain\">\n            <div class=\"pcbg-thumb\">\n\t\t\t\t\t\t\t\t                <div class=\"pcbg-thumbin\">\n                    <a class=\"pcbg-bgoverlay\"\n                       href=\"https:\/\/atl.org.mx\/index.php\/que-es-un-huracan\/\" title=\"\u00bfQu\u00e9 es un hurac\u00e1n?\"><\/a>\n\n                        <div  data-bgset=\"https:\/\/atl.org.mx\/wp-content\/uploads\/2021\/03\/Que_es_un_huracan.jpg\" data_bg_hidpi=\"https:\/\/atl.org.mx\/wp-content\/uploads\/2021\/03\/Que_es_un_huracan.jpg\" class=\"penci-lazy penci-image-holder\">\n                                                    <\/div>\n\n                <\/div>\n            <\/div>\n            <div class=\"pcbg-content\">\n                <div class=\"pcbg-content-flex\">\n                    <a class=\"pcbg-bgoverlay active-overlay\"\n                       href=\"https:\/\/atl.org.mx\/index.php\/que-es-un-huracan\/\" title=\"\u00bfQu\u00e9 es un hurac\u00e1n?\"><\/a>\n                    <div class=\"pcbg-content-inner bgcontent-block\">\n                        <a href=\"https:\/\/atl.org.mx\/index.php\/que-es-un-huracan\/\" title=\"\u00bfQu\u00e9 es un hurac\u00e1n?\"\n                           class=\"pcbg-bgoverlaytext item-hover\"><\/a>\n\n\t\t\t\t\t\t\n\t\t\t\t\t\t                            <div class=\"pcbg-heading item-hover\">\n                                <h3 class=\"pcbg-title\">\n                                    <a href=\"https:\/\/atl.org.mx\/index.php\/que-es-un-huracan\/\">\n\t\t\t\t\t\t\t\t\t\t\u00bfQu\u00e9 es un hurac\u00e1n?                                    <\/a>\n                                <\/h3>\n                            <\/div>\n\t\t\t\t\t\t\n\t\t\t\t\t\t\n\t\t\t\t\t\t                    <\/div>\n                <\/div>\n            <\/div>\n        <\/div>\n    <\/div>\n<\/div>\n<div class=\"penci-bgitem bgitem-3\">\n    <div class=\"penci-bgitin\">\n        <div class=\"penci-bgmain\">\n            <div class=\"pcbg-thumb\">\n\t\t\t\t\t\t\t\t                <div class=\"pcbg-thumbin\">\n                    <a class=\"pcbg-bgoverlay\"\n                       href=\"https:\/\/atl.org.mx\/index.php\/que-son-las-sequias\/\" title=\"\u00bfQu\u00e9 son las sequ\u00edas?\"><\/a>\n\n                        <div  data-bgset=\"https:\/\/atl.org.mx\/wp-content\/uploads\/2021\/03\/Que_son_las_sequias.jpg\" data_bg_hidpi=\"https:\/\/atl.org.mx\/wp-content\/uploads\/2021\/03\/Que_son_las_sequias.jpg\" class=\"penci-lazy penci-image-holder\">\n                                                    <\/div>\n\n                <\/div>\n            <\/div>\n            <div class=\"pcbg-content\">\n                <div class=\"pcbg-content-flex\">\n                    <a class=\"pcbg-bgoverlay active-overlay\"\n                       href=\"https:\/\/atl.org.mx\/index.php\/que-son-las-sequias\/\" title=\"\u00bfQu\u00e9 son las sequ\u00edas?\"><\/a>\n                    <div class=\"pcbg-content-inner bgcontent-block\">\n                        <a href=\"https:\/\/atl.org.mx\/index.php\/que-son-las-sequias\/\" title=\"\u00bfQu\u00e9 son las sequ\u00edas?\"\n                           class=\"pcbg-bgoverlaytext item-hover\"><\/a>\n\n\t\t\t\t\t\t\n\t\t\t\t\t\t                            <div class=\"pcbg-heading item-hover\">\n                                <h3 class=\"pcbg-title\">\n                                    <a href=\"https:\/\/atl.org.mx\/index.php\/que-son-las-sequias\/\">\n\t\t\t\t\t\t\t\t\t\t\u00bfQu\u00e9 son las sequ\u00edas?                                    <\/a>\n                                <\/h3>\n                            <\/div>\n\t\t\t\t\t\t\n\t\t\t\t\t\t\n\t\t\t\t\t\t                    <\/div>\n                <\/div>\n            <\/div>\n        <\/div>\n    <\/div>\n<\/div>\n<div class=\"penci-bgitem bgitem-4\">\n    <div class=\"penci-bgitin\">\n        <div class=\"penci-bgmain\">\n            <div class=\"pcbg-thumb\">\n\t\t\t\t\t\t\t\t                <div class=\"pcbg-thumbin\">\n                    <a class=\"pcbg-bgoverlay\"\n                       href=\"https:\/\/atl.org.mx\/index.php\/que-es-la-canicula\/\" title=\"\u00bfQu\u00e9 es la can\u00edcula?\"><\/a>\n\n                        <div  data-bgset=\"https:\/\/atl.org.mx\/wp-content\/uploads\/2021\/03\/Que_es_la_canicula.jpg\" data_bg_hidpi=\"https:\/\/atl.org.mx\/wp-content\/uploads\/2021\/03\/Que_es_la_canicula.jpg\" class=\"penci-lazy penci-image-holder\">\n                                                    <\/div>\n\n                <\/div>\n            <\/div>\n            <div class=\"pcbg-content\">\n                <div class=\"pcbg-content-flex\">\n                    <a class=\"pcbg-bgoverlay active-overlay\"\n                       href=\"https:\/\/atl.org.mx\/index.php\/que-es-la-canicula\/\" title=\"\u00bfQu\u00e9 es la can\u00edcula?\"><\/a>\n                    <div class=\"pcbg-content-inner bgcontent-block\">\n                        <a href=\"https:\/\/atl.org.mx\/index.php\/que-es-la-canicula\/\" title=\"\u00bfQu\u00e9 es la can\u00edcula?\"\n                           class=\"pcbg-bgoverlaytext item-hover\"><\/a>\n\n\t\t\t\t\t\t\n\t\t\t\t\t\t                            <div class=\"pcbg-heading item-hover\">\n                                <h3 class=\"pcbg-title\">\n                                    <a href=\"https:\/\/atl.org.mx\/index.php\/que-es-la-canicula\/\">\n\t\t\t\t\t\t\t\t\t\t\u00bfQu\u00e9 es la can\u00edcula?                                    <\/a>\n                                <\/h3>\n                            <\/div>\n\t\t\t\t\t\t\n\t\t\t\t\t\t\n\t\t\t\t\t\t                    <\/div>\n                <\/div>\n            <\/div>\n        <\/div>\n    <\/div>\n<\/div>\n<\/div><\/div>                <\/div>\n\t\t\t\t            <\/div>\n        <\/div>\n\t\t\t\t\t\t<\/div>\n\t\t\t\t<\/div>\n\t\t\t\t\t<\/div>\n\t\t<\/div>\n\t\t\t\t\t<\/div>\n\t\t<\/section>\n\t\t\t\t<\/div>\n\t\t","protected":false},"excerpt":{"rendered":"<p>Bookmark Meteorologia Los huracanes y sus beneficios Bookmark \u00bfQu\u00e9 es un hurac\u00e1n? Bookmark \u00bfQu\u00e9 son las sequ\u00edas? Bookmark \u00bfQu\u00e9 es la can\u00edcula?<\/p>\n","protected":false},"author":1,"featured_media":0,"parent":0,"menu_order":0,"comment_status":"closed","ping_status":"closed","template":"","meta":{"content-type":"","_lmt_disableupdate":"","_lmt_disable":"","footnotes":""},"class_list":["post-4394","page","type-page","status-publish","hentry"],"yoast_head":"<!-- This site is optimized with the Yoast SEO plugin v27.0 - https:\/\/yoast.com\/product\/yoast-seo-wordpress\/ -->\n<title>Meteorolog\u00eda - ATL el portal del agua de la C\u00e1tedra Unesco IMTA<\/title>\n<meta name=\"description\" content=\"La meteorolog\u00eda es la ciencia interdisciplinaria, de la f\u00edsica de la atm\u00f3sfera, que estudia el estado del tiempo, el medio atmosf\u00e9rico, los fen\u00f3menos producidos y las leyes que lo rigen.\" \/>\n<meta name=\"robots\" content=\"index, follow, max-snippet:-1, max-image-preview:large, max-video-preview:-1\" \/>\n<link rel=\"canonical\" href=\"https:\/\/atl.org.mx\/index.php\/meteorologia\/\" \/>\n<meta property=\"og:locale\" content=\"es_MX\" \/>\n<meta property=\"og:type\" content=\"article\" \/>\n<meta property=\"og:title\" content=\"Meteorolog\u00eda - ATL el portal del agua de la C\u00e1tedra Unesco IMTA\" \/>\n<meta property=\"og:description\" content=\"La meteorolog\u00eda es la ciencia interdisciplinaria, de la f\u00edsica de la atm\u00f3sfera, que estudia el estado del tiempo, el medio atmosf\u00e9rico, los fen\u00f3menos producidos y las leyes que lo rigen.\" \/>\n<meta property=\"og:url\" content=\"https:\/\/atl.org.mx\/index.php\/meteorologia\/\" \/>\n<meta property=\"og:site_name\" content=\"ATL el portal del agua de la C\u00e1tedra Unesco IMTA\" \/>\n<meta property=\"article:modified_time\" content=\"2023-12-13T21:33:22+00:00\" \/>\n<meta name=\"twitter:card\" content=\"summary_large_image\" \/>\n<meta name=\"twitter:label1\" content=\"Tiempo de lectura\" \/>\n\t<meta name=\"twitter:data1\" content=\"1 minuto\" \/>\n<script type=\"application\/ld+json\" class=\"yoast-schema-graph\">{\"@context\":\"https:\/\/schema.org\",\"@graph\":[{\"@type\":\"WebPage\",\"@id\":\"https:\/\/atl.org.mx\/index.php\/meteorologia\/\",\"url\":\"https:\/\/atl.org.mx\/index.php\/meteorologia\/\",\"name\":\"Meteorolog\u00eda - ATL el portal del agua de la C\u00e1tedra Unesco IMTA\",\"isPartOf\":{\"@id\":\"https:\/\/atl.org.mx\/#website\"},\"datePublished\":\"2021-03-16T21:33:56+00:00\",\"dateModified\":\"2023-12-13T21:33:22+00:00\",\"description\":\"La meteorolog\u00eda es la ciencia interdisciplinaria, de la f\u00edsica de la atm\u00f3sfera, que estudia el estado del tiempo, el medio atmosf\u00e9rico, los fen\u00f3menos producidos y las leyes que lo rigen.\",\"breadcrumb\":{\"@id\":\"https:\/\/atl.org.mx\/index.php\/meteorologia\/#breadcrumb\"},\"inLanguage\":\"es\",\"potentialAction\":[{\"@type\":\"ReadAction\",\"target\":[\"https:\/\/atl.org.mx\/index.php\/meteorologia\/\"]}]},{\"@type\":\"BreadcrumbList\",\"@id\":\"https:\/\/atl.org.mx\/index.php\/meteorologia\/#breadcrumb\",\"itemListElement\":[{\"@type\":\"ListItem\",\"position\":1,\"name\":\"Inicio\",\"item\":\"https:\/\/atl.org.mx\/\"},{\"@type\":\"ListItem\",\"position\":2,\"name\":\"Meteorolog\u00eda\"}]},{\"@type\":\"WebSite\",\"@id\":\"https:\/\/atl.org.mx\/#website\",\"url\":\"https:\/\/atl.org.mx\/\",\"name\":\"ATL el portal del agua de la C\u00e1tedra Unesco IMTA\",\"description\":\"C\u00e1tedra UNESCO-IMTA\",\"publisher\":{\"@id\":\"https:\/\/atl.org.mx\/#organization\"},\"potentialAction\":[{\"@type\":\"SearchAction\",\"target\":{\"@type\":\"EntryPoint\",\"urlTemplate\":\"https:\/\/atl.org.mx\/?s={search_term_string}\"},\"query-input\":{\"@type\":\"PropertyValueSpecification\",\"valueRequired\":true,\"valueName\":\"search_term_string\"}}],\"inLanguage\":\"es\"},{\"@type\":\"Organization\",\"@id\":\"https:\/\/atl.org.mx\/#organization\",\"name\":\"ATL el portal del agua de la C\u00e1tedra Unesco IMTA\",\"url\":\"https:\/\/atl.org.mx\/\",\"logo\":{\"@type\":\"ImageObject\",\"inLanguage\":\"es\",\"@id\":\"https:\/\/atl.org.mx\/#\/schema\/logo\/image\/\",\"url\":\"https:\/\/atl.org.mx\/wp-content\/uploads\/2023\/09\/logo_atl_catedra3.png\",\"contentUrl\":\"https:\/\/atl.org.mx\/wp-content\/uploads\/2023\/09\/logo_atl_catedra3.png\",\"width\":250,\"height\":151,\"caption\":\"ATL el portal del agua de la C\u00e1tedra Unesco IMTA\"},\"image\":{\"@id\":\"https:\/\/atl.org.mx\/#\/schema\/logo\/image\/\"}}]}<\/script>\n<!-- \/ Yoast SEO plugin. -->","yoast_head_json":{"title":"Meteorolog\u00eda - ATL el portal del agua de la C\u00e1tedra Unesco IMTA","description":"La meteorolog\u00eda es la ciencia interdisciplinaria, de la f\u00edsica de la atm\u00f3sfera, que estudia el estado del tiempo, el medio atmosf\u00e9rico, los fen\u00f3menos producidos y las leyes que lo rigen.","robots":{"index":"index","follow":"follow","max-snippet":"max-snippet:-1","max-image-preview":"max-image-preview:large","max-video-preview":"max-video-preview:-1"},"canonical":"https:\/\/atl.org.mx\/index.php\/meteorologia\/","og_locale":"es_MX","og_type":"article","og_title":"Meteorolog\u00eda - ATL el portal del agua de la C\u00e1tedra Unesco IMTA","og_description":"La meteorolog\u00eda es la ciencia interdisciplinaria, de la f\u00edsica de la atm\u00f3sfera, que estudia el estado del tiempo, el medio atmosf\u00e9rico, los fen\u00f3menos producidos y las leyes que lo rigen.","og_url":"https:\/\/atl.org.mx\/index.php\/meteorologia\/","og_site_name":"ATL el portal del agua de la C\u00e1tedra Unesco IMTA","article_modified_time":"2023-12-13T21:33:22+00:00","twitter_card":"summary_large_image","twitter_misc":{"Tiempo de lectura":"1 minuto"},"schema":{"@context":"https:\/\/schema.org","@graph":[{"@type":"WebPage","@id":"https:\/\/atl.org.mx\/index.php\/meteorologia\/","url":"https:\/\/atl.org.mx\/index.php\/meteorologia\/","name":"Meteorolog\u00eda - ATL el portal del agua de la C\u00e1tedra Unesco IMTA","isPartOf":{"@id":"https:\/\/atl.org.mx\/#website"},"datePublished":"2021-03-16T21:33:56+00:00","dateModified":"2023-12-13T21:33:22+00:00","description":"La meteorolog\u00eda es la ciencia interdisciplinaria, de la f\u00edsica de la atm\u00f3sfera, que estudia el estado del tiempo, el medio atmosf\u00e9rico, los fen\u00f3menos producidos y las leyes que lo rigen.","breadcrumb":{"@id":"https:\/\/atl.org.mx\/index.php\/meteorologia\/#breadcrumb"},"inLanguage":"es","potentialAction":[{"@type":"ReadAction","target":["https:\/\/atl.org.mx\/index.php\/meteorologia\/"]}]},{"@type":"BreadcrumbList","@id":"https:\/\/atl.org.mx\/index.php\/meteorologia\/#breadcrumb","itemListElement":[{"@type":"ListItem","position":1,"name":"Inicio","item":"https:\/\/atl.org.mx\/"},{"@type":"ListItem","position":2,"name":"Meteorolog\u00eda"}]},{"@type":"WebSite","@id":"https:\/\/atl.org.mx\/#website","url":"https:\/\/atl.org.mx\/","name":"ATL el portal del agua de la C\u00e1tedra Unesco IMTA","description":"C\u00e1tedra UNESCO-IMTA","publisher":{"@id":"https:\/\/atl.org.mx\/#organization"},"potentialAction":[{"@type":"SearchAction","target":{"@type":"EntryPoint","urlTemplate":"https:\/\/atl.org.mx\/?s={search_term_string}"},"query-input":{"@type":"PropertyValueSpecification","valueRequired":true,"valueName":"search_term_string"}}],"inLanguage":"es"},{"@type":"Organization","@id":"https:\/\/atl.org.mx\/#organization","name":"ATL el portal del agua de la C\u00e1tedra Unesco IMTA","url":"https:\/\/atl.org.mx\/","logo":{"@type":"ImageObject","inLanguage":"es","@id":"https:\/\/atl.org.mx\/#\/schema\/logo\/image\/","url":"https:\/\/atl.org.mx\/wp-content\/uploads\/2023\/09\/logo_atl_catedra3.png","contentUrl":"https:\/\/atl.org.mx\/wp-content\/uploads\/2023\/09\/logo_atl_catedra3.png","width":250,"height":151,"caption":"ATL el portal del agua de la C\u00e1tedra Unesco IMTA"},"image":{"@id":"https:\/\/atl.org.mx\/#\/schema\/logo\/image\/"}}]}},"_links":{"self":[{"href":"https:\/\/atl.org.mx\/index.php\/wp-json\/wp\/v2\/pages\/4394","targetHints":{"allow":["GET"]}}],"collection":[{"href":"https:\/\/atl.org.mx\/index.php\/wp-json\/wp\/v2\/pages"}],"about":[{"href":"https:\/\/atl.org.mx\/index.php\/wp-json\/wp\/v2\/types\/page"}],"author":[{"embeddable":true,"href":"https:\/\/atl.org.mx\/index.php\/wp-json\/wp\/v2\/users\/1"}],"replies":[{"embeddable":true,"href":"https:\/\/atl.org.mx\/index.php\/wp-json\/wp\/v2\/comments?post=4394"}],"version-history":[{"count":9,"href":"https:\/\/atl.org.mx\/index.php\/wp-json\/wp\/v2\/pages\/4394\/revisions"}],"predecessor-version":[{"id":6146,"href":"https:\/\/atl.org.mx\/index.php\/wp-json\/wp\/v2\/pages\/4394\/revisions\/6146"}],"wp:attachment":[{"href":"https:\/\/atl.org.mx\/index.php\/wp-json\/wp\/v2\/media?parent=4394"}],"curies":[{"name":"wp","href":"https:\/\/api.w.org\/{rel}","templated":true}]}}