{"id":3888,"date":"2021-03-02T23:48:59","date_gmt":"2021-03-02T23:48:59","guid":{"rendered":"http:\/\/localhost\/tienda\/?page_id=3888"},"modified":"2021-03-16T13:52:19","modified_gmt":"2021-03-16T13:52:19","slug":"que-es-una-cuenca","status":"publish","type":"page","link":"https:\/\/atl.org.mx\/index.php\/que-es-una-cuenca\/","title":{"rendered":"\u00bfQu\u00e9 es una cuenca?"},"content":{"rendered":"<p>[vc_row][vc_column][vc_custom_heading text=&#8221;\u00bfQu\u00e9 es una cuenca?&#8221; use_theme_fonts=&#8221;yes&#8221;][vc_column_text css_animation=&#8221;fadeInUp&#8221;]<img fetchpriority=\"high\" decoding=\"async\" class=\"alignleft wp-image-3889 \" src=\"http:\/\/localhost\/tienda\/wp-content\/uploads\/2021\/03\/que_es_una_cuenca_hidrografica.jpg\" alt=\"\u00bfQu\u00e9 es una cuenca?\" width=\"415\" height=\"414\" srcset=\"https:\/\/atl.org.mx\/wp-content\/uploads\/2021\/03\/que_es_una_cuenca_hidrografica.jpg 579w, https:\/\/atl.org.mx\/wp-content\/uploads\/2021\/03\/que_es_una_cuenca_hidrografica-300x300.jpg 300w, https:\/\/atl.org.mx\/wp-content\/uploads\/2021\/03\/que_es_una_cuenca_hidrografica-150x150.jpg 150w, https:\/\/atl.org.mx\/wp-content\/uploads\/2021\/03\/que_es_una_cuenca_hidrografica-400x399.jpg 400w, https:\/\/atl.org.mx\/wp-content\/uploads\/2021\/03\/que_es_una_cuenca_hidrografica-560x560.jpg 560w, https:\/\/atl.org.mx\/wp-content\/uploads\/2021\/03\/que_es_una_cuenca_hidrografica-367x367.jpg 367w, https:\/\/atl.org.mx\/wp-content\/uploads\/2021\/03\/que_es_una_cuenca_hidrografica-85x85.jpg 85w, https:\/\/atl.org.mx\/wp-content\/uploads\/2021\/03\/que_es_una_cuenca_hidrografica-32x32.jpg 32w\" sizes=\"(max-width: 415px) 100vw, 415px\" \/>Una cuenca es un territorio cuyas aguas fluyen todas hacia un mismo r\u00edo, lago o mar, y a esta clase de cuencas se les llama \u201ccuencas hidrogr\u00e1ficas\u201d.<\/p>\n<p>Una cuenca hidrogr\u00e1fica es una zona de la superficie terrestre en donde (si fuera impermeable) las gotas de lluvia que caen sobre ella tienden a ser drenadas por el sistema de corrientes hacia un mismo punto de salida.<\/p>\n<p>Es decir, es una especie de \u201cembudo\u201d del territorio por el que escurre el agua desde las partes altas, hasta llegar a un punto en com\u00fan, de donde sale el toda el agua que fluye hacia otro lado.<\/p>\n<p>Respecto a los l\u00edmites de una cuenca, estos constituyen lo que se conoce como \u201cparteaguas\u201d o \u201cdivisorias de aguas\u201d, es decir, las l\u00edneas imaginarias que une las crestas de las elevaciones de terreno por cuyas laderas escurre el agua hacia el cauce principal de salida de la propia cuenca, o hacia su centro, en caso de ser cerrada. As\u00ed, en vez de ser un \u201cembudo\u201d, una cuenca cerrada es m\u00e1s bien como una \u201ccuchara\u201d.<\/p>\n<p><strong>Tipos de cuenca hidrogr\u00e1fica<\/strong><\/p>\n<p>Cuando una cuenca tiene una o m\u00e1s salidas de agua hacia un caudal mayor o hacia un lago o hacia el mar, se dice que es \u201cabierta\u201d o \u201cexorreica\u201d. En M\u00e9xico, por ejemplo, los r\u00edos Lerma, Balsas, Bravo, P\u00e1nuco, Grijalva, Usumacinta, Mayo y Yaqui, entre otros.<\/p>\n<p>Si no tiene ninguna salida, se califica de \u201ccerrada\u201d o \u201cendorreica\u201d y por lo general da origen a un lago, si la impermeabilidad del suelo se lo permite. Por ejemplo, la cuenca del valle de M\u00e9xico y el lago de P\u00e1tzcuaro, en Michoac\u00e1n, son de esta clase.<\/p>\n<p>Tambi\u00e9n existen las cuencas llamadas \u201ccriptorreicas\u201d, que fluyen subterr\u00e1neamente, como sucede en la pen\u00ednsula de Yucat\u00e1n, cuyos suelos con cal permiten una infiltraci\u00f3n casi inmediata de la lluvia y la formaci\u00f3n de corrientes subterr\u00e1neas.<\/p>\n<p>Las cuencas arreicas son aquellas en que las aguas se evaporan o filtran en el terreno antes de encauzarse en una red de drenaje. Los arroyos y riachuelos son de este tipo, ya que no desaguan en ning\u00fan r\u00edo u otro cuerpo hidrogr\u00e1fico de importancia.<\/p>\n<p>Dentro de una cuenca puede haber una o m\u00e1s subcuencas, y varias microcuencas, cuyas salidas secundarias llegan finalmente al cauce principal de salida, o a un punto determinado de la misma.<\/p>\n<p>Se considera que una cuenca abarca un territorio mayor a 50 000 hect\u00e1reas, mientras que una subcuenca, entre 5 000 y 50 000, y una microcuenca menos de 5 000 hect\u00e1reas.<\/p>\n<p>Asimismo, la cuenca hidrogr\u00e1fica se compone de tres partes: alta, media y baja. La cuenca alta corresponde a las \u00e1reas monta\u00f1osas o cabeceras de los cerros, limitadas en su parte superior por los parteaguas o las divisorias de aguas. La cuenca media es donde se juntan las aguas recogidas en las partes altas y en la que el r\u00edo principal mantiene un cauce definido. En la cuenca baja el r\u00edo desemboca a r\u00edos mayores o en estuarios o humedales.[\/vc_column_text][\/vc_column][\/vc_row]<\/p>\n","protected":false},"excerpt":{"rendered":"[vc_row][vc_column][vc_custom_heading text=\"\u00bfQu\u00e9 es una cuenca?\" use_theme_fonts=\"yes\"][vc_column_text css_animation=\"fadeInUp\"]Una cuenca es un territorio cuyas aguas fluyen todas hacia un mismo r\u00edo, lago o mar,&hellip;","protected":false},"author":1,"featured_media":0,"parent":0,"menu_order":0,"comment_status":"closed","ping_status":"closed","template":"","meta":{"content-type":"","_lmt_disableupdate":"","_lmt_disable":"","footnotes":""},"class_list":["post-3888","page","type-page","status-publish","hentry"],"yoast_head":"<!-- This site is optimized with the Yoast SEO plugin v27.0 - https:\/\/yoast.com\/product\/yoast-seo-wordpress\/ -->\n<title>\u00bfQu\u00e9 es una cuenca? - ATL el portal del agua de la C\u00e1tedra Unesco IMTA<\/title>\n<meta name=\"description\" content=\"Una cuenca es un territorio cuyas aguas fluyen todas hacia un mismo r\u00edo, lago o mar, y a esta clase de cuencas se les llama \u201ccuencas hidrogr\u00e1ficas\u201d.\" \/>\n<meta name=\"robots\" content=\"index, follow, max-snippet:-1, max-image-preview:large, max-video-preview:-1\" \/>\n<link rel=\"canonical\" href=\"https:\/\/atl.org.mx\/index.php\/que-es-una-cuenca\/amp\/\" \/>\n<meta property=\"og:locale\" content=\"es_MX\" \/>\n<meta property=\"og:type\" content=\"article\" \/>\n<meta property=\"og:title\" content=\"\u00bfQu\u00e9 es una cuenca? - ATL el portal del agua de la C\u00e1tedra Unesco IMTA\" \/>\n<meta property=\"og:description\" content=\"Una cuenca es un territorio cuyas aguas fluyen todas hacia un mismo r\u00edo, lago o mar, y a esta clase de cuencas se les llama \u201ccuencas hidrogr\u00e1ficas\u201d.\" \/>\n<meta property=\"og:url\" content=\"https:\/\/atl.org.mx\/index.php\/que-es-una-cuenca\/amp\/\" \/>\n<meta property=\"og:site_name\" content=\"ATL el portal del agua de la C\u00e1tedra Unesco IMTA\" \/>\n<meta property=\"article:modified_time\" content=\"2021-03-16T13:52:19+00:00\" \/>\n<meta property=\"og:image\" content=\"http:\/\/localhost\/tienda\/wp-content\/uploads\/2021\/03\/que_es_una_cuenca_hidrografica.jpg\" \/>\n<meta name=\"twitter:card\" content=\"summary_large_image\" \/>\n<meta name=\"twitter:label1\" content=\"Tiempo de lectura\" \/>\n\t<meta name=\"twitter:data1\" content=\"3 minutos\" \/>\n<script type=\"application\/ld+json\" class=\"yoast-schema-graph\">{\"@context\":\"https:\/\/schema.org\",\"@graph\":[{\"@type\":\"WebPage\",\"@id\":\"https:\/\/atl.org.mx\/index.php\/que-es-una-cuenca\/amp\/\",\"url\":\"https:\/\/atl.org.mx\/index.php\/que-es-una-cuenca\/amp\/\",\"name\":\"\u00bfQu\u00e9 es una cuenca? - ATL el portal del agua de la C\u00e1tedra Unesco IMTA\",\"isPartOf\":{\"@id\":\"https:\/\/atl.org.mx\/#website\"},\"primaryImageOfPage\":{\"@id\":\"https:\/\/atl.org.mx\/index.php\/que-es-una-cuenca\/amp\/#primaryimage\"},\"image\":{\"@id\":\"https:\/\/atl.org.mx\/index.php\/que-es-una-cuenca\/amp\/#primaryimage\"},\"thumbnailUrl\":\"http:\/\/localhost\/tienda\/wp-content\/uploads\/2021\/03\/que_es_una_cuenca_hidrografica.jpg\",\"datePublished\":\"2021-03-02T23:48:59+00:00\",\"dateModified\":\"2021-03-16T13:52:19+00:00\",\"description\":\"Una cuenca es un territorio cuyas aguas fluyen todas hacia un mismo r\u00edo, lago o mar, y a esta clase de cuencas se les llama \u201ccuencas hidrogr\u00e1ficas\u201d.\",\"breadcrumb\":{\"@id\":\"https:\/\/atl.org.mx\/index.php\/que-es-una-cuenca\/amp\/#breadcrumb\"},\"inLanguage\":\"es\",\"potentialAction\":[{\"@type\":\"ReadAction\",\"target\":[\"https:\/\/atl.org.mx\/index.php\/que-es-una-cuenca\/amp\/\"]}]},{\"@type\":\"ImageObject\",\"inLanguage\":\"es\",\"@id\":\"https:\/\/atl.org.mx\/index.php\/que-es-una-cuenca\/amp\/#primaryimage\",\"url\":\"http:\/\/localhost\/tienda\/wp-content\/uploads\/2021\/03\/que_es_una_cuenca_hidrografica.jpg\",\"contentUrl\":\"http:\/\/localhost\/tienda\/wp-content\/uploads\/2021\/03\/que_es_una_cuenca_hidrografica.jpg\"},{\"@type\":\"BreadcrumbList\",\"@id\":\"https:\/\/atl.org.mx\/index.php\/que-es-una-cuenca\/amp\/#breadcrumb\",\"itemListElement\":[{\"@type\":\"ListItem\",\"position\":1,\"name\":\"Inicio\",\"item\":\"https:\/\/atl.org.mx\/\"},{\"@type\":\"ListItem\",\"position\":2,\"name\":\"\u00bfQu\u00e9 es una cuenca?\"}]},{\"@type\":\"WebSite\",\"@id\":\"https:\/\/atl.org.mx\/#website\",\"url\":\"https:\/\/atl.org.mx\/\",\"name\":\"ATL el portal del agua de la C\u00e1tedra Unesco IMTA\",\"description\":\"C\u00e1tedra UNESCO-IMTA\",\"publisher\":{\"@id\":\"https:\/\/atl.org.mx\/#organization\"},\"potentialAction\":[{\"@type\":\"SearchAction\",\"target\":{\"@type\":\"EntryPoint\",\"urlTemplate\":\"https:\/\/atl.org.mx\/?s={search_term_string}\"},\"query-input\":{\"@type\":\"PropertyValueSpecification\",\"valueRequired\":true,\"valueName\":\"search_term_string\"}}],\"inLanguage\":\"es\"},{\"@type\":\"Organization\",\"@id\":\"https:\/\/atl.org.mx\/#organization\",\"name\":\"ATL el portal del agua de la C\u00e1tedra Unesco IMTA\",\"url\":\"https:\/\/atl.org.mx\/\",\"logo\":{\"@type\":\"ImageObject\",\"inLanguage\":\"es\",\"@id\":\"https:\/\/atl.org.mx\/#\/schema\/logo\/image\/\",\"url\":\"https:\/\/atl.org.mx\/wp-content\/uploads\/2023\/09\/logo_atl_catedra3.png\",\"contentUrl\":\"https:\/\/atl.org.mx\/wp-content\/uploads\/2023\/09\/logo_atl_catedra3.png\",\"width\":250,\"height\":151,\"caption\":\"ATL el portal del agua de la C\u00e1tedra Unesco IMTA\"},\"image\":{\"@id\":\"https:\/\/atl.org.mx\/#\/schema\/logo\/image\/\"}}]}<\/script>\n<!-- \/ Yoast SEO plugin. -->","yoast_head_json":{"title":"\u00bfQu\u00e9 es una cuenca? - ATL el portal del agua de la C\u00e1tedra Unesco IMTA","description":"Una cuenca es un territorio cuyas aguas fluyen todas hacia un mismo r\u00edo, lago o mar, y a esta clase de cuencas se les llama \u201ccuencas hidrogr\u00e1ficas\u201d.","robots":{"index":"index","follow":"follow","max-snippet":"max-snippet:-1","max-image-preview":"max-image-preview:large","max-video-preview":"max-video-preview:-1"},"canonical":"https:\/\/atl.org.mx\/index.php\/que-es-una-cuenca\/amp\/","og_locale":"es_MX","og_type":"article","og_title":"\u00bfQu\u00e9 es una cuenca? - ATL el portal del agua de la C\u00e1tedra Unesco IMTA","og_description":"Una cuenca es un territorio cuyas aguas fluyen todas hacia un mismo r\u00edo, lago o mar, y a esta clase de cuencas se les llama \u201ccuencas hidrogr\u00e1ficas\u201d.","og_url":"https:\/\/atl.org.mx\/index.php\/que-es-una-cuenca\/amp\/","og_site_name":"ATL el portal del agua de la C\u00e1tedra Unesco IMTA","article_modified_time":"2021-03-16T13:52:19+00:00","og_image":[{"url":"http:\/\/localhost\/tienda\/wp-content\/uploads\/2021\/03\/que_es_una_cuenca_hidrografica.jpg","type":"","width":"","height":""}],"twitter_card":"summary_large_image","twitter_misc":{"Tiempo de lectura":"3 minutos"},"schema":{"@context":"https:\/\/schema.org","@graph":[{"@type":"WebPage","@id":"https:\/\/atl.org.mx\/index.php\/que-es-una-cuenca\/amp\/","url":"https:\/\/atl.org.mx\/index.php\/que-es-una-cuenca\/amp\/","name":"\u00bfQu\u00e9 es una cuenca? - ATL el portal del agua de la C\u00e1tedra Unesco IMTA","isPartOf":{"@id":"https:\/\/atl.org.mx\/#website"},"primaryImageOfPage":{"@id":"https:\/\/atl.org.mx\/index.php\/que-es-una-cuenca\/amp\/#primaryimage"},"image":{"@id":"https:\/\/atl.org.mx\/index.php\/que-es-una-cuenca\/amp\/#primaryimage"},"thumbnailUrl":"http:\/\/localhost\/tienda\/wp-content\/uploads\/2021\/03\/que_es_una_cuenca_hidrografica.jpg","datePublished":"2021-03-02T23:48:59+00:00","dateModified":"2021-03-16T13:52:19+00:00","description":"Una cuenca es un territorio cuyas aguas fluyen todas hacia un mismo r\u00edo, lago o mar, y a esta clase de cuencas se les llama \u201ccuencas hidrogr\u00e1ficas\u201d.","breadcrumb":{"@id":"https:\/\/atl.org.mx\/index.php\/que-es-una-cuenca\/amp\/#breadcrumb"},"inLanguage":"es","potentialAction":[{"@type":"ReadAction","target":["https:\/\/atl.org.mx\/index.php\/que-es-una-cuenca\/amp\/"]}]},{"@type":"ImageObject","inLanguage":"es","@id":"https:\/\/atl.org.mx\/index.php\/que-es-una-cuenca\/amp\/#primaryimage","url":"http:\/\/localhost\/tienda\/wp-content\/uploads\/2021\/03\/que_es_una_cuenca_hidrografica.jpg","contentUrl":"http:\/\/localhost\/tienda\/wp-content\/uploads\/2021\/03\/que_es_una_cuenca_hidrografica.jpg"},{"@type":"BreadcrumbList","@id":"https:\/\/atl.org.mx\/index.php\/que-es-una-cuenca\/amp\/#breadcrumb","itemListElement":[{"@type":"ListItem","position":1,"name":"Inicio","item":"https:\/\/atl.org.mx\/"},{"@type":"ListItem","position":2,"name":"\u00bfQu\u00e9 es una cuenca?"}]},{"@type":"WebSite","@id":"https:\/\/atl.org.mx\/#website","url":"https:\/\/atl.org.mx\/","name":"ATL el portal del agua de la C\u00e1tedra Unesco IMTA","description":"C\u00e1tedra UNESCO-IMTA","publisher":{"@id":"https:\/\/atl.org.mx\/#organization"},"potentialAction":[{"@type":"SearchAction","target":{"@type":"EntryPoint","urlTemplate":"https:\/\/atl.org.mx\/?s={search_term_string}"},"query-input":{"@type":"PropertyValueSpecification","valueRequired":true,"valueName":"search_term_string"}}],"inLanguage":"es"},{"@type":"Organization","@id":"https:\/\/atl.org.mx\/#organization","name":"ATL el portal del agua de la C\u00e1tedra Unesco IMTA","url":"https:\/\/atl.org.mx\/","logo":{"@type":"ImageObject","inLanguage":"es","@id":"https:\/\/atl.org.mx\/#\/schema\/logo\/image\/","url":"https:\/\/atl.org.mx\/wp-content\/uploads\/2023\/09\/logo_atl_catedra3.png","contentUrl":"https:\/\/atl.org.mx\/wp-content\/uploads\/2023\/09\/logo_atl_catedra3.png","width":250,"height":151,"caption":"ATL el portal del agua de la C\u00e1tedra Unesco IMTA"},"image":{"@id":"https:\/\/atl.org.mx\/#\/schema\/logo\/image\/"}}]}},"_links":{"self":[{"href":"https:\/\/atl.org.mx\/index.php\/wp-json\/wp\/v2\/pages\/3888","targetHints":{"allow":["GET"]}}],"collection":[{"href":"https:\/\/atl.org.mx\/index.php\/wp-json\/wp\/v2\/pages"}],"about":[{"href":"https:\/\/atl.org.mx\/index.php\/wp-json\/wp\/v2\/types\/page"}],"author":[{"embeddable":true,"href":"https:\/\/atl.org.mx\/index.php\/wp-json\/wp\/v2\/users\/1"}],"replies":[{"embeddable":true,"href":"https:\/\/atl.org.mx\/index.php\/wp-json\/wp\/v2\/comments?post=3888"}],"version-history":[{"count":5,"href":"https:\/\/atl.org.mx\/index.php\/wp-json\/wp\/v2\/pages\/3888\/revisions"}],"predecessor-version":[{"id":4163,"href":"https:\/\/atl.org.mx\/index.php\/wp-json\/wp\/v2\/pages\/3888\/revisions\/4163"}],"wp:attachment":[{"href":"https:\/\/atl.org.mx\/index.php\/wp-json\/wp\/v2\/media?parent=3888"}],"curies":[{"name":"wp","href":"https:\/\/api.w.org\/{rel}","templated":true}]}}