{"id":3869,"date":"2021-03-02T22:04:17","date_gmt":"2021-03-02T22:04:17","guid":{"rendered":"http:\/\/localhost\/tienda\/?page_id=3869"},"modified":"2021-03-16T13:58:46","modified_gmt":"2021-03-16T13:58:46","slug":"distribucion-del-agua-en-el-mundo","status":"publish","type":"page","link":"https:\/\/atl.org.mx\/index.php\/distribucion-del-agua-en-el-mundo\/","title":{"rendered":"Distribuci\u00f3n del agua en el mundo"},"content":{"rendered":"<p>[vc_row][vc_column][vc_column_text]<img fetchpriority=\"high\" decoding=\"async\" class=\"alignleft wp-image-3872 size-full\" src=\"http:\/\/localhost\/tienda\/wp-content\/uploads\/2021\/03\/Que_es_el_agua.jpg\" alt=\"Distribuci\u00f3n de Agua en el Planeta\" width=\"314\" height=\"480\" srcset=\"https:\/\/atl.org.mx\/wp-content\/uploads\/2021\/03\/Que_es_el_agua.jpg 314w, https:\/\/atl.org.mx\/wp-content\/uploads\/2021\/03\/Que_es_el_agua-196x300.jpg 196w, https:\/\/atl.org.mx\/wp-content\/uploads\/2021\/03\/Que_es_el_agua-98x150.jpg 98w\" sizes=\"(max-width: 314px) 100vw, 314px\" \/>Dos terceras partes de nuestro planeta est\u00e1n cubiertas de agua de los oc\u00e9anos: adem\u00e1s, hay agua en el interior de los continentes, en r\u00edos, lagos, lagunas y aguas subterr\u00e1neas que llenan los dep\u00f3sitos o mantos acu\u00edferos.<\/p>\n<p>En la tierra hay cuatro grandes oc\u00e9anos: Pac\u00edfico, Atl\u00e1ntico, \u00cdndico y \u00c1rtico. \u00c9stos continentes aproximadamente 97% del agua que hay en el planeta y proveen a la poblaci\u00f3n de una gran diversidad de recursos naturales; sin embargo, por su alto contenido de sal, las personas, animales y la mayor parte de las plantas terrestres no pueden consumirla no pueden consumirla.<\/p>\n<p><strong>Recursos H\u00eddricos<\/strong><\/p>\n<p>Las aguas continentales representan cerca de 3% de total de agua del planeta. Se les llama aguas dulces porque casi no contienen sales y, por lo tanto, son vitales para los seres humanos. Los usamos para desempe\u00f1ar actividades cotidianas y econ\u00f3micas, por ejemplo, la agricultura, la ganader\u00eda y el procesamiento de alimentos.<\/p>\n<p>Los r\u00edos son corrientes de agua que fluyen sobre la superficie terrestre; nacen en las partes altas de las monta\u00f1as y escurren hacia las partes bajas. Muchos r\u00edos como el Amazonas, el Bravo y el Misisipi, depositan sus aguas en los oc\u00e9anos; otros llegan a las partes bajas sin salida al mar y forman lagos. La poblaci\u00f3n aprovecha el agua de los r\u00edos para regar los campos de cultivo. Generar energ\u00eda el\u00e9ctrica, navegar y pescar con fines industriales o dom\u00e9sticos.<\/p>\n<p>A diferencia de los lagos, las lagunas son cuerpos de agua que se alimentan de los r\u00edos y del mar; por esa raz\u00f3n tienen agua salobre, es decir, dulce y salada. Al igual que los lagos, las lagunas tambi\u00e9n son aptas para la pesca.<\/p>\n<p>Parte del agua de lluvia, al llegar a la superficie, se absorbe y filtra hasta acumularse en dep\u00f3sitos dentro del subsuelo. Esos dep\u00f3sitos forman los mantos acu\u00edferos, que constituyen las fuentes de abastecimiento de agua m\u00e1s importantes para la poblaci\u00f3n, en especial en zonas \u00e1ridas.[\/vc_column_text][vc_column_text]S\u00f3lo <strong>3% de toda el agua del mundo es agua dulce<\/strong> y m\u00e1s de tres cuartas partes de esta es inaccesible, pues se encuentra en forma de hielo y glaciares, situados en zonas polares. <strong>S\u00f3lo el 1% es agua dulce superficial disponible para los seres vivos.<\/strong>[\/vc_column_text][\/vc_column][\/vc_row]<\/p>\n","protected":false},"excerpt":{"rendered":"[vc_row][vc_column][vc_column_text]Dos terceras partes de nuestro planeta est\u00e1n cubiertas de agua de los oc\u00e9anos: adem\u00e1s, hay agua en el interior de los continentes,&hellip;","protected":false},"author":1,"featured_media":0,"parent":0,"menu_order":0,"comment_status":"closed","ping_status":"closed","template":"","meta":{"content-type":"","_lmt_disableupdate":"","_lmt_disable":"","footnotes":""},"class_list":["post-3869","page","type-page","status-publish","hentry"],"yoast_head":"<!-- This site is optimized with the Yoast SEO plugin v27.0 - https:\/\/yoast.com\/product\/yoast-seo-wordpress\/ -->\n<title>Distribuci\u00f3n del agua en el mundo - ATL el portal del agua de la C\u00e1tedra Unesco IMTA<\/title>\n<meta name=\"description\" content=\"Dos terceras partes de nuestro planeta est\u00e1n cubiertas de agua de los oc\u00e9anos: adem\u00e1s, hay agua en el interior de los continentes, en r\u00edos, lagos, lagunas y aguas subterr\u00e1neas que llenan los dep\u00f3sitos o mantos acu\u00edferos.\" \/>\n<meta name=\"robots\" content=\"index, follow, max-snippet:-1, max-image-preview:large, max-video-preview:-1\" \/>\n<link rel=\"canonical\" href=\"https:\/\/atl.org.mx\/index.php\/distribucion-del-agua-en-el-mundo\/\" \/>\n<meta property=\"og:locale\" content=\"es_MX\" \/>\n<meta property=\"og:type\" content=\"article\" \/>\n<meta property=\"og:title\" content=\"Distribuci\u00f3n del agua en el mundo - ATL el portal del agua de la C\u00e1tedra Unesco IMTA\" \/>\n<meta property=\"og:description\" content=\"Dos terceras partes de nuestro planeta est\u00e1n cubiertas de agua de los oc\u00e9anos: adem\u00e1s, hay agua en el interior de los continentes, en r\u00edos, lagos, lagunas y aguas subterr\u00e1neas que llenan los dep\u00f3sitos o mantos acu\u00edferos.\" \/>\n<meta property=\"og:url\" content=\"https:\/\/atl.org.mx\/index.php\/distribucion-del-agua-en-el-mundo\/\" \/>\n<meta property=\"og:site_name\" content=\"ATL el portal del agua de la C\u00e1tedra Unesco IMTA\" \/>\n<meta property=\"article:modified_time\" content=\"2021-03-16T13:58:46+00:00\" \/>\n<meta property=\"og:image\" content=\"http:\/\/localhost\/tienda\/wp-content\/uploads\/2021\/03\/Que_es_el_agua.jpg\" \/>\n<meta name=\"twitter:card\" content=\"summary_large_image\" \/>\n<meta name=\"twitter:label1\" content=\"Tiempo de lectura\" \/>\n\t<meta name=\"twitter:data1\" content=\"2 minutos\" \/>\n<script type=\"application\/ld+json\" class=\"yoast-schema-graph\">{\"@context\":\"https:\/\/schema.org\",\"@graph\":[{\"@type\":\"WebPage\",\"@id\":\"https:\/\/atl.org.mx\/index.php\/distribucion-del-agua-en-el-mundo\/\",\"url\":\"https:\/\/atl.org.mx\/index.php\/distribucion-del-agua-en-el-mundo\/\",\"name\":\"Distribuci\u00f3n del agua en el mundo - ATL el portal del agua de la C\u00e1tedra Unesco IMTA\",\"isPartOf\":{\"@id\":\"https:\/\/atl.org.mx\/#website\"},\"primaryImageOfPage\":{\"@id\":\"https:\/\/atl.org.mx\/index.php\/distribucion-del-agua-en-el-mundo\/#primaryimage\"},\"image\":{\"@id\":\"https:\/\/atl.org.mx\/index.php\/distribucion-del-agua-en-el-mundo\/#primaryimage\"},\"thumbnailUrl\":\"http:\/\/localhost\/tienda\/wp-content\/uploads\/2021\/03\/Que_es_el_agua.jpg\",\"datePublished\":\"2021-03-02T22:04:17+00:00\",\"dateModified\":\"2021-03-16T13:58:46+00:00\",\"description\":\"Dos terceras partes de nuestro planeta est\u00e1n cubiertas de agua de los oc\u00e9anos: adem\u00e1s, hay agua en el interior de los continentes, en r\u00edos, lagos, lagunas y aguas subterr\u00e1neas que llenan los dep\u00f3sitos o mantos acu\u00edferos.\",\"breadcrumb\":{\"@id\":\"https:\/\/atl.org.mx\/index.php\/distribucion-del-agua-en-el-mundo\/#breadcrumb\"},\"inLanguage\":\"es\",\"potentialAction\":[{\"@type\":\"ReadAction\",\"target\":[\"https:\/\/atl.org.mx\/index.php\/distribucion-del-agua-en-el-mundo\/\"]}]},{\"@type\":\"ImageObject\",\"inLanguage\":\"es\",\"@id\":\"https:\/\/atl.org.mx\/index.php\/distribucion-del-agua-en-el-mundo\/#primaryimage\",\"url\":\"http:\/\/localhost\/tienda\/wp-content\/uploads\/2021\/03\/Que_es_el_agua.jpg\",\"contentUrl\":\"http:\/\/localhost\/tienda\/wp-content\/uploads\/2021\/03\/Que_es_el_agua.jpg\"},{\"@type\":\"BreadcrumbList\",\"@id\":\"https:\/\/atl.org.mx\/index.php\/distribucion-del-agua-en-el-mundo\/#breadcrumb\",\"itemListElement\":[{\"@type\":\"ListItem\",\"position\":1,\"name\":\"Inicio\",\"item\":\"https:\/\/atl.org.mx\/\"},{\"@type\":\"ListItem\",\"position\":2,\"name\":\"Distribuci\u00f3n del agua en el mundo\"}]},{\"@type\":\"WebSite\",\"@id\":\"https:\/\/atl.org.mx\/#website\",\"url\":\"https:\/\/atl.org.mx\/\",\"name\":\"ATL el portal del agua de la C\u00e1tedra Unesco IMTA\",\"description\":\"C\u00e1tedra UNESCO-IMTA\",\"publisher\":{\"@id\":\"https:\/\/atl.org.mx\/#organization\"},\"potentialAction\":[{\"@type\":\"SearchAction\",\"target\":{\"@type\":\"EntryPoint\",\"urlTemplate\":\"https:\/\/atl.org.mx\/?s={search_term_string}\"},\"query-input\":{\"@type\":\"PropertyValueSpecification\",\"valueRequired\":true,\"valueName\":\"search_term_string\"}}],\"inLanguage\":\"es\"},{\"@type\":\"Organization\",\"@id\":\"https:\/\/atl.org.mx\/#organization\",\"name\":\"ATL el portal del agua de la C\u00e1tedra Unesco IMTA\",\"url\":\"https:\/\/atl.org.mx\/\",\"logo\":{\"@type\":\"ImageObject\",\"inLanguage\":\"es\",\"@id\":\"https:\/\/atl.org.mx\/#\/schema\/logo\/image\/\",\"url\":\"https:\/\/atl.org.mx\/wp-content\/uploads\/2023\/09\/logo_atl_catedra3.png\",\"contentUrl\":\"https:\/\/atl.org.mx\/wp-content\/uploads\/2023\/09\/logo_atl_catedra3.png\",\"width\":250,\"height\":151,\"caption\":\"ATL el portal del agua de la C\u00e1tedra Unesco IMTA\"},\"image\":{\"@id\":\"https:\/\/atl.org.mx\/#\/schema\/logo\/image\/\"}}]}<\/script>\n<!-- \/ Yoast SEO plugin. -->","yoast_head_json":{"title":"Distribuci\u00f3n del agua en el mundo - ATL el portal del agua de la C\u00e1tedra Unesco IMTA","description":"Dos terceras partes de nuestro planeta est\u00e1n cubiertas de agua de los oc\u00e9anos: adem\u00e1s, hay agua en el interior de los continentes, en r\u00edos, lagos, lagunas y aguas subterr\u00e1neas que llenan los dep\u00f3sitos o mantos acu\u00edferos.","robots":{"index":"index","follow":"follow","max-snippet":"max-snippet:-1","max-image-preview":"max-image-preview:large","max-video-preview":"max-video-preview:-1"},"canonical":"https:\/\/atl.org.mx\/index.php\/distribucion-del-agua-en-el-mundo\/","og_locale":"es_MX","og_type":"article","og_title":"Distribuci\u00f3n del agua en el mundo - ATL el portal del agua de la C\u00e1tedra Unesco IMTA","og_description":"Dos terceras partes de nuestro planeta est\u00e1n cubiertas de agua de los oc\u00e9anos: adem\u00e1s, hay agua en el interior de los continentes, en r\u00edos, lagos, lagunas y aguas subterr\u00e1neas que llenan los dep\u00f3sitos o mantos acu\u00edferos.","og_url":"https:\/\/atl.org.mx\/index.php\/distribucion-del-agua-en-el-mundo\/","og_site_name":"ATL el portal del agua de la C\u00e1tedra Unesco IMTA","article_modified_time":"2021-03-16T13:58:46+00:00","og_image":[{"url":"http:\/\/localhost\/tienda\/wp-content\/uploads\/2021\/03\/Que_es_el_agua.jpg","type":"","width":"","height":""}],"twitter_card":"summary_large_image","twitter_misc":{"Tiempo de lectura":"2 minutos"},"schema":{"@context":"https:\/\/schema.org","@graph":[{"@type":"WebPage","@id":"https:\/\/atl.org.mx\/index.php\/distribucion-del-agua-en-el-mundo\/","url":"https:\/\/atl.org.mx\/index.php\/distribucion-del-agua-en-el-mundo\/","name":"Distribuci\u00f3n del agua en el mundo - ATL el portal del agua de la C\u00e1tedra Unesco IMTA","isPartOf":{"@id":"https:\/\/atl.org.mx\/#website"},"primaryImageOfPage":{"@id":"https:\/\/atl.org.mx\/index.php\/distribucion-del-agua-en-el-mundo\/#primaryimage"},"image":{"@id":"https:\/\/atl.org.mx\/index.php\/distribucion-del-agua-en-el-mundo\/#primaryimage"},"thumbnailUrl":"http:\/\/localhost\/tienda\/wp-content\/uploads\/2021\/03\/Que_es_el_agua.jpg","datePublished":"2021-03-02T22:04:17+00:00","dateModified":"2021-03-16T13:58:46+00:00","description":"Dos terceras partes de nuestro planeta est\u00e1n cubiertas de agua de los oc\u00e9anos: adem\u00e1s, hay agua en el interior de los continentes, en r\u00edos, lagos, lagunas y aguas subterr\u00e1neas que llenan los dep\u00f3sitos o mantos acu\u00edferos.","breadcrumb":{"@id":"https:\/\/atl.org.mx\/index.php\/distribucion-del-agua-en-el-mundo\/#breadcrumb"},"inLanguage":"es","potentialAction":[{"@type":"ReadAction","target":["https:\/\/atl.org.mx\/index.php\/distribucion-del-agua-en-el-mundo\/"]}]},{"@type":"ImageObject","inLanguage":"es","@id":"https:\/\/atl.org.mx\/index.php\/distribucion-del-agua-en-el-mundo\/#primaryimage","url":"http:\/\/localhost\/tienda\/wp-content\/uploads\/2021\/03\/Que_es_el_agua.jpg","contentUrl":"http:\/\/localhost\/tienda\/wp-content\/uploads\/2021\/03\/Que_es_el_agua.jpg"},{"@type":"BreadcrumbList","@id":"https:\/\/atl.org.mx\/index.php\/distribucion-del-agua-en-el-mundo\/#breadcrumb","itemListElement":[{"@type":"ListItem","position":1,"name":"Inicio","item":"https:\/\/atl.org.mx\/"},{"@type":"ListItem","position":2,"name":"Distribuci\u00f3n del agua en el mundo"}]},{"@type":"WebSite","@id":"https:\/\/atl.org.mx\/#website","url":"https:\/\/atl.org.mx\/","name":"ATL el portal del agua de la C\u00e1tedra Unesco IMTA","description":"C\u00e1tedra UNESCO-IMTA","publisher":{"@id":"https:\/\/atl.org.mx\/#organization"},"potentialAction":[{"@type":"SearchAction","target":{"@type":"EntryPoint","urlTemplate":"https:\/\/atl.org.mx\/?s={search_term_string}"},"query-input":{"@type":"PropertyValueSpecification","valueRequired":true,"valueName":"search_term_string"}}],"inLanguage":"es"},{"@type":"Organization","@id":"https:\/\/atl.org.mx\/#organization","name":"ATL el portal del agua de la C\u00e1tedra Unesco IMTA","url":"https:\/\/atl.org.mx\/","logo":{"@type":"ImageObject","inLanguage":"es","@id":"https:\/\/atl.org.mx\/#\/schema\/logo\/image\/","url":"https:\/\/atl.org.mx\/wp-content\/uploads\/2023\/09\/logo_atl_catedra3.png","contentUrl":"https:\/\/atl.org.mx\/wp-content\/uploads\/2023\/09\/logo_atl_catedra3.png","width":250,"height":151,"caption":"ATL el portal del agua de la C\u00e1tedra Unesco IMTA"},"image":{"@id":"https:\/\/atl.org.mx\/#\/schema\/logo\/image\/"}}]}},"_links":{"self":[{"href":"https:\/\/atl.org.mx\/index.php\/wp-json\/wp\/v2\/pages\/3869","targetHints":{"allow":["GET"]}}],"collection":[{"href":"https:\/\/atl.org.mx\/index.php\/wp-json\/wp\/v2\/pages"}],"about":[{"href":"https:\/\/atl.org.mx\/index.php\/wp-json\/wp\/v2\/types\/page"}],"author":[{"embeddable":true,"href":"https:\/\/atl.org.mx\/index.php\/wp-json\/wp\/v2\/users\/1"}],"replies":[{"embeddable":true,"href":"https:\/\/atl.org.mx\/index.php\/wp-json\/wp\/v2\/comments?post=3869"}],"version-history":[{"count":8,"href":"https:\/\/atl.org.mx\/index.php\/wp-json\/wp\/v2\/pages\/3869\/revisions"}],"predecessor-version":[{"id":3880,"href":"https:\/\/atl.org.mx\/index.php\/wp-json\/wp\/v2\/pages\/3869\/revisions\/3880"}],"wp:attachment":[{"href":"https:\/\/atl.org.mx\/index.php\/wp-json\/wp\/v2\/media?parent=3869"}],"curies":[{"name":"wp","href":"https:\/\/api.w.org\/{rel}","templated":true}]}}