{"id":3865,"date":"2021-03-02T21:31:47","date_gmt":"2021-03-02T21:31:47","guid":{"rendered":"http:\/\/localhost\/tienda\/?page_id=3865"},"modified":"2021-03-16T14:03:41","modified_gmt":"2021-03-16T14:03:41","slug":"propiedad-intelectual","status":"publish","type":"page","link":"https:\/\/atl.org.mx\/index.php\/propiedad-intelectual\/","title":{"rendered":"Propiedad intelectual"},"content":{"rendered":"<p>Ley Federal del Derecho de Autor<\/p>\n<p>&#8220;Art\u00edculo 148.-<\/p>\n<ol>\n<li>\n<div>Cita de textos, siempre que la cantidad tomada no pueda considerarse como una reproducci\u00f3n simulada y sustancial del contenido de la obra;<\/div>\n<\/li>\n<li>\n<div>Reproducci\u00f3n de art\u00edculos, fotograf\u00edas, ilustraciones y comentarios referentes a acontecimientos de actualidad, publicados por la prensa o difundidos por la radio o la televisi\u00f3n, o cualquier otro medio de difusi\u00f3n, si esto no hubiere sido expresamente prohibido por el titular del derecho;<\/div>\n<\/li>\n<li>\n<div>Reproducci\u00f3n de partes de la obra, para la cr\u00edtica e investigaci\u00f3n cient\u00edfica, literaria o art\u00edstica;<\/div>\n<\/li>\n<li>\n<div>Reproducci\u00f3n por una sola vez, y en un solo ejemplar, de una obra literaria o art\u00edstica, para uso personal y privado de quien la hace y sin fines de lucro.<\/div>\n<\/li>\n<\/ol>\n<p>Las personas morales no podr\u00e1n valerse de lo dispuesto en esta fracci\u00f3n salvo que se trate de una instituci\u00f3n educativa, de investigaci\u00f3n, o que no este dedicada a actividades mercantiles&#8230;&#8221;[1]<\/p>\n<p>[1]\u00a0Ley Federal del Derecho de Autor [C\u00e1mara de Diputados &#8211; H. Congreso de la Uni\u00f3n].\u00a0[Consulta: 05 de agosto, 2009]<a class=\"toolbar\" href=\"http:\/\/www.atl.org.mx\/administrator\/index.php?option=com_content&amp;sectionid=-1&amp;task=edit&amp;cid[]=1744\">\u00a0<\/a><\/p>\n","protected":false},"excerpt":{"rendered":"<p>Ley Federal del Derecho de Autor &#8220;Art\u00edculo 148.- Cita de textos, siempre que la cantidad tomada no pueda considerarse como una reproducci\u00f3n&hellip;<\/p>\n","protected":false},"author":1,"featured_media":0,"parent":0,"menu_order":0,"comment_status":"closed","ping_status":"closed","template":"","meta":{"content-type":"","_lmt_disableupdate":"","_lmt_disable":"","footnotes":""},"class_list":["post-3865","page","type-page","status-publish","hentry"],"yoast_head":"<!-- This site is optimized with the Yoast SEO plugin v27.0 - https:\/\/yoast.com\/product\/yoast-seo-wordpress\/ -->\n<title>Propiedad intelectual - ATL el portal del agua de la C\u00e1tedra Unesco IMTA<\/title>\n<meta name=\"description\" content=\"Propiedad intelectual ATL el portal del agua desde M\u00e9xico\" \/>\n<meta name=\"robots\" content=\"index, follow, max-snippet:-1, max-image-preview:large, max-video-preview:-1\" \/>\n<link rel=\"canonical\" href=\"https:\/\/atl.org.mx\/index.php\/propiedad-intelectual\/\" \/>\n<meta property=\"og:locale\" content=\"es_MX\" \/>\n<meta property=\"og:type\" content=\"article\" \/>\n<meta property=\"og:title\" content=\"Propiedad intelectual - ATL el portal del agua de la C\u00e1tedra Unesco IMTA\" \/>\n<meta property=\"og:description\" content=\"Propiedad intelectual ATL el portal del agua desde M\u00e9xico\" \/>\n<meta property=\"og:url\" content=\"https:\/\/atl.org.mx\/index.php\/propiedad-intelectual\/\" \/>\n<meta property=\"og:site_name\" content=\"ATL el portal del agua de la C\u00e1tedra Unesco IMTA\" \/>\n<meta property=\"article:modified_time\" content=\"2021-03-16T14:03:41+00:00\" \/>\n<meta name=\"twitter:card\" content=\"summary_large_image\" \/>\n<meta name=\"twitter:label1\" content=\"Tiempo de lectura\" \/>\n\t<meta name=\"twitter:data1\" content=\"1 minuto\" \/>\n<script type=\"application\/ld+json\" class=\"yoast-schema-graph\">{\"@context\":\"https:\/\/schema.org\",\"@graph\":[{\"@type\":\"WebPage\",\"@id\":\"https:\/\/atl.org.mx\/index.php\/propiedad-intelectual\/\",\"url\":\"https:\/\/atl.org.mx\/index.php\/propiedad-intelectual\/\",\"name\":\"Propiedad intelectual - ATL el portal del agua de la C\u00e1tedra Unesco IMTA\",\"isPartOf\":{\"@id\":\"https:\/\/atl.org.mx\/#website\"},\"datePublished\":\"2021-03-02T21:31:47+00:00\",\"dateModified\":\"2021-03-16T14:03:41+00:00\",\"description\":\"Propiedad intelectual ATL el portal del agua desde M\u00e9xico\",\"breadcrumb\":{\"@id\":\"https:\/\/atl.org.mx\/index.php\/propiedad-intelectual\/#breadcrumb\"},\"inLanguage\":\"es\",\"potentialAction\":[{\"@type\":\"ReadAction\",\"target\":[\"https:\/\/atl.org.mx\/index.php\/propiedad-intelectual\/\"]}]},{\"@type\":\"BreadcrumbList\",\"@id\":\"https:\/\/atl.org.mx\/index.php\/propiedad-intelectual\/#breadcrumb\",\"itemListElement\":[{\"@type\":\"ListItem\",\"position\":1,\"name\":\"Inicio\",\"item\":\"https:\/\/atl.org.mx\/\"},{\"@type\":\"ListItem\",\"position\":2,\"name\":\"Propiedad intelectual\"}]},{\"@type\":\"WebSite\",\"@id\":\"https:\/\/atl.org.mx\/#website\",\"url\":\"https:\/\/atl.org.mx\/\",\"name\":\"ATL el portal del agua de la C\u00e1tedra Unesco IMTA\",\"description\":\"C\u00e1tedra UNESCO-IMTA\",\"publisher\":{\"@id\":\"https:\/\/atl.org.mx\/#organization\"},\"potentialAction\":[{\"@type\":\"SearchAction\",\"target\":{\"@type\":\"EntryPoint\",\"urlTemplate\":\"https:\/\/atl.org.mx\/?s={search_term_string}\"},\"query-input\":{\"@type\":\"PropertyValueSpecification\",\"valueRequired\":true,\"valueName\":\"search_term_string\"}}],\"inLanguage\":\"es\"},{\"@type\":\"Organization\",\"@id\":\"https:\/\/atl.org.mx\/#organization\",\"name\":\"ATL el portal del agua de la C\u00e1tedra Unesco IMTA\",\"url\":\"https:\/\/atl.org.mx\/\",\"logo\":{\"@type\":\"ImageObject\",\"inLanguage\":\"es\",\"@id\":\"https:\/\/atl.org.mx\/#\/schema\/logo\/image\/\",\"url\":\"https:\/\/atl.org.mx\/wp-content\/uploads\/2023\/09\/logo_atl_catedra3.png\",\"contentUrl\":\"https:\/\/atl.org.mx\/wp-content\/uploads\/2023\/09\/logo_atl_catedra3.png\",\"width\":250,\"height\":151,\"caption\":\"ATL el portal del agua de la C\u00e1tedra Unesco IMTA\"},\"image\":{\"@id\":\"https:\/\/atl.org.mx\/#\/schema\/logo\/image\/\"}}]}<\/script>\n<!-- \/ Yoast SEO plugin. -->","yoast_head_json":{"title":"Propiedad intelectual - ATL el portal del agua de la C\u00e1tedra Unesco IMTA","description":"Propiedad intelectual ATL el portal del agua desde M\u00e9xico","robots":{"index":"index","follow":"follow","max-snippet":"max-snippet:-1","max-image-preview":"max-image-preview:large","max-video-preview":"max-video-preview:-1"},"canonical":"https:\/\/atl.org.mx\/index.php\/propiedad-intelectual\/","og_locale":"es_MX","og_type":"article","og_title":"Propiedad intelectual - ATL el portal del agua de la C\u00e1tedra Unesco IMTA","og_description":"Propiedad intelectual ATL el portal del agua desde M\u00e9xico","og_url":"https:\/\/atl.org.mx\/index.php\/propiedad-intelectual\/","og_site_name":"ATL el portal del agua de la C\u00e1tedra Unesco IMTA","article_modified_time":"2021-03-16T14:03:41+00:00","twitter_card":"summary_large_image","twitter_misc":{"Tiempo de lectura":"1 minuto"},"schema":{"@context":"https:\/\/schema.org","@graph":[{"@type":"WebPage","@id":"https:\/\/atl.org.mx\/index.php\/propiedad-intelectual\/","url":"https:\/\/atl.org.mx\/index.php\/propiedad-intelectual\/","name":"Propiedad intelectual - ATL el portal del agua de la C\u00e1tedra Unesco IMTA","isPartOf":{"@id":"https:\/\/atl.org.mx\/#website"},"datePublished":"2021-03-02T21:31:47+00:00","dateModified":"2021-03-16T14:03:41+00:00","description":"Propiedad intelectual ATL el portal del agua desde M\u00e9xico","breadcrumb":{"@id":"https:\/\/atl.org.mx\/index.php\/propiedad-intelectual\/#breadcrumb"},"inLanguage":"es","potentialAction":[{"@type":"ReadAction","target":["https:\/\/atl.org.mx\/index.php\/propiedad-intelectual\/"]}]},{"@type":"BreadcrumbList","@id":"https:\/\/atl.org.mx\/index.php\/propiedad-intelectual\/#breadcrumb","itemListElement":[{"@type":"ListItem","position":1,"name":"Inicio","item":"https:\/\/atl.org.mx\/"},{"@type":"ListItem","position":2,"name":"Propiedad intelectual"}]},{"@type":"WebSite","@id":"https:\/\/atl.org.mx\/#website","url":"https:\/\/atl.org.mx\/","name":"ATL el portal del agua de la C\u00e1tedra Unesco IMTA","description":"C\u00e1tedra UNESCO-IMTA","publisher":{"@id":"https:\/\/atl.org.mx\/#organization"},"potentialAction":[{"@type":"SearchAction","target":{"@type":"EntryPoint","urlTemplate":"https:\/\/atl.org.mx\/?s={search_term_string}"},"query-input":{"@type":"PropertyValueSpecification","valueRequired":true,"valueName":"search_term_string"}}],"inLanguage":"es"},{"@type":"Organization","@id":"https:\/\/atl.org.mx\/#organization","name":"ATL el portal del agua de la C\u00e1tedra Unesco IMTA","url":"https:\/\/atl.org.mx\/","logo":{"@type":"ImageObject","inLanguage":"es","@id":"https:\/\/atl.org.mx\/#\/schema\/logo\/image\/","url":"https:\/\/atl.org.mx\/wp-content\/uploads\/2023\/09\/logo_atl_catedra3.png","contentUrl":"https:\/\/atl.org.mx\/wp-content\/uploads\/2023\/09\/logo_atl_catedra3.png","width":250,"height":151,"caption":"ATL el portal del agua de la C\u00e1tedra Unesco IMTA"},"image":{"@id":"https:\/\/atl.org.mx\/#\/schema\/logo\/image\/"}}]}},"_links":{"self":[{"href":"https:\/\/atl.org.mx\/index.php\/wp-json\/wp\/v2\/pages\/3865","targetHints":{"allow":["GET"]}}],"collection":[{"href":"https:\/\/atl.org.mx\/index.php\/wp-json\/wp\/v2\/pages"}],"about":[{"href":"https:\/\/atl.org.mx\/index.php\/wp-json\/wp\/v2\/types\/page"}],"author":[{"embeddable":true,"href":"https:\/\/atl.org.mx\/index.php\/wp-json\/wp\/v2\/users\/1"}],"replies":[{"embeddable":true,"href":"https:\/\/atl.org.mx\/index.php\/wp-json\/wp\/v2\/comments?post=3865"}],"version-history":[{"count":3,"href":"https:\/\/atl.org.mx\/index.php\/wp-json\/wp\/v2\/pages\/3865\/revisions"}],"predecessor-version":[{"id":4340,"href":"https:\/\/atl.org.mx\/index.php\/wp-json\/wp\/v2\/pages\/3865\/revisions\/4340"}],"wp:attachment":[{"href":"https:\/\/atl.org.mx\/index.php\/wp-json\/wp\/v2\/media?parent=3865"}],"curies":[{"name":"wp","href":"https:\/\/api.w.org\/{rel}","templated":true}]}}