{"id":3862,"date":"2021-03-02T20:03:23","date_gmt":"2021-03-02T20:03:23","guid":{"rendered":"http:\/\/localhost\/tienda\/?page_id=3862"},"modified":"2021-03-16T14:02:57","modified_gmt":"2021-03-16T14:02:57","slug":"politicas-de-uso","status":"publish","type":"page","link":"https:\/\/atl.org.mx\/index.php\/politicas-de-uso\/","title":{"rendered":"Pol\u00edticas de Uso"},"content":{"rendered":"<p><strong>1<\/strong>.&nbsp;&nbsp;&nbsp;&nbsp; El Instituto Mexicano de Tecnolog\u00eda del Agua (IMTA), a trav\u00e9s de la C\u00e1tedra UNESCO-IMTA: El Agua en la sociedad del conocimiento, administra este sitio web.<\/p>\n<p><strong>2.<\/strong>&nbsp;&nbsp;&nbsp;&nbsp; Todo el contenido de este sitio web (textos, documentos, im\u00e1genes, sonidos, animaciones, etc.) que pueda ser copiado, duplicado, replicado o descargado desde este sitio web, deber\u00e1 ser utilizado para uso personal o fines acad\u00e9micos y no puede ser modificado ni comercializado sin la autorizaci\u00f3n de los autores. Por lo anterior se deber\u00e1 reconocer y mantener siempre los derechos a nombre del autor.<\/p>\n<p><strong>3.<\/strong>&nbsp;&nbsp;&nbsp;&nbsp; A pesar de que este sitio web incluye v\u00ednculos o enlaces (links) a otros sitios web externos, no significa que la C\u00e1tedra respalda, responde, garantiza o aprueba el contenido de estos sitios.<\/p>\n<p><strong>4.<\/strong>&nbsp;&nbsp;&nbsp;&nbsp; El Portal Atl podr\u00e1 recoger los datos de los usuarios que visitan este sitio web mediante la utilizaci\u00f3n de formularios, el uso de mecanismos como IP y cookies o a trav\u00e9s de cualquier medio electr\u00f3nico de hardware o software disponible, y podr\u00e1 utilizar esta informaci\u00f3n primordialmente para mejorar este sitio web, para fines de estad\u00edstica, de investigaci\u00f3n o similares.<\/p>\n<p><strong>5.<\/strong>&nbsp;&nbsp;&nbsp;&nbsp; El Portal Atl no asume ninguna responsabilidad por el hurto de datos de este sitio o recolectados del mismo debido a ataques externos de hackers, crakers, o cualquier persona, organizaci\u00f3n o entidad dedicada al hurto de informaci\u00f3n de internet.<\/p>\n<p><strong>6.<\/strong>&nbsp;&nbsp;&nbsp;&nbsp; El Atl se reserva el derecho de modificar y\/o eliminar la totalidad o parte de las condiciones de este sitio web, sin previo aviso.<\/p>\n<p><strong>7.<\/strong>&nbsp;&nbsp;&nbsp;&nbsp; Los usuarios de este sitio web aceptan los t\u00e9rminos de recolecci\u00f3n y uso de sus datos, de conformidad con lo establecido en este documento. Asimismo, los visitantes del sitio web al ingresar y consultar en el sitio, aceptan todos los t\u00e9rminos de difusi\u00f3n de su informaci\u00f3n y pol\u00edticas de uso del sitio de conformidad con lo establecido en este documento.<\/p>\n","protected":false},"excerpt":{"rendered":"<p>1.&nbsp;&nbsp;&nbsp;&nbsp; El Instituto Mexicano de Tecnolog\u00eda del Agua (IMTA), a trav\u00e9s de la C\u00e1tedra UNESCO-IMTA: El Agua en la sociedad del conocimiento,&hellip;<\/p>\n","protected":false},"author":1,"featured_media":0,"parent":0,"menu_order":0,"comment_status":"closed","ping_status":"closed","template":"","meta":{"content-type":"","_lmt_disableupdate":"","_lmt_disable":"","footnotes":""},"class_list":["post-3862","page","type-page","status-publish","hentry"],"yoast_head":"<!-- This site is optimized with the Yoast SEO plugin v27.0 - https:\/\/yoast.com\/product\/yoast-seo-wordpress\/ -->\n<title>Pol\u00edticas de Uso - ATL el portal del agua de la C\u00e1tedra Unesco IMTA<\/title>\n<meta name=\"robots\" content=\"index, follow, max-snippet:-1, max-image-preview:large, max-video-preview:-1\" \/>\n<link rel=\"canonical\" href=\"https:\/\/atl.org.mx\/index.php\/politicas-de-uso\/\" \/>\n<meta property=\"og:locale\" content=\"es_MX\" \/>\n<meta property=\"og:type\" content=\"article\" \/>\n<meta property=\"og:title\" content=\"Pol\u00edticas de Uso - ATL el portal del agua de la C\u00e1tedra Unesco IMTA\" \/>\n<meta property=\"og:description\" content=\"1.&nbsp;&nbsp;&nbsp;&nbsp; El Instituto Mexicano de Tecnolog\u00eda del Agua (IMTA), a trav\u00e9s de la C\u00e1tedra UNESCO-IMTA: El Agua en la sociedad del conocimiento,&hellip;\" \/>\n<meta property=\"og:url\" content=\"https:\/\/atl.org.mx\/index.php\/politicas-de-uso\/\" \/>\n<meta property=\"og:site_name\" content=\"ATL el portal del agua de la C\u00e1tedra Unesco IMTA\" \/>\n<meta property=\"article:modified_time\" content=\"2021-03-16T14:02:57+00:00\" \/>\n<meta name=\"twitter:card\" content=\"summary_large_image\" \/>\n<meta name=\"twitter:label1\" content=\"Tiempo de lectura\" \/>\n\t<meta name=\"twitter:data1\" content=\"2 minutos\" \/>\n<script type=\"application\/ld+json\" class=\"yoast-schema-graph\">{\"@context\":\"https:\/\/schema.org\",\"@graph\":[{\"@type\":\"WebPage\",\"@id\":\"https:\/\/atl.org.mx\/index.php\/politicas-de-uso\/\",\"url\":\"https:\/\/atl.org.mx\/index.php\/politicas-de-uso\/\",\"name\":\"Pol\u00edticas de Uso - ATL el portal del agua de la C\u00e1tedra Unesco IMTA\",\"isPartOf\":{\"@id\":\"https:\/\/atl.org.mx\/#website\"},\"datePublished\":\"2021-03-02T20:03:23+00:00\",\"dateModified\":\"2021-03-16T14:02:57+00:00\",\"breadcrumb\":{\"@id\":\"https:\/\/atl.org.mx\/index.php\/politicas-de-uso\/#breadcrumb\"},\"inLanguage\":\"es\",\"potentialAction\":[{\"@type\":\"ReadAction\",\"target\":[\"https:\/\/atl.org.mx\/index.php\/politicas-de-uso\/\"]}]},{\"@type\":\"BreadcrumbList\",\"@id\":\"https:\/\/atl.org.mx\/index.php\/politicas-de-uso\/#breadcrumb\",\"itemListElement\":[{\"@type\":\"ListItem\",\"position\":1,\"name\":\"Inicio\",\"item\":\"https:\/\/atl.org.mx\/\"},{\"@type\":\"ListItem\",\"position\":2,\"name\":\"Pol\u00edticas de Uso\"}]},{\"@type\":\"WebSite\",\"@id\":\"https:\/\/atl.org.mx\/#website\",\"url\":\"https:\/\/atl.org.mx\/\",\"name\":\"ATL el portal del agua de la C\u00e1tedra Unesco IMTA\",\"description\":\"C\u00e1tedra UNESCO-IMTA\",\"publisher\":{\"@id\":\"https:\/\/atl.org.mx\/#organization\"},\"potentialAction\":[{\"@type\":\"SearchAction\",\"target\":{\"@type\":\"EntryPoint\",\"urlTemplate\":\"https:\/\/atl.org.mx\/?s={search_term_string}\"},\"query-input\":{\"@type\":\"PropertyValueSpecification\",\"valueRequired\":true,\"valueName\":\"search_term_string\"}}],\"inLanguage\":\"es\"},{\"@type\":\"Organization\",\"@id\":\"https:\/\/atl.org.mx\/#organization\",\"name\":\"ATL el portal del agua de la C\u00e1tedra Unesco IMTA\",\"url\":\"https:\/\/atl.org.mx\/\",\"logo\":{\"@type\":\"ImageObject\",\"inLanguage\":\"es\",\"@id\":\"https:\/\/atl.org.mx\/#\/schema\/logo\/image\/\",\"url\":\"https:\/\/atl.org.mx\/wp-content\/uploads\/2023\/09\/logo_atl_catedra3.png\",\"contentUrl\":\"https:\/\/atl.org.mx\/wp-content\/uploads\/2023\/09\/logo_atl_catedra3.png\",\"width\":250,\"height\":151,\"caption\":\"ATL el portal del agua de la C\u00e1tedra Unesco IMTA\"},\"image\":{\"@id\":\"https:\/\/atl.org.mx\/#\/schema\/logo\/image\/\"}}]}<\/script>\n<!-- \/ Yoast SEO plugin. -->","yoast_head_json":{"title":"Pol\u00edticas de Uso - ATL el portal del agua de la C\u00e1tedra Unesco IMTA","robots":{"index":"index","follow":"follow","max-snippet":"max-snippet:-1","max-image-preview":"max-image-preview:large","max-video-preview":"max-video-preview:-1"},"canonical":"https:\/\/atl.org.mx\/index.php\/politicas-de-uso\/","og_locale":"es_MX","og_type":"article","og_title":"Pol\u00edticas de Uso - ATL el portal del agua de la C\u00e1tedra Unesco IMTA","og_description":"1.&nbsp;&nbsp;&nbsp;&nbsp; El Instituto Mexicano de Tecnolog\u00eda del Agua (IMTA), a trav\u00e9s de la C\u00e1tedra UNESCO-IMTA: El Agua en la sociedad del conocimiento,&hellip;","og_url":"https:\/\/atl.org.mx\/index.php\/politicas-de-uso\/","og_site_name":"ATL el portal del agua de la C\u00e1tedra Unesco IMTA","article_modified_time":"2021-03-16T14:02:57+00:00","twitter_card":"summary_large_image","twitter_misc":{"Tiempo de lectura":"2 minutos"},"schema":{"@context":"https:\/\/schema.org","@graph":[{"@type":"WebPage","@id":"https:\/\/atl.org.mx\/index.php\/politicas-de-uso\/","url":"https:\/\/atl.org.mx\/index.php\/politicas-de-uso\/","name":"Pol\u00edticas de Uso - ATL el portal del agua de la C\u00e1tedra Unesco IMTA","isPartOf":{"@id":"https:\/\/atl.org.mx\/#website"},"datePublished":"2021-03-02T20:03:23+00:00","dateModified":"2021-03-16T14:02:57+00:00","breadcrumb":{"@id":"https:\/\/atl.org.mx\/index.php\/politicas-de-uso\/#breadcrumb"},"inLanguage":"es","potentialAction":[{"@type":"ReadAction","target":["https:\/\/atl.org.mx\/index.php\/politicas-de-uso\/"]}]},{"@type":"BreadcrumbList","@id":"https:\/\/atl.org.mx\/index.php\/politicas-de-uso\/#breadcrumb","itemListElement":[{"@type":"ListItem","position":1,"name":"Inicio","item":"https:\/\/atl.org.mx\/"},{"@type":"ListItem","position":2,"name":"Pol\u00edticas de Uso"}]},{"@type":"WebSite","@id":"https:\/\/atl.org.mx\/#website","url":"https:\/\/atl.org.mx\/","name":"ATL el portal del agua de la C\u00e1tedra Unesco IMTA","description":"C\u00e1tedra UNESCO-IMTA","publisher":{"@id":"https:\/\/atl.org.mx\/#organization"},"potentialAction":[{"@type":"SearchAction","target":{"@type":"EntryPoint","urlTemplate":"https:\/\/atl.org.mx\/?s={search_term_string}"},"query-input":{"@type":"PropertyValueSpecification","valueRequired":true,"valueName":"search_term_string"}}],"inLanguage":"es"},{"@type":"Organization","@id":"https:\/\/atl.org.mx\/#organization","name":"ATL el portal del agua de la C\u00e1tedra Unesco IMTA","url":"https:\/\/atl.org.mx\/","logo":{"@type":"ImageObject","inLanguage":"es","@id":"https:\/\/atl.org.mx\/#\/schema\/logo\/image\/","url":"https:\/\/atl.org.mx\/wp-content\/uploads\/2023\/09\/logo_atl_catedra3.png","contentUrl":"https:\/\/atl.org.mx\/wp-content\/uploads\/2023\/09\/logo_atl_catedra3.png","width":250,"height":151,"caption":"ATL el portal del agua de la C\u00e1tedra Unesco IMTA"},"image":{"@id":"https:\/\/atl.org.mx\/#\/schema\/logo\/image\/"}}]}},"_links":{"self":[{"href":"https:\/\/atl.org.mx\/index.php\/wp-json\/wp\/v2\/pages\/3862","targetHints":{"allow":["GET"]}}],"collection":[{"href":"https:\/\/atl.org.mx\/index.php\/wp-json\/wp\/v2\/pages"}],"about":[{"href":"https:\/\/atl.org.mx\/index.php\/wp-json\/wp\/v2\/types\/page"}],"author":[{"embeddable":true,"href":"https:\/\/atl.org.mx\/index.php\/wp-json\/wp\/v2\/users\/1"}],"replies":[{"embeddable":true,"href":"https:\/\/atl.org.mx\/index.php\/wp-json\/wp\/v2\/comments?post=3862"}],"version-history":[{"count":2,"href":"https:\/\/atl.org.mx\/index.php\/wp-json\/wp\/v2\/pages\/3862\/revisions"}],"predecessor-version":[{"id":4339,"href":"https:\/\/atl.org.mx\/index.php\/wp-json\/wp\/v2\/pages\/3862\/revisions\/4339"}],"wp:attachment":[{"href":"https:\/\/atl.org.mx\/index.php\/wp-json\/wp\/v2\/media?parent=3862"}],"curies":[{"name":"wp","href":"https:\/\/api.w.org\/{rel}","templated":true}]}}