{"id":2838,"date":"2021-01-29T22:20:52","date_gmt":"2021-01-29T22:20:52","guid":{"rendered":"http:\/\/localhost\/tienda\/?page_id=2838"},"modified":"2024-04-09T19:50:13","modified_gmt":"2024-04-09T19:50:13","slug":"2838-2","status":"publish","type":"page","link":"https:\/\/atl.org.mx\/index.php\/2838-2\/","title":{"rendered":"Ubicaci\u00f3n"},"content":{"rendered":"\t\t<div data-elementor-type=\"wp-page\" data-elementor-id=\"2838\" class=\"elementor elementor-2838\">\n\t\t\t\t\t\t<section class=\"penci-section penci-disSticky penci-structure-10 elementor-section elementor-top-section elementor-element elementor-element-3820400 elementor-section-boxed elementor-section-height-default elementor-section-height-default\" data-id=\"3820400\" data-element_type=\"section\" data-e-type=\"section\">\n\t\t\t\t\t\t<div class=\"elementor-container elementor-column-gap-default\">\n\t\t\t\t\t<div class=\"penci-ercol-100 penci-ercol-order-1 penci-sticky-ct    elementor-column elementor-col-100 elementor-top-column elementor-element elementor-element-019aa05\" data-id=\"019aa05\" data-element_type=\"column\" data-e-type=\"column\">\n\t\t\t<div class=\"elementor-widget-wrap elementor-element-populated\">\n\t\t\t\t\t\t<div class=\"elementor-element elementor-element-8aa0cc7 elementor-widget elementor-widget-image\" data-id=\"8aa0cc7\" data-element_type=\"widget\" data-e-type=\"widget\" data-widget_type=\"image.default\">\n\t\t\t\t<div class=\"elementor-widget-container\">\n\t\t\t\t\t\t\t\t\t\t\t\t\t\t\t<img decoding=\"async\" src=\"https:\/\/atl.org.mx\/wp-content\/uploads\/elementor\/thumbs\/IMTA-ubicacion-rjs9bjhzwpzcwmt72x71tqrd3o8ci87feqrh4h7r2c.jpg\" title=\"Instituto Mexicano de Tecnolog\u00eda del Agua\" alt=\"Imagen ilustrativa de la entrada del Instituto Mexicano de Tecnolog\u00eda del Agua\" loading=\"lazy\" \/>\t\t\t\t\t\t\t\t\t\t\t\t\t\t\t<\/div>\n\t\t\t\t<\/div>\n\t\t\t\t\t<\/div>\n\t\t<\/div>\n\t\t\t\t\t<\/div>\n\t\t<\/section>\n\t\t\t\t<section class=\"penci-section penci-disSticky penci-structure-20 elementor-section elementor-top-section elementor-element elementor-element-2af55d1 elementor-section-boxed elementor-section-height-default elementor-section-height-default\" data-id=\"2af55d1\" data-element_type=\"section\" data-e-type=\"section\">\n\t\t\t\t\t\t<div class=\"elementor-container elementor-column-gap-default\">\n\t\t\t\t\t<div class=\"penci-ercol-50 penci-ercol-order-1 penci-sticky-ct    elementor-column elementor-col-50 elementor-top-column elementor-element elementor-element-08823cc\" data-id=\"08823cc\" data-element_type=\"column\" data-e-type=\"column\">\n\t\t\t<div class=\"elementor-widget-wrap elementor-element-populated\">\n\t\t\t\t\t\t<div class=\"elementor-element elementor-element-f66ed63 elementor-widget elementor-widget-penci-text-block\" data-id=\"f66ed63\" data-element_type=\"widget\" data-e-type=\"widget\" data-widget_type=\"penci-text-block.default\">\n\t\t\t\t<div class=\"elementor-widget-container\">\n\t\t\t\t\t\t\t<div class=\"penci-block-vc penci-text-editor\">\n\t\t\t\t\t\t<div class=\"penci-block_content\">\n\t\t\t\t<div class=\"elementor-text-editor elementor-clearfix\"><p><span style=\"font-size: large;\">La sede de la C\u00e1tedra UNESCO-IMTA es el Instituto Mexicano de tecnolog\u00eda del agua (IMTA) y el equipo de trabajo que lo administra, es la Subcoordinaci\u00f3n de comunicaci\u00f3n, divulgaci\u00f3n y cultura del agua .<\/span><br \/><br \/><\/p><p><span style=\"font-size: large;\">El Instituto Mexicano de Tecnolog\u00eda del Agua (IMTA) es un organismo p\u00fablico descentralizado que se aboca a enfrentar los retos nacionales y regionales asociados con el manejo del agua\u00a0y a perfilar nuevos enfoques en materia de investigaci\u00f3n y desarrollo tecnol\u00f3gicos para proteger el recurso y asignarlo de manera eficiente y equitativa entre los distintos usuarios.<\/span><\/p><\/div>\n\t\t\t<\/div>\n\t\t<\/div>\n\t\t\t\t\t\t<\/div>\n\t\t\t\t<\/div>\n\t\t\t\t\t<\/div>\n\t\t<\/div>\n\t\t\t\t<div class=\"penci-ercol-50 penci-ercol-order-2 penci-sticky-ct    elementor-column elementor-col-50 elementor-top-column elementor-element elementor-element-d694935\" data-id=\"d694935\" data-element_type=\"column\" data-e-type=\"column\">\n\t\t\t<div class=\"elementor-widget-wrap elementor-element-populated\">\n\t\t\t\t\t\t<div class=\"elementor-element elementor-element-d081217 elementor-widget elementor-widget-spacer\" data-id=\"d081217\" data-element_type=\"widget\" data-e-type=\"widget\" data-widget_type=\"spacer.default\">\n\t\t\t\t<div class=\"elementor-widget-container\">\n\t\t\t\t\t\t\t<div class=\"elementor-spacer\">\n\t\t\t<div class=\"elementor-spacer-inner\"><\/div>\n\t\t<\/div>\n\t\t\t\t\t\t<\/div>\n\t\t\t\t<\/div>\n\t\t\t\t<div class=\"elementor-element elementor-element-71883ac elementor-widget elementor-widget-penci-text-block\" data-id=\"71883ac\" data-element_type=\"widget\" data-e-type=\"widget\" data-widget_type=\"penci-text-block.default\">\n\t\t\t\t<div class=\"elementor-widget-container\">\n\t\t\t\t\t\t\t<div class=\"penci-block-vc penci-text-editor\">\n\t\t\t    <div class=\"penci-border-arrow penci-homepage-title penci-home-latest-posts style-6 pcalign-left pciconp-right pcicon-right block-title-icon-left\">\n        <h3 class=\"inner-arrow\">\n        <span>\n                    <span>Datos de contacto<\/a>                <\/span>\n        <\/h3>\n\t\t        <\/div>\n\t\t\t\t\t<div class=\"penci-block_content\">\n\t\t\t\t<div class=\"elementor-text-editor elementor-clearfix\"><FONT SIZE=4><strong>Direcci\u00f3n:\u00a0<\/strong>Blvd. Paseo Cuauhn\u00e1huac 8532, Progreso, 62550 Jiutepec, Mor.<br>\n<strong>Tel\u00e9fono<\/strong>:\u00a0777 329 3600\n<br><strong>Email<\/strong>: <a href=\"mailto:medios@tlaloc.imta.mx\">medios@tlaloc.imta.mx<\/a><\/FONT><\/div>\n\t\t\t<\/div>\n\t\t<\/div>\n\t\t\t\t\t\t<\/div>\n\t\t\t\t<\/div>\n\t\t\t\t\t<\/div>\n\t\t<\/div>\n\t\t\t\t\t<\/div>\n\t\t<\/section>\n\t\t\t\t<section class=\"penci-section penci-disSticky penci-structure-10 elementor-section elementor-top-section elementor-element elementor-element-59d91e8 elementor-section-boxed elementor-section-height-default elementor-section-height-default\" data-id=\"59d91e8\" data-element_type=\"section\" data-e-type=\"section\">\n\t\t\t\t\t\t<div class=\"elementor-container elementor-column-gap-default\">\n\t\t\t\t\t<div class=\"penci-ercol-100 penci-ercol-order-1 penci-sticky-ct    elementor-column elementor-col-100 elementor-top-column elementor-element elementor-element-448538a\" data-id=\"448538a\" data-element_type=\"column\" data-e-type=\"column\">\n\t\t\t<div class=\"elementor-widget-wrap elementor-element-populated\">\n\t\t\t\t\t\t<div class=\"elementor-element elementor-element-0064856 elementor-widget elementor-widget-html\" data-id=\"0064856\" data-element_type=\"widget\" data-e-type=\"widget\" data-widget_type=\"html.default\">\n\t\t\t\t<div class=\"elementor-widget-container\">\n\t\t\t\t\t<center><iframe src=\"https:\/\/www.google.com\/maps\/embed?pb=!1m14!1m8!1m3!1d15100.18214051816!2d-99.158852!3d18.885061!3m2!1i1024!2i768!4f13.1!3m3!1m2!1s0x85ce75c4fb3997d5%3A0xac2132df6a7303df!2sInstituto%20Mexicano%20de%20Tecnolog%C3%ADa%20del%20Agua%20(IMTA)!5e0!3m2!1ses!2smx!4v1702495021543!5m2!1ses!2smx\" width=\"600\" height=\"150\" style=\"border:0;\" allowfullscreen=\"\" loading=\"lazy\" referrerpolicy=\"no-referrer-when-downgrade\"><\/iframe><\/center>\t\t\t\t<\/div>\n\t\t\t\t<\/div>\n\t\t\t\t\t<\/div>\n\t\t<\/div>\n\t\t\t\t\t<\/div>\n\t\t<\/section>\n\t\t\t\t<\/div>\n\t\t","protected":false},"excerpt":{"rendered":"<p>La sede de la C\u00e1tedra UNESCO-IMTA es el Instituto Mexicano de tecnolog\u00eda del agua (IMTA) y el equipo de trabajo que lo&hellip;<\/p>\n","protected":false},"author":1,"featured_media":0,"parent":0,"menu_order":0,"comment_status":"closed","ping_status":"closed","template":"","meta":{"content-type":"","_lmt_disableupdate":"","_lmt_disable":"","footnotes":""},"class_list":["post-2838","page","type-page","status-publish","hentry"],"yoast_head":"<!-- This site is optimized with the Yoast SEO plugin v27.4 - https:\/\/yoast.com\/product\/yoast-seo-wordpress\/ -->\n<title>Ubicaci\u00f3n - ATL el portal del agua de la C\u00e1tedra Unesco IMTA<\/title>\n<meta name=\"description\" content=\"El Instituto Mexicano de Tecnolog\u00eda del Agua (IMTA) es un organismo p\u00fablico descentralizado que se aboca a enfrentar los retos nacionales y regionales asociados con el manejo del agua y a perfilar nuevos enfoques en materia de investigaci\u00f3n y desarrollo tecnol\u00f3gicos para proteger el recurso y asignarlo de manera eficiente y equitativa entre los distintos usuarios.\" \/>\n<meta name=\"robots\" content=\"index, follow, max-snippet:-1, max-image-preview:large, max-video-preview:-1\" \/>\n<link rel=\"canonical\" href=\"https:\/\/atl.org.mx\/index.php\/2838-2\/\" \/>\n<meta property=\"og:locale\" content=\"es_MX\" \/>\n<meta property=\"og:type\" content=\"article\" \/>\n<meta property=\"og:title\" content=\"Ubicaci\u00f3n - ATL el portal del agua de la C\u00e1tedra Unesco IMTA\" \/>\n<meta property=\"og:description\" content=\"El Instituto Mexicano de Tecnolog\u00eda del Agua (IMTA) es un organismo p\u00fablico descentralizado que se aboca a enfrentar los retos nacionales y regionales asociados con el manejo del agua y a perfilar nuevos enfoques en materia de investigaci\u00f3n y desarrollo tecnol\u00f3gicos para proteger el recurso y asignarlo de manera eficiente y equitativa entre los distintos usuarios.\" \/>\n<meta property=\"og:url\" content=\"https:\/\/atl.org.mx\/index.php\/2838-2\/\" \/>\n<meta property=\"og:site_name\" content=\"ATL el portal del agua de la C\u00e1tedra Unesco IMTA\" \/>\n<meta property=\"article:modified_time\" content=\"2024-04-09T19:50:13+00:00\" \/>\n<meta property=\"og:image\" content=\"http:\/\/172.16.2.72\/wp-content\/uploads\/elementor\/thumbs\/IMTA-ubicacion-qmgz593bl74np34hx1e0wfq8s4nh1yw9r2ffs59kn8.jpg\" \/>\n<meta name=\"twitter:card\" content=\"summary_large_image\" \/>\n<meta name=\"twitter:label1\" content=\"Tiempo de lectura\" \/>\n\t<meta name=\"twitter:data1\" content=\"1 minuto\" \/>\n<script type=\"application\/ld+json\" class=\"yoast-schema-graph\">{\"@context\":\"https:\\\/\\\/schema.org\",\"@graph\":[{\"@type\":\"WebPage\",\"@id\":\"https:\\\/\\\/atl.org.mx\\\/index.php\\\/2838-2\\\/\",\"url\":\"https:\\\/\\\/atl.org.mx\\\/index.php\\\/2838-2\\\/\",\"name\":\"Ubicaci\u00f3n - ATL el portal del agua de la C\u00e1tedra Unesco IMTA\",\"isPartOf\":{\"@id\":\"https:\\\/\\\/atl.org.mx\\\/#website\"},\"primaryImageOfPage\":{\"@id\":\"https:\\\/\\\/atl.org.mx\\\/index.php\\\/2838-2\\\/#primaryimage\"},\"image\":{\"@id\":\"https:\\\/\\\/atl.org.mx\\\/index.php\\\/2838-2\\\/#primaryimage\"},\"thumbnailUrl\":\"http:\\\/\\\/172.16.2.72\\\/wp-content\\\/uploads\\\/elementor\\\/thumbs\\\/IMTA-ubicacion-qmgz593bl74np34hx1e0wfq8s4nh1yw9r2ffs59kn8.jpg\",\"datePublished\":\"2021-01-29T22:20:52+00:00\",\"dateModified\":\"2024-04-09T19:50:13+00:00\",\"description\":\"El Instituto Mexicano de Tecnolog\u00eda del Agua (IMTA) es un organismo p\u00fablico descentralizado que se aboca a enfrentar los retos nacionales y regionales asociados con el manejo del agua y a perfilar nuevos enfoques en materia de investigaci\u00f3n y desarrollo tecnol\u00f3gicos para proteger el recurso y asignarlo de manera eficiente y equitativa entre los distintos usuarios.\",\"breadcrumb\":{\"@id\":\"https:\\\/\\\/atl.org.mx\\\/index.php\\\/2838-2\\\/#breadcrumb\"},\"inLanguage\":\"es\",\"potentialAction\":[{\"@type\":\"ReadAction\",\"target\":[\"https:\\\/\\\/atl.org.mx\\\/index.php\\\/2838-2\\\/\"]}]},{\"@type\":\"ImageObject\",\"inLanguage\":\"es\",\"@id\":\"https:\\\/\\\/atl.org.mx\\\/index.php\\\/2838-2\\\/#primaryimage\",\"url\":\"http:\\\/\\\/172.16.2.72\\\/wp-content\\\/uploads\\\/elementor\\\/thumbs\\\/IMTA-ubicacion-qmgz593bl74np34hx1e0wfq8s4nh1yw9r2ffs59kn8.jpg\",\"contentUrl\":\"http:\\\/\\\/172.16.2.72\\\/wp-content\\\/uploads\\\/elementor\\\/thumbs\\\/IMTA-ubicacion-qmgz593bl74np34hx1e0wfq8s4nh1yw9r2ffs59kn8.jpg\"},{\"@type\":\"BreadcrumbList\",\"@id\":\"https:\\\/\\\/atl.org.mx\\\/index.php\\\/2838-2\\\/#breadcrumb\",\"itemListElement\":[{\"@type\":\"ListItem\",\"position\":1,\"name\":\"Inicio\",\"item\":\"https:\\\/\\\/atl.org.mx\\\/\"},{\"@type\":\"ListItem\",\"position\":2,\"name\":\"Ubicaci\u00f3n\"}]},{\"@type\":\"WebSite\",\"@id\":\"https:\\\/\\\/atl.org.mx\\\/#website\",\"url\":\"https:\\\/\\\/atl.org.mx\\\/\",\"name\":\"ATL el portal del agua de la C\u00e1tedra Unesco IMTA\",\"description\":\"C\u00e1tedra UNESCO-IMTA\",\"publisher\":{\"@id\":\"https:\\\/\\\/atl.org.mx\\\/#organization\"},\"potentialAction\":[{\"@type\":\"SearchAction\",\"target\":{\"@type\":\"EntryPoint\",\"urlTemplate\":\"https:\\\/\\\/atl.org.mx\\\/?s={search_term_string}\"},\"query-input\":{\"@type\":\"PropertyValueSpecification\",\"valueRequired\":true,\"valueName\":\"search_term_string\"}}],\"inLanguage\":\"es\"},{\"@type\":\"Organization\",\"@id\":\"https:\\\/\\\/atl.org.mx\\\/#organization\",\"name\":\"ATL el portal del agua de la C\u00e1tedra Unesco IMTA\",\"url\":\"https:\\\/\\\/atl.org.mx\\\/\",\"logo\":{\"@type\":\"ImageObject\",\"inLanguage\":\"es\",\"@id\":\"https:\\\/\\\/atl.org.mx\\\/#\\\/schema\\\/logo\\\/image\\\/\",\"url\":\"https:\\\/\\\/atl.org.mx\\\/wp-content\\\/uploads\\\/2023\\\/09\\\/logo_atl_catedra3.png\",\"contentUrl\":\"https:\\\/\\\/atl.org.mx\\\/wp-content\\\/uploads\\\/2023\\\/09\\\/logo_atl_catedra3.png\",\"width\":250,\"height\":151,\"caption\":\"ATL el portal del agua de la C\u00e1tedra Unesco IMTA\"},\"image\":{\"@id\":\"https:\\\/\\\/atl.org.mx\\\/#\\\/schema\\\/logo\\\/image\\\/\"}}]}<\/script>\n<!-- \/ Yoast SEO plugin. -->","yoast_head_json":{"title":"Ubicaci\u00f3n - ATL el portal del agua de la C\u00e1tedra Unesco IMTA","description":"El Instituto Mexicano de Tecnolog\u00eda del Agua (IMTA) es un organismo p\u00fablico descentralizado que se aboca a enfrentar los retos nacionales y regionales asociados con el manejo del agua y a perfilar nuevos enfoques en materia de investigaci\u00f3n y desarrollo tecnol\u00f3gicos para proteger el recurso y asignarlo de manera eficiente y equitativa entre los distintos usuarios.","robots":{"index":"index","follow":"follow","max-snippet":"max-snippet:-1","max-image-preview":"max-image-preview:large","max-video-preview":"max-video-preview:-1"},"canonical":"https:\/\/atl.org.mx\/index.php\/2838-2\/","og_locale":"es_MX","og_type":"article","og_title":"Ubicaci\u00f3n - ATL el portal del agua de la C\u00e1tedra Unesco IMTA","og_description":"El Instituto Mexicano de Tecnolog\u00eda del Agua (IMTA) es un organismo p\u00fablico descentralizado que se aboca a enfrentar los retos nacionales y regionales asociados con el manejo del agua y a perfilar nuevos enfoques en materia de investigaci\u00f3n y desarrollo tecnol\u00f3gicos para proteger el recurso y asignarlo de manera eficiente y equitativa entre los distintos usuarios.","og_url":"https:\/\/atl.org.mx\/index.php\/2838-2\/","og_site_name":"ATL el portal del agua de la C\u00e1tedra Unesco IMTA","article_modified_time":"2024-04-09T19:50:13+00:00","og_image":[{"url":"http:\/\/172.16.2.72\/wp-content\/uploads\/elementor\/thumbs\/IMTA-ubicacion-qmgz593bl74np34hx1e0wfq8s4nh1yw9r2ffs59kn8.jpg","type":"","width":"","height":""}],"twitter_card":"summary_large_image","twitter_misc":{"Tiempo de lectura":"1 minuto"},"schema":{"@context":"https:\/\/schema.org","@graph":[{"@type":"WebPage","@id":"https:\/\/atl.org.mx\/index.php\/2838-2\/","url":"https:\/\/atl.org.mx\/index.php\/2838-2\/","name":"Ubicaci\u00f3n - ATL el portal del agua de la C\u00e1tedra Unesco IMTA","isPartOf":{"@id":"https:\/\/atl.org.mx\/#website"},"primaryImageOfPage":{"@id":"https:\/\/atl.org.mx\/index.php\/2838-2\/#primaryimage"},"image":{"@id":"https:\/\/atl.org.mx\/index.php\/2838-2\/#primaryimage"},"thumbnailUrl":"http:\/\/172.16.2.72\/wp-content\/uploads\/elementor\/thumbs\/IMTA-ubicacion-qmgz593bl74np34hx1e0wfq8s4nh1yw9r2ffs59kn8.jpg","datePublished":"2021-01-29T22:20:52+00:00","dateModified":"2024-04-09T19:50:13+00:00","description":"El Instituto Mexicano de Tecnolog\u00eda del Agua (IMTA) es un organismo p\u00fablico descentralizado que se aboca a enfrentar los retos nacionales y regionales asociados con el manejo del agua y a perfilar nuevos enfoques en materia de investigaci\u00f3n y desarrollo tecnol\u00f3gicos para proteger el recurso y asignarlo de manera eficiente y equitativa entre los distintos usuarios.","breadcrumb":{"@id":"https:\/\/atl.org.mx\/index.php\/2838-2\/#breadcrumb"},"inLanguage":"es","potentialAction":[{"@type":"ReadAction","target":["https:\/\/atl.org.mx\/index.php\/2838-2\/"]}]},{"@type":"ImageObject","inLanguage":"es","@id":"https:\/\/atl.org.mx\/index.php\/2838-2\/#primaryimage","url":"http:\/\/172.16.2.72\/wp-content\/uploads\/elementor\/thumbs\/IMTA-ubicacion-qmgz593bl74np34hx1e0wfq8s4nh1yw9r2ffs59kn8.jpg","contentUrl":"http:\/\/172.16.2.72\/wp-content\/uploads\/elementor\/thumbs\/IMTA-ubicacion-qmgz593bl74np34hx1e0wfq8s4nh1yw9r2ffs59kn8.jpg"},{"@type":"BreadcrumbList","@id":"https:\/\/atl.org.mx\/index.php\/2838-2\/#breadcrumb","itemListElement":[{"@type":"ListItem","position":1,"name":"Inicio","item":"https:\/\/atl.org.mx\/"},{"@type":"ListItem","position":2,"name":"Ubicaci\u00f3n"}]},{"@type":"WebSite","@id":"https:\/\/atl.org.mx\/#website","url":"https:\/\/atl.org.mx\/","name":"ATL el portal del agua de la C\u00e1tedra Unesco IMTA","description":"C\u00e1tedra UNESCO-IMTA","publisher":{"@id":"https:\/\/atl.org.mx\/#organization"},"potentialAction":[{"@type":"SearchAction","target":{"@type":"EntryPoint","urlTemplate":"https:\/\/atl.org.mx\/?s={search_term_string}"},"query-input":{"@type":"PropertyValueSpecification","valueRequired":true,"valueName":"search_term_string"}}],"inLanguage":"es"},{"@type":"Organization","@id":"https:\/\/atl.org.mx\/#organization","name":"ATL el portal del agua de la C\u00e1tedra Unesco IMTA","url":"https:\/\/atl.org.mx\/","logo":{"@type":"ImageObject","inLanguage":"es","@id":"https:\/\/atl.org.mx\/#\/schema\/logo\/image\/","url":"https:\/\/atl.org.mx\/wp-content\/uploads\/2023\/09\/logo_atl_catedra3.png","contentUrl":"https:\/\/atl.org.mx\/wp-content\/uploads\/2023\/09\/logo_atl_catedra3.png","width":250,"height":151,"caption":"ATL el portal del agua de la C\u00e1tedra Unesco IMTA"},"image":{"@id":"https:\/\/atl.org.mx\/#\/schema\/logo\/image\/"}}]}},"_links":{"self":[{"href":"https:\/\/atl.org.mx\/index.php\/wp-json\/wp\/v2\/pages\/2838","targetHints":{"allow":["GET"]}}],"collection":[{"href":"https:\/\/atl.org.mx\/index.php\/wp-json\/wp\/v2\/pages"}],"about":[{"href":"https:\/\/atl.org.mx\/index.php\/wp-json\/wp\/v2\/types\/page"}],"author":[{"embeddable":true,"href":"https:\/\/atl.org.mx\/index.php\/wp-json\/wp\/v2\/users\/1"}],"replies":[{"embeddable":true,"href":"https:\/\/atl.org.mx\/index.php\/wp-json\/wp\/v2\/comments?post=2838"}],"version-history":[{"count":63,"href":"https:\/\/atl.org.mx\/index.php\/wp-json\/wp\/v2\/pages\/2838\/revisions"}],"predecessor-version":[{"id":8299,"href":"https:\/\/atl.org.mx\/index.php\/wp-json\/wp\/v2\/pages\/2838\/revisions\/8299"}],"wp:attachment":[{"href":"https:\/\/atl.org.mx\/index.php\/wp-json\/wp\/v2\/media?parent=2838"}],"curies":[{"name":"wp","href":"https:\/\/api.w.org\/{rel}","templated":true}]}}