{"id":2831,"date":"2021-01-29T21:45:59","date_gmt":"2021-01-29T21:45:59","guid":{"rendered":"http:\/\/localhost\/tienda\/?page_id=2831"},"modified":"2023-12-13T18:35:09","modified_gmt":"2023-12-13T18:35:09","slug":"que-es-atl","status":"publish","type":"page","link":"https:\/\/atl.org.mx\/index.php\/que-es-atl\/","title":{"rendered":"\u00bfQu\u00e9 es Atl?"},"content":{"rendered":"\t\t<div data-elementor-type=\"wp-page\" data-elementor-id=\"2831\" class=\"elementor elementor-2831\">\n\t\t\t\t\t\t<section class=\"penci-section penci-disSticky penci-structure-10 elementor-section elementor-top-section elementor-element elementor-element-c836e4d elementor-section-boxed elementor-section-height-default elementor-section-height-default\" data-id=\"c836e4d\" data-element_type=\"section\" data-e-type=\"section\">\n\t\t\t\t\t\t<div class=\"elementor-container elementor-column-gap-default\">\n\t\t\t\t\t<div class=\"penci-ercol-100 penci-ercol-order-1 penci-sticky-ct    elementor-column elementor-col-100 elementor-top-column elementor-element elementor-element-8d52868\" data-id=\"8d52868\" data-element_type=\"column\" data-e-type=\"column\">\n\t\t\t<div class=\"elementor-widget-wrap elementor-element-populated\">\n\t\t\t\t\t\t<div class=\"elementor-element elementor-element-69266b5 elementor-widget elementor-widget-text-editor\" data-id=\"69266b5\" data-element_type=\"widget\" data-e-type=\"widget\" data-widget_type=\"text-editor.default\">\n\t\t\t\t<div class=\"elementor-widget-container\">\n\t\t\t\t\t\t\t\t\t<h4>Atl es un sitio que busca difundir informaci\u00f3n, y otros contenidos sobre el Agua y la Sociedad del Conocimiento, que pudieran ser de inter\u00e9s del p\u00fablico en general ya que estamos convencidos que el conocimiento crece cuando se comparte.<\/h4>\t\t\t\t\t\t\t\t<\/div>\n\t\t\t\t<\/div>\n\t\t\t\t<div class=\"elementor-element elementor-element-1ef5ee5 elementor-widget elementor-widget-heading\" data-id=\"1ef5ee5\" data-element_type=\"widget\" data-e-type=\"widget\" data-widget_type=\"heading.default\">\n\t\t\t\t<div class=\"elementor-widget-container\">\n\t\t\t\t\t<h2 class=\"elementor-heading-title elementor-size-default\">\u00bfQu\u00e9 ofrece ATL?<\/h2>\t\t\t\t<\/div>\n\t\t\t\t<\/div>\n\t\t\t\t\t<\/div>\n\t\t<\/div>\n\t\t\t\t\t<\/div>\n\t\t<\/section>\n\t\t\t\t<section class=\"penci-section penci-disSticky penci-structure-30 elementor-section elementor-top-section elementor-element elementor-element-807ef26 elementor-section-boxed elementor-section-height-default elementor-section-height-default\" data-id=\"807ef26\" data-element_type=\"section\" data-e-type=\"section\">\n\t\t\t\t\t\t<div class=\"elementor-container elementor-column-gap-default\">\n\t\t\t\t\t<div class=\"penci-ercol-33 penci-ercol-order-1 penci-sticky-sb penci-sidebarSC   elementor-column elementor-col-33 elementor-top-column elementor-element elementor-element-fa79837\" data-id=\"fa79837\" data-element_type=\"column\" data-e-type=\"column\">\n\t\t\t<div class=\"elementor-widget-wrap elementor-element-populated\">\n\t\t\t\t\t\t<div class=\"elementor-element elementor-element-f27092a elementor-widget elementor-widget-penci-text-block\" data-id=\"f27092a\" data-element_type=\"widget\" data-e-type=\"widget\" data-widget_type=\"penci-text-block.default\">\n\t\t\t\t<div class=\"elementor-widget-container\">\n\t\t\t\t\t\t\t<div class=\"penci-block-vc penci-text-editor\">\n\t\t\t\t\t\t<div class=\"penci-block_content\">\n\t\t\t\t<div class=\"elementor-text-editor elementor-clearfix\"><blockquote><p><span style=\"font-size: large;\">Espacios de discusi\u00f3n en l\u00ednea de los temas de mayor relevancia, referidos al agua o al ambiente y a todas aquellas l\u00edneas estrat\u00e9gicas para un desarrollo sustentable del recurso agua en el mundo.<\/span><\/p><\/blockquote><\/div>\n\t\t\t<\/div>\n\t\t<\/div>\n\t\t\t\t\t\t<\/div>\n\t\t\t\t<\/div>\n\t\t\t\t<div class=\"elementor-element elementor-element-9c50854 elementor-widget elementor-widget-penci-text-block\" data-id=\"9c50854\" data-element_type=\"widget\" data-e-type=\"widget\" data-widget_type=\"penci-text-block.default\">\n\t\t\t\t<div class=\"elementor-widget-container\">\n\t\t\t\t\t\t\t<div class=\"penci-block-vc penci-text-editor\">\n\t\t\t\t\t\t<div class=\"penci-block_content\">\n\t\t\t\t<div class=\"elementor-text-editor elementor-clearfix\"><blockquote><p><span style=\"font-size: large;\">Hiperv\u00ednculos que permiten \u201cnavegar\u201d a todos aquellos sitios que ofrezcan informaci\u00f3n adicional, relacionada con la b\u00fasqueda que se realice.<\/span><\/p><\/blockquote><\/div>\n\t\t\t<\/div>\n\t\t<\/div>\n\t\t\t\t\t\t<\/div>\n\t\t\t\t<\/div>\n\t\t\t\t<div class=\"elementor-element elementor-element-14ca8c9 elementor-widget elementor-widget-penci-text-block\" data-id=\"14ca8c9\" data-element_type=\"widget\" data-e-type=\"widget\" data-widget_type=\"penci-text-block.default\">\n\t\t\t\t<div class=\"elementor-widget-container\">\n\t\t\t\t\t\t\t<div class=\"penci-block-vc penci-text-editor\">\n\t\t\t\t\t\t<div class=\"penci-block_content\">\n\t\t\t\t<div class=\"elementor-text-editor elementor-clearfix\"><blockquote><p><span style=\"font-size: large;\">El IMTA tambi\u00e9n colabora ofreciendo la consulta, selecci\u00f3n y adquisici\u00f3n en l\u00ednea de todo el acervo videogr\u00e1fico producido en m\u00e1s de veinte a\u00f1os contenido en su \u201cvideoteca del agua\u201d. A esta videoteca se sumar\u00e1n tambi\u00e9n las contribuciones que nos hagan llegar nuestros colaboradores que sean pertinentes y de calidad.<\/span><\/p><\/blockquote><\/div>\n\t\t\t<\/div>\n\t\t<\/div>\n\t\t\t\t\t\t<\/div>\n\t\t\t\t<\/div>\n\t\t\t\t\t<\/div>\n\t\t<\/div>\n\t\t\t\t<div class=\"penci-ercol-33 penci-ercol-order-2 penci-sticky-sb penci-sidebarSC   elementor-column elementor-col-33 elementor-top-column elementor-element elementor-element-f32d117\" data-id=\"f32d117\" data-element_type=\"column\" data-e-type=\"column\">\n\t\t\t<div class=\"elementor-widget-wrap elementor-element-populated\">\n\t\t\t\t\t\t<div class=\"elementor-element elementor-element-47ac46d elementor-widget elementor-widget-penci-text-block\" data-id=\"47ac46d\" data-element_type=\"widget\" data-e-type=\"widget\" data-widget_type=\"penci-text-block.default\">\n\t\t\t\t<div class=\"elementor-widget-container\">\n\t\t\t\t\t\t\t<div class=\"penci-block-vc penci-text-editor\">\n\t\t\t\t\t\t<div class=\"penci-block_content\">\n\t\t\t\t<div class=\"elementor-text-editor elementor-clearfix\"><blockquote><FONT SIZE=4>B\u00fasquedas especializadas a disposici\u00f3n de los m\u00e1s diversos segmentos de clientes o usuarios potenciales (gobiernos federales, estatales y municipales, organismos internacionales, instituciones acad\u00e9micas, empresas del sector y p\u00fablico en general) sobre informaci\u00f3n relevante, pertinente y relacionada con su particular inter\u00e9s.<\/FONT><\/blockquote><\/div>\n\t\t\t<\/div>\n\t\t<\/div>\n\t\t\t\t\t\t<\/div>\n\t\t\t\t<\/div>\n\t\t\t\t<div class=\"elementor-element elementor-element-e663ecc elementor-widget elementor-widget-penci-text-block\" data-id=\"e663ecc\" data-element_type=\"widget\" data-e-type=\"widget\" data-widget_type=\"penci-text-block.default\">\n\t\t\t\t<div class=\"elementor-widget-container\">\n\t\t\t\t\t\t\t<div class=\"penci-block-vc penci-text-editor\">\n\t\t\t\t\t\t<div class=\"penci-block_content\">\n\t\t\t\t<div class=\"elementor-text-editor elementor-clearfix\"><blockquote><FONT SIZE=4>Sistemas de capacitaci\u00f3n en l\u00ednea ya sea con cursos en tiempo real (videoconferencias) o en sistemas diferidos de acceso permanente y con el respaldo de los mejores especialistas de institutos de investigaci\u00f3n como el IMTA por ejemplo.<\/FONT><\/blockquote><\/div>\n\t\t\t<\/div>\n\t\t<\/div>\n\t\t\t\t\t\t<\/div>\n\t\t\t\t<\/div>\n\t\t\t\t\t<\/div>\n\t\t<\/div>\n\t\t\t\t<div class=\"penci-ercol-33 penci-ercol-order-3 penci-sticky-sb penci-sidebarSC   elementor-column elementor-col-33 elementor-top-column elementor-element elementor-element-44c52d0\" data-id=\"44c52d0\" data-element_type=\"column\" data-e-type=\"column\">\n\t\t\t<div class=\"elementor-widget-wrap elementor-element-populated\">\n\t\t\t\t\t\t<div class=\"elementor-element elementor-element-3ec719e elementor-widget elementor-widget-penci-text-block\" data-id=\"3ec719e\" data-element_type=\"widget\" data-e-type=\"widget\" data-widget_type=\"penci-text-block.default\">\n\t\t\t\t<div class=\"elementor-widget-container\">\n\t\t\t\t\t\t\t<div class=\"penci-block-vc penci-text-editor\">\n\t\t\t\t\t\t<div class=\"penci-block_content\">\n\t\t\t\t<div class=\"elementor-text-editor elementor-clearfix\"><blockquote><FONT SIZE=5>El acceso a informaci\u00f3n en formatos que aprovechan todo el potencial de los diferentes medios electr\u00f3nicos (multimedia).<\/FONT><\/blockquote><\/div>\n\t\t\t<\/div>\n\t\t<\/div>\n\t\t\t\t\t\t<\/div>\n\t\t\t\t<\/div>\n\t\t\t\t<div class=\"elementor-element elementor-element-b66c739 elementor-widget elementor-widget-penci-text-block\" data-id=\"b66c739\" data-element_type=\"widget\" data-e-type=\"widget\" data-widget_type=\"penci-text-block.default\">\n\t\t\t\t<div class=\"elementor-widget-container\">\n\t\t\t\t\t\t\t<div class=\"penci-block-vc penci-text-editor\">\n\t\t\t\t\t\t<div class=\"penci-block_content\">\n\t\t\t\t<div class=\"elementor-text-editor elementor-clearfix\"><blockquote><FONT SIZE=5>El IMTA como administrador de este sitio, ofrece el acceso a la consulta de aquellas colecciones o series de informaci\u00f3n que ha producido a lo largo de su historia y que se pueden calificar como \u00fanicas en el pa\u00eds. A estas colecciones se ir\u00e1n sumando las de diversos colaboradores o visitantes del Portal.<\/FONT><\/blockquote><\/div>\n\t\t\t<\/div>\n\t\t<\/div>\n\t\t\t\t\t\t<\/div>\n\t\t\t\t<\/div>\n\t\t\t\t\t<\/div>\n\t\t<\/div>\n\t\t\t\t\t<\/div>\n\t\t<\/section>\n\t\t\t\t<section class=\"penci-section penci-disSticky penci-structure-22 elementor-section elementor-top-section elementor-element elementor-element-a4e210b elementor-section-boxed elementor-section-height-default elementor-section-height-default\" data-id=\"a4e210b\" data-element_type=\"section\" data-e-type=\"section\">\n\t\t\t\t\t\t<div class=\"elementor-container elementor-column-gap-default\">\n\t\t\t\t\t<div class=\"penci-ercol-66 penci-ercol-order-1 penci-sticky-ct    elementor-column elementor-col-66 elementor-top-column elementor-element elementor-element-9984677\" data-id=\"9984677\" data-element_type=\"column\" data-e-type=\"column\">\n\t\t\t<div class=\"elementor-widget-wrap elementor-element-populated\">\n\t\t\t\t\t\t<div class=\"elementor-element elementor-element-6b39da9 elementor-widget elementor-widget-penci-text-block\" data-id=\"6b39da9\" data-element_type=\"widget\" data-e-type=\"widget\" data-widget_type=\"penci-text-block.default\">\n\t\t\t\t<div class=\"elementor-widget-container\">\n\t\t\t\t\t\t\t<div class=\"penci-block-vc penci-text-editor\">\n\t\t\t\t\t\t<div class=\"penci-block_content\">\n\t\t\t\t<div class=\"elementor-text-editor elementor-clearfix\"><pre><span style=\"font-size: large;\">La palabra <strong>Atl <\/strong>proviene del n\u00e1huatl y significa: \u2018<strong>agua<\/strong>\u2019, \u2018<strong>fuente de vida<\/strong>\u2019. Es uno de los vocablos que podemos encontrar con mayor frecuencia en nuestra cultura debido al gran simbolismo e importancia del agua.\n\nExisten otros t\u00e9rminos en n\u00e1huatl como por ejemplo,\u00a0atepetl, que significa \u2018cerro de agua\u2019, tomado de las ra\u00edces atl, \u2018agua\u2019 y\u00a0tepetl, \u2018cerro\u2019. Este t\u00e9rmino se utilizaba para referirse a una comunidad o un pueblo, con lo que podemos observar la interrelaci\u00f3n entre la cercan\u00eda geogr\u00e1fica y el recurso del agua considerada como una totalidad.<\/span><\/pre><\/div>\n\t\t\t<\/div>\n\t\t<\/div>\n\t\t\t\t\t\t<\/div>\n\t\t\t\t<\/div>\n\t\t\t\t\t<\/div>\n\t\t<\/div>\n\t\t\t\t<div class=\"penci-ercol-33 penci-ercol-order-2 penci-sticky-sb penci-sidebarSC   elementor-column elementor-col-33 elementor-top-column elementor-element elementor-element-5fd3269\" data-id=\"5fd3269\" data-element_type=\"column\" data-e-type=\"column\">\n\t\t\t<div class=\"elementor-widget-wrap elementor-element-populated\">\n\t\t\t\t\t\t<div class=\"elementor-element elementor-element-043694a animated-slow elementor-invisible elementor-widget elementor-widget-image\" data-id=\"043694a\" data-element_type=\"widget\" data-e-type=\"widget\" data-settings=\"{&quot;_animation&quot;:&quot;pulse&quot;}\" data-widget_type=\"image.default\">\n\t\t\t\t<div class=\"elementor-widget-container\">\n\t\t\t\t\t\t\t\t\t\t\t\t\t\t\t<img fetchpriority=\"high\" decoding=\"async\" width=\"400\" height=\"248\" src=\"https:\/\/atl.org.mx\/wp-content\/uploads\/2021\/02\/Que_es_atl.jpg\" class=\"attachment-large size-large wp-image-3670\" alt=\"ATL el Agua y la Sociedad del Conocimiento\" srcset=\"https:\/\/atl.org.mx\/wp-content\/uploads\/2021\/02\/Que_es_atl.jpg 400w, https:\/\/atl.org.mx\/wp-content\/uploads\/2021\/02\/Que_es_atl-300x186.jpg 300w, https:\/\/atl.org.mx\/wp-content\/uploads\/2021\/02\/Que_es_atl-367x228.jpg 367w\" sizes=\"(max-width: 400px) 100vw, 400px\" \/>\t\t\t\t\t\t\t\t\t\t\t\t\t\t\t<\/div>\n\t\t\t\t<\/div>\n\t\t\t\t\t<\/div>\n\t\t<\/div>\n\t\t\t\t\t<\/div>\n\t\t<\/section>\n\t\t\t\t<\/div>\n\t\t","protected":false},"excerpt":{"rendered":"<p>Atl es un sitio que busca difundir informaci\u00f3n, y otros contenidos sobre el Agua y la Sociedad del Conocimiento, que pudieran ser&hellip;<\/p>\n","protected":false},"author":1,"featured_media":0,"parent":0,"menu_order":0,"comment_status":"closed","ping_status":"closed","template":"","meta":{"content-type":"","_lmt_disableupdate":"","_lmt_disable":"","footnotes":""},"class_list":["post-2831","page","type-page","status-publish","hentry"],"yoast_head":"<!-- This site is optimized with the Yoast SEO plugin v27.0 - https:\/\/yoast.com\/product\/yoast-seo-wordpress\/ -->\n<title>\u00bfQu\u00e9 es Atl? - ATL el portal del agua de la C\u00e1tedra Unesco IMTA<\/title>\n<meta name=\"description\" content=\"Atl es un sitio que busca difundir informaci\u00f3n, noticias, art\u00edculos, publicaciones, videos y otros contenidos sobre el Agua y la Sociedad del Conocimiento\" \/>\n<meta name=\"robots\" content=\"index, follow, max-snippet:-1, max-image-preview:large, max-video-preview:-1\" \/>\n<link rel=\"canonical\" href=\"https:\/\/atl.org.mx\/index.php\/que-es-atl\/\" \/>\n<meta property=\"og:locale\" content=\"es_MX\" \/>\n<meta property=\"og:type\" content=\"article\" \/>\n<meta property=\"og:title\" content=\"\u00bfQu\u00e9 es Atl? - ATL el portal del agua de la C\u00e1tedra Unesco IMTA\" \/>\n<meta property=\"og:description\" content=\"Atl es un sitio que busca difundir informaci\u00f3n, noticias, art\u00edculos, publicaciones, videos y otros contenidos sobre el Agua y la Sociedad del Conocimiento\" \/>\n<meta property=\"og:url\" content=\"https:\/\/atl.org.mx\/index.php\/que-es-atl\/\" \/>\n<meta property=\"og:site_name\" content=\"ATL el portal del agua de la C\u00e1tedra Unesco IMTA\" \/>\n<meta property=\"article:modified_time\" content=\"2023-12-13T18:35:09+00:00\" \/>\n<meta property=\"og:image\" content=\"http:\/\/172.16.2.72\/wp-content\/uploads\/2021\/02\/Que_es_atl.jpg\" \/>\n<meta name=\"twitter:card\" content=\"summary_large_image\" \/>\n<meta name=\"twitter:label1\" content=\"Tiempo de lectura\" \/>\n\t<meta name=\"twitter:data1\" content=\"2 minutos\" \/>\n<script type=\"application\/ld+json\" class=\"yoast-schema-graph\">{\"@context\":\"https:\/\/schema.org\",\"@graph\":[{\"@type\":\"WebPage\",\"@id\":\"https:\/\/atl.org.mx\/index.php\/que-es-atl\/\",\"url\":\"https:\/\/atl.org.mx\/index.php\/que-es-atl\/\",\"name\":\"\u00bfQu\u00e9 es Atl? - ATL el portal del agua de la C\u00e1tedra Unesco IMTA\",\"isPartOf\":{\"@id\":\"https:\/\/atl.org.mx\/#website\"},\"primaryImageOfPage\":{\"@id\":\"https:\/\/atl.org.mx\/index.php\/que-es-atl\/#primaryimage\"},\"image\":{\"@id\":\"https:\/\/atl.org.mx\/index.php\/que-es-atl\/#primaryimage\"},\"thumbnailUrl\":\"http:\/\/172.16.2.72\/wp-content\/uploads\/2021\/02\/Que_es_atl.jpg\",\"datePublished\":\"2021-01-29T21:45:59+00:00\",\"dateModified\":\"2023-12-13T18:35:09+00:00\",\"description\":\"Atl es un sitio que busca difundir informaci\u00f3n, noticias, art\u00edculos, publicaciones, videos y otros contenidos sobre el Agua y la Sociedad del Conocimiento\",\"breadcrumb\":{\"@id\":\"https:\/\/atl.org.mx\/index.php\/que-es-atl\/#breadcrumb\"},\"inLanguage\":\"es\",\"potentialAction\":[{\"@type\":\"ReadAction\",\"target\":[\"https:\/\/atl.org.mx\/index.php\/que-es-atl\/\"]}]},{\"@type\":\"ImageObject\",\"inLanguage\":\"es\",\"@id\":\"https:\/\/atl.org.mx\/index.php\/que-es-atl\/#primaryimage\",\"url\":\"http:\/\/172.16.2.72\/wp-content\/uploads\/2021\/02\/Que_es_atl.jpg\",\"contentUrl\":\"http:\/\/172.16.2.72\/wp-content\/uploads\/2021\/02\/Que_es_atl.jpg\"},{\"@type\":\"BreadcrumbList\",\"@id\":\"https:\/\/atl.org.mx\/index.php\/que-es-atl\/#breadcrumb\",\"itemListElement\":[{\"@type\":\"ListItem\",\"position\":1,\"name\":\"Inicio\",\"item\":\"https:\/\/atl.org.mx\/\"},{\"@type\":\"ListItem\",\"position\":2,\"name\":\"\u00bfQu\u00e9 es Atl?\"}]},{\"@type\":\"WebSite\",\"@id\":\"https:\/\/atl.org.mx\/#website\",\"url\":\"https:\/\/atl.org.mx\/\",\"name\":\"ATL el portal del agua de la C\u00e1tedra Unesco IMTA\",\"description\":\"C\u00e1tedra UNESCO-IMTA\",\"publisher\":{\"@id\":\"https:\/\/atl.org.mx\/#organization\"},\"potentialAction\":[{\"@type\":\"SearchAction\",\"target\":{\"@type\":\"EntryPoint\",\"urlTemplate\":\"https:\/\/atl.org.mx\/?s={search_term_string}\"},\"query-input\":{\"@type\":\"PropertyValueSpecification\",\"valueRequired\":true,\"valueName\":\"search_term_string\"}}],\"inLanguage\":\"es\"},{\"@type\":\"Organization\",\"@id\":\"https:\/\/atl.org.mx\/#organization\",\"name\":\"ATL el portal del agua de la C\u00e1tedra Unesco IMTA\",\"url\":\"https:\/\/atl.org.mx\/\",\"logo\":{\"@type\":\"ImageObject\",\"inLanguage\":\"es\",\"@id\":\"https:\/\/atl.org.mx\/#\/schema\/logo\/image\/\",\"url\":\"https:\/\/atl.org.mx\/wp-content\/uploads\/2023\/09\/logo_atl_catedra3.png\",\"contentUrl\":\"https:\/\/atl.org.mx\/wp-content\/uploads\/2023\/09\/logo_atl_catedra3.png\",\"width\":250,\"height\":151,\"caption\":\"ATL el portal del agua de la C\u00e1tedra Unesco IMTA\"},\"image\":{\"@id\":\"https:\/\/atl.org.mx\/#\/schema\/logo\/image\/\"}}]}<\/script>\n<!-- \/ Yoast SEO plugin. -->","yoast_head_json":{"title":"\u00bfQu\u00e9 es Atl? - ATL el portal del agua de la C\u00e1tedra Unesco IMTA","description":"Atl es un sitio que busca difundir informaci\u00f3n, noticias, art\u00edculos, publicaciones, videos y otros contenidos sobre el Agua y la Sociedad del Conocimiento","robots":{"index":"index","follow":"follow","max-snippet":"max-snippet:-1","max-image-preview":"max-image-preview:large","max-video-preview":"max-video-preview:-1"},"canonical":"https:\/\/atl.org.mx\/index.php\/que-es-atl\/","og_locale":"es_MX","og_type":"article","og_title":"\u00bfQu\u00e9 es Atl? - ATL el portal del agua de la C\u00e1tedra Unesco IMTA","og_description":"Atl es un sitio que busca difundir informaci\u00f3n, noticias, art\u00edculos, publicaciones, videos y otros contenidos sobre el Agua y la Sociedad del Conocimiento","og_url":"https:\/\/atl.org.mx\/index.php\/que-es-atl\/","og_site_name":"ATL el portal del agua de la C\u00e1tedra Unesco IMTA","article_modified_time":"2023-12-13T18:35:09+00:00","og_image":[{"url":"http:\/\/172.16.2.72\/wp-content\/uploads\/2021\/02\/Que_es_atl.jpg","type":"","width":"","height":""}],"twitter_card":"summary_large_image","twitter_misc":{"Tiempo de lectura":"2 minutos"},"schema":{"@context":"https:\/\/schema.org","@graph":[{"@type":"WebPage","@id":"https:\/\/atl.org.mx\/index.php\/que-es-atl\/","url":"https:\/\/atl.org.mx\/index.php\/que-es-atl\/","name":"\u00bfQu\u00e9 es Atl? - ATL el portal del agua de la C\u00e1tedra Unesco IMTA","isPartOf":{"@id":"https:\/\/atl.org.mx\/#website"},"primaryImageOfPage":{"@id":"https:\/\/atl.org.mx\/index.php\/que-es-atl\/#primaryimage"},"image":{"@id":"https:\/\/atl.org.mx\/index.php\/que-es-atl\/#primaryimage"},"thumbnailUrl":"http:\/\/172.16.2.72\/wp-content\/uploads\/2021\/02\/Que_es_atl.jpg","datePublished":"2021-01-29T21:45:59+00:00","dateModified":"2023-12-13T18:35:09+00:00","description":"Atl es un sitio que busca difundir informaci\u00f3n, noticias, art\u00edculos, publicaciones, videos y otros contenidos sobre el Agua y la Sociedad del Conocimiento","breadcrumb":{"@id":"https:\/\/atl.org.mx\/index.php\/que-es-atl\/#breadcrumb"},"inLanguage":"es","potentialAction":[{"@type":"ReadAction","target":["https:\/\/atl.org.mx\/index.php\/que-es-atl\/"]}]},{"@type":"ImageObject","inLanguage":"es","@id":"https:\/\/atl.org.mx\/index.php\/que-es-atl\/#primaryimage","url":"http:\/\/172.16.2.72\/wp-content\/uploads\/2021\/02\/Que_es_atl.jpg","contentUrl":"http:\/\/172.16.2.72\/wp-content\/uploads\/2021\/02\/Que_es_atl.jpg"},{"@type":"BreadcrumbList","@id":"https:\/\/atl.org.mx\/index.php\/que-es-atl\/#breadcrumb","itemListElement":[{"@type":"ListItem","position":1,"name":"Inicio","item":"https:\/\/atl.org.mx\/"},{"@type":"ListItem","position":2,"name":"\u00bfQu\u00e9 es Atl?"}]},{"@type":"WebSite","@id":"https:\/\/atl.org.mx\/#website","url":"https:\/\/atl.org.mx\/","name":"ATL el portal del agua de la C\u00e1tedra Unesco IMTA","description":"C\u00e1tedra UNESCO-IMTA","publisher":{"@id":"https:\/\/atl.org.mx\/#organization"},"potentialAction":[{"@type":"SearchAction","target":{"@type":"EntryPoint","urlTemplate":"https:\/\/atl.org.mx\/?s={search_term_string}"},"query-input":{"@type":"PropertyValueSpecification","valueRequired":true,"valueName":"search_term_string"}}],"inLanguage":"es"},{"@type":"Organization","@id":"https:\/\/atl.org.mx\/#organization","name":"ATL el portal del agua de la C\u00e1tedra Unesco IMTA","url":"https:\/\/atl.org.mx\/","logo":{"@type":"ImageObject","inLanguage":"es","@id":"https:\/\/atl.org.mx\/#\/schema\/logo\/image\/","url":"https:\/\/atl.org.mx\/wp-content\/uploads\/2023\/09\/logo_atl_catedra3.png","contentUrl":"https:\/\/atl.org.mx\/wp-content\/uploads\/2023\/09\/logo_atl_catedra3.png","width":250,"height":151,"caption":"ATL el portal del agua de la C\u00e1tedra Unesco IMTA"},"image":{"@id":"https:\/\/atl.org.mx\/#\/schema\/logo\/image\/"}}]}},"_links":{"self":[{"href":"https:\/\/atl.org.mx\/index.php\/wp-json\/wp\/v2\/pages\/2831","targetHints":{"allow":["GET"]}}],"collection":[{"href":"https:\/\/atl.org.mx\/index.php\/wp-json\/wp\/v2\/pages"}],"about":[{"href":"https:\/\/atl.org.mx\/index.php\/wp-json\/wp\/v2\/types\/page"}],"author":[{"embeddable":true,"href":"https:\/\/atl.org.mx\/index.php\/wp-json\/wp\/v2\/users\/1"}],"replies":[{"embeddable":true,"href":"https:\/\/atl.org.mx\/index.php\/wp-json\/wp\/v2\/comments?post=2831"}],"version-history":[{"count":163,"href":"https:\/\/atl.org.mx\/index.php\/wp-json\/wp\/v2\/pages\/2831\/revisions"}],"predecessor-version":[{"id":6038,"href":"https:\/\/atl.org.mx\/index.php\/wp-json\/wp\/v2\/pages\/2831\/revisions\/6038"}],"wp:attachment":[{"href":"https:\/\/atl.org.mx\/index.php\/wp-json\/wp\/v2\/media?parent=2831"}],"curies":[{"name":"wp","href":"https:\/\/api.w.org\/{rel}","templated":true}]}}