{"id":2791,"date":"2021-02-21T22:51:44","date_gmt":"2021-02-21T22:51:44","guid":{"rendered":"http:\/\/localhost\/tienda\/?page_id=2791"},"modified":"2021-04-19T22:07:17","modified_gmt":"2021-04-19T22:07:17","slug":"catedras-unesco-en-mexico","status":"publish","type":"page","link":"https:\/\/atl.org.mx\/index.php\/catedras-unesco-en-mexico\/","title":{"rendered":"C\u00e1tedras UNESCO en M\u00e9xico"},"content":{"rendered":"<p>[vc_row wrap_container=&#8221;yes&#8221;][vc_column][vc_empty_space][porto_fancytext fancytext_prefix=&#8221;Hoy en d\u00eda el programa cuenta con 715 C\u00e1tedras UNESCO y 69 Redes UNITWIN, en las que participan&#8221; fancytext_align=&#8221;left&#8221; animation_delay=&#8221;100&#8243; fancytext_strings=&#8221;830 instituciones<br \/>\nde 131 pa\u00edses.&#8221; el_class=&#8221;short&#8221; prefsuf_font_style=&#8221;400&#8243; prefix_suffix_font_size=&#8221;18&#8243; animation_type=&#8221;maskUp&#8221; strings_font_size=&#8221;18&#8243;][vc_empty_space][\/vc_column][\/vc_row][vc_row wrap_container=&#8221;yes&#8221;][vc_column width=&#8221;1\/2&#8243;][porto_carousel stage_padding=&#8221;0&#8243; margin=&#8221;0&#8243; autoplay=&#8221;yes&#8221; autoplay_timeout=&#8221;5000&#8243; items=&#8221;1&#8243; items_lg=&#8221;1&#8243; items_md=&#8221;1&#8243; items_sm=&#8221;1&#8243; items_xs=&#8221;1&#8243; show_dots=&#8221;yes&#8221;][vc_single_image image=&#8221;3604&#8243; img_size=&#8221;full&#8221; style=&#8221;vc_box_shadow_3d&#8221;][vc_single_image image=&#8221;3605&#8243; img_size=&#8221;full&#8221; style=&#8221;vc_box_shadow_3d&#8221;][\/porto_carousel][\/vc_column][vc_column width=&#8221;1\/2&#8243;][vc_custom_heading text=&#8221;C\u00e1tedras <b>UNESCO <\/b>&#8221; font_container=&#8221;tag:h3|font_size:21|text_align:left&#8221; google_fonts=&#8221;font_family:Andada%3Aregular|font_style:400%20regular%3A400%3Anormal&#8221;][vc_column_text]<\/p>\n<ul class=\"list list-icons list-icons-lg\">\n<li><i class=\"fa fa-check\"><\/i><a href=\"http:\/\/www.iisue.unam.mx\/investigacion\/proyecto\/catedra-unesco-universidad-e-integracion-regional\" target=\"_blank\" rel=\"noopener\">C\u00e1tedra UNESCO Universidad e integraci\u00f3n regional (1995) del Instituto de Estudios sobre la Universidad, UNAM<\/a><\/li>\n<li><i class=\"fa fa-check\"><\/i><a href=\"https:\/\/catedraunescodh.unam.mx\/catedra\/catedra\/\" target=\"_blank\" rel=\"noopener\">C\u00e1tedra UNESCO de Derechos Humanos (1996) de la Facultad de Ciencias Pol\u00edticas y Sociales, UNAM<\/a><\/li>\n<li><i class=\"fa fa-check\"><\/i><a href=\"http:\/\/iberocom.mx\/catedra-unesco.html\" target=\"_blank\" rel=\"noopener\">Comunicaci\u00f3n y Sociedad (1996) de la Universidad Iberoamericana<\/a><\/li>\n<li><i class=\"fa fa-check\"><\/i><a href=\"https:\/\/www.iteso.mx\/web\/general\/detalle?group_id=54944\" target=\"_blank\" rel=\"noopener\">Conservaci\u00f3n de los Bienes Culturales (1997) de la Gesti\u00f3n del h\u00e1bitat y desarrollo socialmente sustentable (1998) del Instituto Tecnol\u00f3gico y de Estudios Superiores de Occidente (ITESO)<\/a><\/li>\n<li><i class=\"fa fa-check\"><\/i><a href=\"https:\/\/www.iis.unam.mx\/\" target=\"_blank\" rel=\"noopener\">Transformaciones econ\u00f3micas y sociales relacionadas con el problema internacional de las drogas (2000) del Instituto de Investigaciones Sociales, UNAM<\/a><\/li>\n<\/ul>\n<p>[\/vc_column_text][\/vc_column][\/vc_row][vc_row wrap_container=&#8221;yes&#8221;][vc_column][vc_column_text]<\/p>\n<ul class=\"list list-icons list-icons-lg\">\n<li><i class=\"fa fa-check\"><\/i><a href=\"https:\/\/recursos.ucol.mx\/observatic\/nosotros\/\" target=\"_blank\" rel=\"noopener\">Nuevas Tecnolog\u00edas de Informaci\u00f3n (2001) de la Universidad de Colima<\/a><\/li>\n<li><i class=\"fa fa-check\"><\/i><a href=\"https:\/\/www.cinvestav.mx\/\" target=\"_blank\" rel=\"noopener\">Aseguramiento de la Calidad y Proveedores Emergentes de Educaci\u00f3n Terciaria: de lo trasnacional a lo intercultural (2004) del Centro de Investigaci\u00f3n y Estudios Avanzados (CINVESTAV) del Instituto Polit\u00e9cnico Nacional (IPN)<\/a><\/li>\n<li><i class=\"fa fa-check\"><\/i><a href=\"http:\/\/www.lacult.unesco.org\/institucion\/showitem.php?uid_ext=&amp;getipr=&amp;lg=1&amp;pais=&amp;id=976\" target=\"_blank\" rel=\"noopener\">Mujer, liderazgo y equidad (2007) de la Universidad de Guadalajara<\/a><\/li>\n<li><i class=\"fa fa-check\"><\/i><a href=\"http:\/\/historico.juridicas.unam.mx\/bioetica\/docs\/01.pdf\" target=\"_blank\" rel=\"noopener\">C\u00e1tedra &#8220;Bio\u00e9tica y la Medicina Cl\u00ednica&#8221; (2007) UNAM<\/a><\/li>\n<li><i class=\"fa fa-check\"><\/i><a href=\"#\">Proyecto de C\u00e1tedra &#8220;El agua en la sociedad del conocimiento&#8221; (2008) del Instituto Mexicano de Tecnolog\u00eda del Agua<\/a><\/li>\n<li><i class=\"fa fa-check\"><\/i><a href=\"https:\/\/www.crim.unam.mx\/web\/\" target=\"_blank\" rel=\"noopener\">C\u00e1tedra &#8220;Investigaci\u00f3n sobre Patrimonio Cultural Intangible y Diversidad Cultural&#8221; del Centro Regional de Investigaciones Multidisciplinarias Universidad Nacional Aut\u00f3noma de M\u00e9xico (UNAM) <i class=\"fa fa-check\"><\/i>C\u00e1tedra &#8220;Derechos Humanos y \u00c9tica&#8221; del ITESM &#8211; Cd. de M\u00e9xico<\/a><\/li>\n<li><i class=\"fa fa-check\"><\/i><a href=\"http:\/\/www.lacult.unesco.org\/institucion\/showitem.php?uid_ext=&amp;getipr=&amp;lg=1&amp;pais=&amp;id=978\" target=\"_blank\" rel=\"noopener\">&#8220;Educaci\u00f3n Intercultural para la Convivencia, la Cohesi\u00f3n Social y la Reconciliaci\u00f3n en un Mundo Globalizado de la Universidad Aut\u00f3noma del estado de Hidalgo<\/a><\/li>\n<li><i class=\"fa fa-check\"><\/i><a href=\"https:\/\/www.uaeh.edu.mx\/campus\/icsa\/noticias\/2\/conferencias.html\" target=\"_blank\" rel=\"noopener\">C\u00e1tedra &#8220;Bio\u00e9tica<\/a><\/li>\n<\/ul>\n<p>[\/vc_column_text][\/vc_column][\/vc_row][vc_row wrap_container=&#8221;yes&#8221;][vc_column][vc_custom_heading text=&#8221;Espacio del conocimiento <b>IMTA<\/b>&#8221; font_container=&#8221;tag:h3|font_size:21|text_align:left&#8221; google_fonts=&#8221;font_family:Andada%3Aregular|font_style:400%20regular%3A400%3Anormal&#8221;][porto_blog post_layout=&#8221;slider&#8221; post_style=&#8221;related&#8221; columns=&#8221;4&#8243; view_more=&#8221;show&#8221; cats=&#8221;espacio-de-conocimiento-imta&#8221;][\/vc_column][\/vc_row]<\/p>\n","protected":false},"excerpt":{"rendered":"[vc_row wrap_container=\"yes\"][vc_column][vc_empty_space][porto_fancytext fancytext_prefix=\"Hoy en d\u00eda el programa cuenta con 715 C\u00e1tedras UNESCO y 69 Redes UNITWIN, en las que participan\" fancytext_align=\"left\" animation_delay=\"100\"&hellip;","protected":false},"author":1,"featured_media":0,"parent":0,"menu_order":0,"comment_status":"closed","ping_status":"closed","template":"","meta":{"content-type":"","_lmt_disableupdate":"","_lmt_disable":"","footnotes":""},"class_list":["post-2791","page","type-page","status-publish","hentry"],"yoast_head":"<!-- This site is optimized with the Yoast SEO plugin v27.0 - https:\/\/yoast.com\/product\/yoast-seo-wordpress\/ -->\n<title>C\u00e1tedras UNESCO en M\u00e9xico - ATL el portal del agua de la C\u00e1tedra Unesco IMTA<\/title>\n<meta name=\"description\" content=\"Hoy en d\u00eda el programa cuenta con 715 C\u00e1tedras UNESCO y 69 Redes UNITWIN, en las que participan 830 instituciones de 131 pa\u00edses.\" \/>\n<meta name=\"robots\" content=\"index, follow, max-snippet:-1, max-image-preview:large, max-video-preview:-1\" \/>\n<link rel=\"canonical\" href=\"https:\/\/atl.org.mx\/index.php\/catedras-unesco-en-mexico\/\" \/>\n<meta property=\"og:locale\" content=\"es_MX\" \/>\n<meta property=\"og:type\" content=\"article\" \/>\n<meta property=\"og:title\" content=\"C\u00e1tedras UNESCO en M\u00e9xico - ATL el portal del agua de la C\u00e1tedra Unesco IMTA\" \/>\n<meta property=\"og:description\" content=\"Hoy en d\u00eda el programa cuenta con 715 C\u00e1tedras UNESCO y 69 Redes UNITWIN, en las que participan 830 instituciones de 131 pa\u00edses.\" \/>\n<meta property=\"og:url\" content=\"https:\/\/atl.org.mx\/index.php\/catedras-unesco-en-mexico\/\" \/>\n<meta property=\"og:site_name\" content=\"ATL el portal del agua de la C\u00e1tedra Unesco IMTA\" \/>\n<meta property=\"article:modified_time\" content=\"2021-04-19T22:07:17+00:00\" \/>\n<meta name=\"twitter:card\" content=\"summary_large_image\" \/>\n<meta name=\"twitter:label1\" content=\"Tiempo de lectura\" \/>\n\t<meta name=\"twitter:data1\" content=\"2 minutos\" \/>\n<script type=\"application\/ld+json\" class=\"yoast-schema-graph\">{\"@context\":\"https:\/\/schema.org\",\"@graph\":[{\"@type\":\"WebPage\",\"@id\":\"https:\/\/atl.org.mx\/index.php\/catedras-unesco-en-mexico\/\",\"url\":\"https:\/\/atl.org.mx\/index.php\/catedras-unesco-en-mexico\/\",\"name\":\"C\u00e1tedras UNESCO en M\u00e9xico - ATL el portal del agua de la C\u00e1tedra Unesco IMTA\",\"isPartOf\":{\"@id\":\"https:\/\/atl.org.mx\/#website\"},\"datePublished\":\"2021-02-21T22:51:44+00:00\",\"dateModified\":\"2021-04-19T22:07:17+00:00\",\"description\":\"Hoy en d\u00eda el programa cuenta con 715 C\u00e1tedras UNESCO y 69 Redes UNITWIN, en las que participan 830 instituciones de 131 pa\u00edses.\",\"breadcrumb\":{\"@id\":\"https:\/\/atl.org.mx\/index.php\/catedras-unesco-en-mexico\/#breadcrumb\"},\"inLanguage\":\"es\",\"potentialAction\":[{\"@type\":\"ReadAction\",\"target\":[\"https:\/\/atl.org.mx\/index.php\/catedras-unesco-en-mexico\/\"]}]},{\"@type\":\"BreadcrumbList\",\"@id\":\"https:\/\/atl.org.mx\/index.php\/catedras-unesco-en-mexico\/#breadcrumb\",\"itemListElement\":[{\"@type\":\"ListItem\",\"position\":1,\"name\":\"Inicio\",\"item\":\"https:\/\/atl.org.mx\/\"},{\"@type\":\"ListItem\",\"position\":2,\"name\":\"C\u00e1tedras UNESCO en M\u00e9xico\"}]},{\"@type\":\"WebSite\",\"@id\":\"https:\/\/atl.org.mx\/#website\",\"url\":\"https:\/\/atl.org.mx\/\",\"name\":\"ATL el portal del agua de la C\u00e1tedra Unesco IMTA\",\"description\":\"C\u00e1tedra UNESCO-IMTA\",\"publisher\":{\"@id\":\"https:\/\/atl.org.mx\/#organization\"},\"potentialAction\":[{\"@type\":\"SearchAction\",\"target\":{\"@type\":\"EntryPoint\",\"urlTemplate\":\"https:\/\/atl.org.mx\/?s={search_term_string}\"},\"query-input\":{\"@type\":\"PropertyValueSpecification\",\"valueRequired\":true,\"valueName\":\"search_term_string\"}}],\"inLanguage\":\"es\"},{\"@type\":\"Organization\",\"@id\":\"https:\/\/atl.org.mx\/#organization\",\"name\":\"ATL el portal del agua de la C\u00e1tedra Unesco IMTA\",\"url\":\"https:\/\/atl.org.mx\/\",\"logo\":{\"@type\":\"ImageObject\",\"inLanguage\":\"es\",\"@id\":\"https:\/\/atl.org.mx\/#\/schema\/logo\/image\/\",\"url\":\"https:\/\/atl.org.mx\/wp-content\/uploads\/2023\/09\/logo_atl_catedra3.png\",\"contentUrl\":\"https:\/\/atl.org.mx\/wp-content\/uploads\/2023\/09\/logo_atl_catedra3.png\",\"width\":250,\"height\":151,\"caption\":\"ATL el portal del agua de la C\u00e1tedra Unesco IMTA\"},\"image\":{\"@id\":\"https:\/\/atl.org.mx\/#\/schema\/logo\/image\/\"}}]}<\/script>\n<!-- \/ Yoast SEO plugin. -->","yoast_head_json":{"title":"C\u00e1tedras UNESCO en M\u00e9xico - ATL el portal del agua de la C\u00e1tedra Unesco IMTA","description":"Hoy en d\u00eda el programa cuenta con 715 C\u00e1tedras UNESCO y 69 Redes UNITWIN, en las que participan 830 instituciones de 131 pa\u00edses.","robots":{"index":"index","follow":"follow","max-snippet":"max-snippet:-1","max-image-preview":"max-image-preview:large","max-video-preview":"max-video-preview:-1"},"canonical":"https:\/\/atl.org.mx\/index.php\/catedras-unesco-en-mexico\/","og_locale":"es_MX","og_type":"article","og_title":"C\u00e1tedras UNESCO en M\u00e9xico - ATL el portal del agua de la C\u00e1tedra Unesco IMTA","og_description":"Hoy en d\u00eda el programa cuenta con 715 C\u00e1tedras UNESCO y 69 Redes UNITWIN, en las que participan 830 instituciones de 131 pa\u00edses.","og_url":"https:\/\/atl.org.mx\/index.php\/catedras-unesco-en-mexico\/","og_site_name":"ATL el portal del agua de la C\u00e1tedra Unesco IMTA","article_modified_time":"2021-04-19T22:07:17+00:00","twitter_card":"summary_large_image","twitter_misc":{"Tiempo de lectura":"2 minutos"},"schema":{"@context":"https:\/\/schema.org","@graph":[{"@type":"WebPage","@id":"https:\/\/atl.org.mx\/index.php\/catedras-unesco-en-mexico\/","url":"https:\/\/atl.org.mx\/index.php\/catedras-unesco-en-mexico\/","name":"C\u00e1tedras UNESCO en M\u00e9xico - ATL el portal del agua de la C\u00e1tedra Unesco IMTA","isPartOf":{"@id":"https:\/\/atl.org.mx\/#website"},"datePublished":"2021-02-21T22:51:44+00:00","dateModified":"2021-04-19T22:07:17+00:00","description":"Hoy en d\u00eda el programa cuenta con 715 C\u00e1tedras UNESCO y 69 Redes UNITWIN, en las que participan 830 instituciones de 131 pa\u00edses.","breadcrumb":{"@id":"https:\/\/atl.org.mx\/index.php\/catedras-unesco-en-mexico\/#breadcrumb"},"inLanguage":"es","potentialAction":[{"@type":"ReadAction","target":["https:\/\/atl.org.mx\/index.php\/catedras-unesco-en-mexico\/"]}]},{"@type":"BreadcrumbList","@id":"https:\/\/atl.org.mx\/index.php\/catedras-unesco-en-mexico\/#breadcrumb","itemListElement":[{"@type":"ListItem","position":1,"name":"Inicio","item":"https:\/\/atl.org.mx\/"},{"@type":"ListItem","position":2,"name":"C\u00e1tedras UNESCO en M\u00e9xico"}]},{"@type":"WebSite","@id":"https:\/\/atl.org.mx\/#website","url":"https:\/\/atl.org.mx\/","name":"ATL el portal del agua de la C\u00e1tedra Unesco IMTA","description":"C\u00e1tedra UNESCO-IMTA","publisher":{"@id":"https:\/\/atl.org.mx\/#organization"},"potentialAction":[{"@type":"SearchAction","target":{"@type":"EntryPoint","urlTemplate":"https:\/\/atl.org.mx\/?s={search_term_string}"},"query-input":{"@type":"PropertyValueSpecification","valueRequired":true,"valueName":"search_term_string"}}],"inLanguage":"es"},{"@type":"Organization","@id":"https:\/\/atl.org.mx\/#organization","name":"ATL el portal del agua de la C\u00e1tedra Unesco IMTA","url":"https:\/\/atl.org.mx\/","logo":{"@type":"ImageObject","inLanguage":"es","@id":"https:\/\/atl.org.mx\/#\/schema\/logo\/image\/","url":"https:\/\/atl.org.mx\/wp-content\/uploads\/2023\/09\/logo_atl_catedra3.png","contentUrl":"https:\/\/atl.org.mx\/wp-content\/uploads\/2023\/09\/logo_atl_catedra3.png","width":250,"height":151,"caption":"ATL el portal del agua de la C\u00e1tedra Unesco IMTA"},"image":{"@id":"https:\/\/atl.org.mx\/#\/schema\/logo\/image\/"}}]}},"_links":{"self":[{"href":"https:\/\/atl.org.mx\/index.php\/wp-json\/wp\/v2\/pages\/2791","targetHints":{"allow":["GET"]}}],"collection":[{"href":"https:\/\/atl.org.mx\/index.php\/wp-json\/wp\/v2\/pages"}],"about":[{"href":"https:\/\/atl.org.mx\/index.php\/wp-json\/wp\/v2\/types\/page"}],"author":[{"embeddable":true,"href":"https:\/\/atl.org.mx\/index.php\/wp-json\/wp\/v2\/users\/1"}],"replies":[{"embeddable":true,"href":"https:\/\/atl.org.mx\/index.php\/wp-json\/wp\/v2\/comments?post=2791"}],"version-history":[{"count":61,"href":"https:\/\/atl.org.mx\/index.php\/wp-json\/wp\/v2\/pages\/2791\/revisions"}],"predecessor-version":[{"id":4997,"href":"https:\/\/atl.org.mx\/index.php\/wp-json\/wp\/v2\/pages\/2791\/revisions\/4997"}],"wp:attachment":[{"href":"https:\/\/atl.org.mx\/index.php\/wp-json\/wp\/v2\/media?parent=2791"}],"curies":[{"name":"wp","href":"https:\/\/api.w.org\/{rel}","templated":true}]}}