{"id":2768,"date":"2021-01-28T17:11:51","date_gmt":"2021-01-28T17:11:51","guid":{"rendered":"http:\/\/localhost\/tienda\/?page_id=2768"},"modified":"2023-12-11T17:15:06","modified_gmt":"2023-12-11T17:15:06","slug":"informacion-de-la-catedra","status":"publish","type":"page","link":"https:\/\/atl.org.mx\/index.php\/informacion-de-la-catedra\/","title":{"rendered":"Informaci\u00f3n de la c\u00e1tedra"},"content":{"rendered":"<p>[vc_row wrap_container=&#8221;yes&#8221; el_class=&#8221;pb-5 overflow-hidden&#8221;][vc_column width=&#8221;3\/4&#8243; el_class=&#8221;mx-md-auto&#8221; animation_type=&#8221;maskUp&#8221;][vc_column_text]La gesti\u00f3n sustentable del agua, que involucra entre otros aspectos la provisi\u00f3n de servicios de agua potable,saneamiento,producci\u00f3n de alimentos y competitividad econ\u00f3mica[\/vc_column_text][\/vc_column][\/vc_row][vc_row wrap_container=&#8221;yes&#8221; el_class=&#8221;p-t-xxl row-align-items-center&#8221;][vc_column width=&#8221;1\/3&#8243;][vc_column_text]<\/p>\n<p class=\"lead\">es uno de los grandes retos para la humanidad. La contaminaci\u00f3n y la sobreexplotaci\u00f3n de r\u00edos y acu\u00edferos ocasionan la p\u00e9rdida de servicios ambientales y m\u00faltiples alteraciones al ciclo hidrol\u00f3gico.<\/p>\n<p>Hoy en d\u00eda, en el mundo m\u00e1s de 1,100 millones de personas no tienen acceso al agua en cantidad y calidad adecuadas, y m\u00e1s de 2,400 millones no cuentan con servicios de saneamiento b\u00e1sico.[\/vc_column_text][\/vc_column][vc_column width=&#8221;1\/3&#8243;][\/vc_column][vc_column width=&#8221;1\/3&#8243;][vc_single_image image=&#8221;3558&#8243; img_size=&#8221;full&#8221; animation_delay=&#8221;300&#8243; el_class=&#8221;position-absolute d-none d-sm-block&#8221; css=&#8221;.vc_custom_1614290141050{margin-top: 10% !important;margin-left: -54% !important;}&#8221; animation_type=&#8221;zoomIn&#8221;][vc_single_image image=&#8221;3556&#8243; img_size=&#8221;full&#8221; animation_delay=&#8221;100&#8243; el_class=&#8221;position-absolute d-none d-sm-block&#8221; css=&#8221;.vc_custom_1614290055849{margin-top: -26% !important;margin-left: -33% !important;}&#8221; animation_type=&#8221;zoomIn&#8221;][vc_single_image image=&#8221;3554&#8243; img_size=&#8221;full&#8221; animation_delay=&#8221;600&#8243; el_class=&#8221;position-relative mb-0&#8243; animation_type=&#8221;zoomIn&#8221;][\/vc_column][\/vc_row][vc_row wrap_container=&#8221;yes&#8221;][vc_column width=&#8221;5\/6&#8243;][vc_column_text]El eje central de la sociedad moderna, por otra parte, es la informaci\u00f3n y el conocimiento. Se estima que actualmente, entre el 70 y 80% del crecimiento econ\u00f3mico se debe a nuevos o mejores conocimientos. La Sociedad del Conocimiento no emerge de manera autom\u00e1tica. Es necesario tomar la iniciativa, y debe construirse sobre la base de informaci\u00f3n suficiente, confiable y disponible.<br \/>\nPara hacer posible la gesti\u00f3n sustentable del agua es necesario crear capacidades con la finalidad que el conocimiento sobre el recurso sea comprendido y apropiado por la sociedad.<\/p>\n<p>Las sociedades del conocimiento se construyen mediante la integraci\u00f3n de capacidades tecnol\u00f3gicas y cognitivas, la revalorizaci\u00f3n de la sabidur\u00eda ancestral y la b\u00fasqueda de formas eficientes y duraderas de transmisi\u00f3n e interpretaci\u00f3n del conocimiento.<\/p>\n<p>La Sociedad del Conocimiento apunta a lograr una sociedad equitativa, aut\u00f3noma y solidaria que sea capaz de nutrirse en su diversidad y capacidades; que logre crear, difundir, aplicar e innovar integrando sus dimensiones social, ambiental, \u00e9tica y econ\u00f3mica.[\/vc_column_text][\/vc_column][vc_column width=&#8221;1\/6&#8243;][vc_single_image image=&#8221;2784&#8243; img_size=&#8221;full&#8221;][\/vc_column][\/vc_row][vc_row][vc_column][vc_empty_space height=&#8221;50px&#8221;][\/vc_column][\/vc_row]<\/p>\n","protected":false},"excerpt":{"rendered":"[vc_row wrap_container=\"yes\" el_class=\"pb-5 overflow-hidden\"][vc_column width=\"3\/4\" el_class=\"mx-md-auto\" animation_type=\"maskUp\"][vc_column_text]La gesti\u00f3n sustentable del agua, que involucra entre otros aspectos la provisi\u00f3n de servicios de agua&hellip;","protected":false},"author":1,"featured_media":0,"parent":0,"menu_order":0,"comment_status":"closed","ping_status":"closed","template":"","meta":{"content-type":"","_lmt_disableupdate":"","_lmt_disable":"","footnotes":""},"class_list":["post-2768","page","type-page","status-publish","hentry"],"yoast_head":"<!-- This site is optimized with the Yoast SEO plugin v27.4 - https:\/\/yoast.com\/product\/yoast-seo-wordpress\/ -->\n<title>Informaci\u00f3n de la c\u00e1tedra - ATL el portal del agua de la C\u00e1tedra Unesco IMTA<\/title>\n<meta name=\"description\" content=\"La gesti\u00f3n sustentable del agua, que involucra entre otros aspectos la provisi\u00f3n de servicios de agua potable, saneamiento, producci\u00f3n de alimentos y competitividad econ\u00f3mica\" \/>\n<meta name=\"robots\" content=\"index, follow, max-snippet:-1, max-image-preview:large, max-video-preview:-1\" \/>\n<link rel=\"canonical\" href=\"https:\/\/atl.org.mx\/index.php\/informacion-de-la-catedra\/\" \/>\n<meta property=\"og:locale\" content=\"es_MX\" \/>\n<meta property=\"og:type\" content=\"article\" \/>\n<meta property=\"og:title\" content=\"Informaci\u00f3n de la c\u00e1tedra - ATL el portal del agua de la C\u00e1tedra Unesco IMTA\" \/>\n<meta property=\"og:description\" content=\"La gesti\u00f3n sustentable del agua, que involucra entre otros aspectos la provisi\u00f3n de servicios de agua potable, saneamiento, producci\u00f3n de alimentos y competitividad econ\u00f3mica\" \/>\n<meta property=\"og:url\" content=\"https:\/\/atl.org.mx\/index.php\/informacion-de-la-catedra\/\" \/>\n<meta property=\"og:site_name\" content=\"ATL el portal del agua de la C\u00e1tedra Unesco IMTA\" \/>\n<meta property=\"article:modified_time\" content=\"2023-12-11T17:15:06+00:00\" \/>\n<meta name=\"twitter:card\" content=\"summary_large_image\" \/>\n<meta name=\"twitter:label1\" content=\"Tiempo de lectura\" \/>\n\t<meta name=\"twitter:data1\" content=\"2 minutos\" \/>\n<script type=\"application\/ld+json\" class=\"yoast-schema-graph\">{\"@context\":\"https:\\\/\\\/schema.org\",\"@graph\":[{\"@type\":\"WebPage\",\"@id\":\"https:\\\/\\\/atl.org.mx\\\/index.php\\\/informacion-de-la-catedra\\\/\",\"url\":\"https:\\\/\\\/atl.org.mx\\\/index.php\\\/informacion-de-la-catedra\\\/\",\"name\":\"Informaci\u00f3n de la c\u00e1tedra - ATL el portal del agua de la C\u00e1tedra Unesco IMTA\",\"isPartOf\":{\"@id\":\"https:\\\/\\\/atl.org.mx\\\/#website\"},\"datePublished\":\"2021-01-28T17:11:51+00:00\",\"dateModified\":\"2023-12-11T17:15:06+00:00\",\"description\":\"La gesti\u00f3n sustentable del agua, que involucra entre otros aspectos la provisi\u00f3n de servicios de agua potable, saneamiento, producci\u00f3n de alimentos y competitividad econ\u00f3mica\",\"breadcrumb\":{\"@id\":\"https:\\\/\\\/atl.org.mx\\\/index.php\\\/informacion-de-la-catedra\\\/#breadcrumb\"},\"inLanguage\":\"es\",\"potentialAction\":[{\"@type\":\"ReadAction\",\"target\":[\"https:\\\/\\\/atl.org.mx\\\/index.php\\\/informacion-de-la-catedra\\\/\"]}]},{\"@type\":\"BreadcrumbList\",\"@id\":\"https:\\\/\\\/atl.org.mx\\\/index.php\\\/informacion-de-la-catedra\\\/#breadcrumb\",\"itemListElement\":[{\"@type\":\"ListItem\",\"position\":1,\"name\":\"Inicio\",\"item\":\"https:\\\/\\\/atl.org.mx\\\/\"},{\"@type\":\"ListItem\",\"position\":2,\"name\":\"Informaci\u00f3n de la c\u00e1tedra\"}]},{\"@type\":\"WebSite\",\"@id\":\"https:\\\/\\\/atl.org.mx\\\/#website\",\"url\":\"https:\\\/\\\/atl.org.mx\\\/\",\"name\":\"ATL el portal del agua de la C\u00e1tedra Unesco IMTA\",\"description\":\"C\u00e1tedra UNESCO-IMTA\",\"publisher\":{\"@id\":\"https:\\\/\\\/atl.org.mx\\\/#organization\"},\"potentialAction\":[{\"@type\":\"SearchAction\",\"target\":{\"@type\":\"EntryPoint\",\"urlTemplate\":\"https:\\\/\\\/atl.org.mx\\\/?s={search_term_string}\"},\"query-input\":{\"@type\":\"PropertyValueSpecification\",\"valueRequired\":true,\"valueName\":\"search_term_string\"}}],\"inLanguage\":\"es\"},{\"@type\":\"Organization\",\"@id\":\"https:\\\/\\\/atl.org.mx\\\/#organization\",\"name\":\"ATL el portal del agua de la C\u00e1tedra Unesco IMTA\",\"url\":\"https:\\\/\\\/atl.org.mx\\\/\",\"logo\":{\"@type\":\"ImageObject\",\"inLanguage\":\"es\",\"@id\":\"https:\\\/\\\/atl.org.mx\\\/#\\\/schema\\\/logo\\\/image\\\/\",\"url\":\"https:\\\/\\\/atl.org.mx\\\/wp-content\\\/uploads\\\/2023\\\/09\\\/logo_atl_catedra3.png\",\"contentUrl\":\"https:\\\/\\\/atl.org.mx\\\/wp-content\\\/uploads\\\/2023\\\/09\\\/logo_atl_catedra3.png\",\"width\":250,\"height\":151,\"caption\":\"ATL el portal del agua de la C\u00e1tedra Unesco IMTA\"},\"image\":{\"@id\":\"https:\\\/\\\/atl.org.mx\\\/#\\\/schema\\\/logo\\\/image\\\/\"}}]}<\/script>\n<!-- \/ Yoast SEO plugin. -->","yoast_head_json":{"title":"Informaci\u00f3n de la c\u00e1tedra - ATL el portal del agua de la C\u00e1tedra Unesco IMTA","description":"La gesti\u00f3n sustentable del agua, que involucra entre otros aspectos la provisi\u00f3n de servicios de agua potable, saneamiento, producci\u00f3n de alimentos y competitividad econ\u00f3mica","robots":{"index":"index","follow":"follow","max-snippet":"max-snippet:-1","max-image-preview":"max-image-preview:large","max-video-preview":"max-video-preview:-1"},"canonical":"https:\/\/atl.org.mx\/index.php\/informacion-de-la-catedra\/","og_locale":"es_MX","og_type":"article","og_title":"Informaci\u00f3n de la c\u00e1tedra - ATL el portal del agua de la C\u00e1tedra Unesco IMTA","og_description":"La gesti\u00f3n sustentable del agua, que involucra entre otros aspectos la provisi\u00f3n de servicios de agua potable, saneamiento, producci\u00f3n de alimentos y competitividad econ\u00f3mica","og_url":"https:\/\/atl.org.mx\/index.php\/informacion-de-la-catedra\/","og_site_name":"ATL el portal del agua de la C\u00e1tedra Unesco IMTA","article_modified_time":"2023-12-11T17:15:06+00:00","twitter_card":"summary_large_image","twitter_misc":{"Tiempo de lectura":"2 minutos"},"schema":{"@context":"https:\/\/schema.org","@graph":[{"@type":"WebPage","@id":"https:\/\/atl.org.mx\/index.php\/informacion-de-la-catedra\/","url":"https:\/\/atl.org.mx\/index.php\/informacion-de-la-catedra\/","name":"Informaci\u00f3n de la c\u00e1tedra - ATL el portal del agua de la C\u00e1tedra Unesco IMTA","isPartOf":{"@id":"https:\/\/atl.org.mx\/#website"},"datePublished":"2021-01-28T17:11:51+00:00","dateModified":"2023-12-11T17:15:06+00:00","description":"La gesti\u00f3n sustentable del agua, que involucra entre otros aspectos la provisi\u00f3n de servicios de agua potable, saneamiento, producci\u00f3n de alimentos y competitividad econ\u00f3mica","breadcrumb":{"@id":"https:\/\/atl.org.mx\/index.php\/informacion-de-la-catedra\/#breadcrumb"},"inLanguage":"es","potentialAction":[{"@type":"ReadAction","target":["https:\/\/atl.org.mx\/index.php\/informacion-de-la-catedra\/"]}]},{"@type":"BreadcrumbList","@id":"https:\/\/atl.org.mx\/index.php\/informacion-de-la-catedra\/#breadcrumb","itemListElement":[{"@type":"ListItem","position":1,"name":"Inicio","item":"https:\/\/atl.org.mx\/"},{"@type":"ListItem","position":2,"name":"Informaci\u00f3n de la c\u00e1tedra"}]},{"@type":"WebSite","@id":"https:\/\/atl.org.mx\/#website","url":"https:\/\/atl.org.mx\/","name":"ATL el portal del agua de la C\u00e1tedra Unesco IMTA","description":"C\u00e1tedra UNESCO-IMTA","publisher":{"@id":"https:\/\/atl.org.mx\/#organization"},"potentialAction":[{"@type":"SearchAction","target":{"@type":"EntryPoint","urlTemplate":"https:\/\/atl.org.mx\/?s={search_term_string}"},"query-input":{"@type":"PropertyValueSpecification","valueRequired":true,"valueName":"search_term_string"}}],"inLanguage":"es"},{"@type":"Organization","@id":"https:\/\/atl.org.mx\/#organization","name":"ATL el portal del agua de la C\u00e1tedra Unesco IMTA","url":"https:\/\/atl.org.mx\/","logo":{"@type":"ImageObject","inLanguage":"es","@id":"https:\/\/atl.org.mx\/#\/schema\/logo\/image\/","url":"https:\/\/atl.org.mx\/wp-content\/uploads\/2023\/09\/logo_atl_catedra3.png","contentUrl":"https:\/\/atl.org.mx\/wp-content\/uploads\/2023\/09\/logo_atl_catedra3.png","width":250,"height":151,"caption":"ATL el portal del agua de la C\u00e1tedra Unesco IMTA"},"image":{"@id":"https:\/\/atl.org.mx\/#\/schema\/logo\/image\/"}}]}},"_links":{"self":[{"href":"https:\/\/atl.org.mx\/index.php\/wp-json\/wp\/v2\/pages\/2768","targetHints":{"allow":["GET"]}}],"collection":[{"href":"https:\/\/atl.org.mx\/index.php\/wp-json\/wp\/v2\/pages"}],"about":[{"href":"https:\/\/atl.org.mx\/index.php\/wp-json\/wp\/v2\/types\/page"}],"author":[{"embeddable":true,"href":"https:\/\/atl.org.mx\/index.php\/wp-json\/wp\/v2\/users\/1"}],"replies":[{"embeddable":true,"href":"https:\/\/atl.org.mx\/index.php\/wp-json\/wp\/v2\/comments?post=2768"}],"version-history":[{"count":137,"href":"https:\/\/atl.org.mx\/index.php\/wp-json\/wp\/v2\/pages\/2768\/revisions"}],"predecessor-version":[{"id":5610,"href":"https:\/\/atl.org.mx\/index.php\/wp-json\/wp\/v2\/pages\/2768\/revisions\/5610"}],"wp:attachment":[{"href":"https:\/\/atl.org.mx\/index.php\/wp-json\/wp\/v2\/media?parent=2768"}],"curies":[{"name":"wp","href":"https:\/\/api.w.org\/{rel}","templated":true}]}}