{"id":143,"date":"2016-06-20T07:48:11","date_gmt":"2016-06-20T07:48:11","guid":{"rendered":"http:\/\/sw-themes.com\/porto_dummy\/?page_id=143"},"modified":"2021-04-04T22:47:07","modified_gmt":"2021-04-04T22:47:07","slug":"home","status":"publish","type":"page","link":"https:\/\/atl.org.mx\/index.php\/home\/","title":{"rendered":"Inicio"},"content":{"rendered":"<p>[vc_row animation_type=&#8221;fadeInUp&#8221;][vc_column][vc_custom_heading text=&#8221;Perspectivas&#8221; use_theme_fonts=&#8221;yes&#8221;][\/vc_column][\/vc_row][vc_row animation_delay=&#8221;300&#8243; animation_type=&#8221;fadeInUp&#8221;][vc_column offset=&#8221;vc_hidden-lg vc_col-md-6 vc_hidden-md vc_hidden-sm vc_hidden-xs&#8221;][porto_blog post_layout=&#8221;grid&#8221; post_style=&#8221;grid&#8221; columns=&#8221;1&#8243; number=&#8221;1&#8243; orderby=&#8221;date&#8221; order=&#8221;ASC&#8221; image_size=&#8221;full&#8221; cats=&#8221;perspectivas&#8221;][\/vc_column][vc_column offset=&#8221;vc_hidden-lg vc_col-md-6 vc_hidden-md vc_hidden-sm vc_hidden-xs&#8221;][porto_blog post_layout=&#8221;grid&#8221; post_style=&#8221;list&#8221; meta_type=&#8221;both&#8221; columns=&#8221;1&#8243; number=&#8221;3&#8243; orderby=&#8221;date&#8221; order=&#8221;DESC&#8221; cats=&#8221;perspectivas&#8221;][\/vc_column][\/vc_row][vc_row][vc_column animation_delay=&#8221;400&#8243; offset=&#8221;vc_col-md-6&#8243; animation_type=&#8221;fadeInLeft&#8221;][porto_blog post_layout=&#8221;grid&#8221; post_style=&#8221;grid&#8221; columns=&#8221;1&#8243; number=&#8221;1&#8243; orderby=&#8221;date&#8221; order=&#8221;DESC&#8221; cats=&#8221;perspectivas&#8221;][\/vc_column][vc_column animation_delay=&#8221;400&#8243; offset=&#8221;vc_col-md-6&#8243; animation_type=&#8221;fadeInRight&#8221;][porto_blog post_layout=&#8221;grid&#8221; post_style=&#8221;list&#8221; columns=&#8221;1&#8243; number=&#8221;3&#8243; cats=&#8221;perspectivas&#8221;][\/vc_column][\/vc_row][vc_row animation_type=&#8221;fadeInUp&#8221;][vc_column][vc_custom_heading text=&#8221;Espacio de divulgaci\u00f3n &#8220;Desde la nube&#8220;&#8221; use_theme_fonts=&#8221;yes&#8221;][\/vc_column][\/vc_row][vc_row][vc_column animation_delay=&#8221;400&#8243; offset=&#8221;vc_col-md-6&#8243; animation_type=&#8221;fadeInLeft&#8221;][porto_blog post_layout=&#8221;grid&#8221; post_style=&#8221;grid&#8221; columns=&#8221;1&#8243; number=&#8221;1&#8243; orderby=&#8221;date&#8221; order=&#8221;DESC&#8221; cats=&#8221;espacio-de-divulgacion&#8221;][\/vc_column][vc_column animation_delay=&#8221;400&#8243; offset=&#8221;vc_col-md-6&#8243; animation_type=&#8221;fadeInRight&#8221;][porto_blog post_layout=&#8221;grid&#8221; post_style=&#8221;list&#8221; columns=&#8221;1&#8243; number=&#8221;3&#8243; cats=&#8221;espacio-de-divulgacion&#8221;][\/vc_column][\/vc_row][vc_row][vc_column][vc_single_image image=&#8221;4886&#8243; img_size=&#8221;full&#8221; alignment=&#8221;center&#8221; style=&#8221;vc_box_shadow_3d&#8221; onclick=&#8221;custom_link&#8221; img_link_target=&#8221;_blank&#8221; animation_delay=&#8221;200&#8243; link=&#8221;http:\/\/imta.edu.mx\/&#8221; animation_type=&#8221;fadeInUp&#8221; label=&#8221;&#8221;][\/vc_column][\/vc_row][vc_row][vc_column width=&#8221;1\/2&#8243; animation_type=&#8221;fadeInUp&#8221;][vc_custom_heading text=&#8221;<strong>Lo m\u00e1s reciente<\/strong>&#8221; font_container=&#8221;tag:h3|font_size:16|text_align:left&#8221; use_theme_fonts=&#8221;yes&#8221; text_transform=&#8221;text-uppercase&#8221;][porto_blog post_layout=&#8221;grid&#8221; post_style=&#8221;widget&#8221; columns=&#8221;1&#8243; number=&#8221;6&#8243; orderby=&#8221;comment_count&#8221; order=&#8221;DESC&#8221; el_class=&#8221;mb-2&#8243;][\/vc_column][vc_column width=&#8221;1\/2&#8243; animation_delay=&#8221;300&#8243; animation_type=&#8221;fadeInUp&#8221;][vc_custom_heading text=&#8221;<strong>Noticias de agua<\/strong>&#8221; font_container=&#8221;tag:h3|font_size:16|text_align:left&#8221; use_theme_fonts=&#8221;yes&#8221; text_transform=&#8221;text-uppercase&#8221;][porto_blog post_layout=&#8221;grid&#8221; post_style=&#8221;widget&#8221; columns=&#8221;1&#8243; number=&#8221;6&#8243; orderby=&#8221;date&#8221; order=&#8221;DESC&#8221; el_class=&#8221;mb-2&#8243; cats=&#8221;agua&#8221;][\/vc_column][\/vc_row][vc_row][vc_column][vc_empty_space][vc_separator][\/vc_column][\/vc_row][vc_row][vc_column offset=&#8221;vc_hidden-lg vc_hidden-md vc_hidden-sm vc_hidden-xs&#8221;][porto_blog post_layout=&#8221;creative&#8221; grid_height=&#8221;500px&#8221; cats=&#8221;dias-mundiales&#8221;][\/vc_column][\/vc_row][vc_row][vc_column][vc_video link=&#8221;https:\/\/www.youtube.com\/watch?v=r9ziUvmCXf8&#8243; src=&#8221;&#8220;https:\/\/www.youtube.com\/embed\/r9ziUvmCXf8&#8220;&#8221; width=&#8221;&#8220;560&#8220;&#8221; height=&#8221;&#8220;315&#8220;&#8221; frameborder=&#8221;&#8220;0&#8220;&#8221;][\/vc_column][\/vc_row][vc_row][vc_column][porto_recent_members view=&#8221;simple&#8221; hover_image_effect=&#8221;no_zoom&#8221; overview=&#8221;&#8221; socials=&#8221;&#8221; slider_config=&#8221;yes&#8221; show_nav=&#8221;yes&#8221; nav_type=&#8221;nav-style-1&#8243;][\/vc_column][\/vc_row][vc_row][vc_column][porto_carousel stage_padding=&#8221;0&#8243; margin=&#8221;0&#8243; items=&#8221;5&#8243; items_lg=&#8221;5&#8243; items_md=&#8221;5&#8243; items_sm=&#8221;3&#8243; items_xs=&#8221;2&#8243; el_class=&#8221;hover-effect-3&#8243;][vc_single_image image=&#8221;2861&#8243; style=&#8221;vc_box_rounded&#8221; onclick=&#8221;custom_link&#8221; link=&#8221;https:\/\/www.gob.mx\/imta&#8221;][vc_single_image image=&#8221;2863&#8243;][vc_single_image image=&#8221;2865&#8243;][vc_single_image image=&#8221;2874&#8243;][vc_single_image image=&#8221;2869&#8243;][\/porto_carousel][\/vc_column][\/vc_row]<\/p>\n","protected":false},"excerpt":{"rendered":"[vc_row animation_type=\"fadeInUp\"][vc_column][vc_custom_heading text=\"Perspectivas\" use_theme_fonts=\"yes\"][\/vc_column][\/vc_row][vc_row animation_delay=\"300\" animation_type=\"fadeInUp\"][vc_column offset=\"vc_hidden-lg vc_col-md-6 vc_hidden-md vc_hidden-sm vc_hidden-xs\"][porto_blog post_layout=\"grid\" post_style=\"grid\" columns=\"1\" number=\"1\" orderby=\"date\" order=\"ASC\" image_size=\"full\" cats=\"perspectivas\"][\/vc_column][vc_column offset=\"vc_hidden-lg vc_col-md-6 vc_hidden-md&hellip;","protected":false},"author":1,"featured_media":0,"parent":0,"menu_order":0,"comment_status":"closed","ping_status":"closed","template":"","meta":{"content-type":"","_lmt_disableupdate":"","_lmt_disable":"","footnotes":""},"class_list":["post-143","page","type-page","status-publish","hentry"],"yoast_head":"<!-- This site is optimized with the Yoast SEO plugin v27.0 - https:\/\/yoast.com\/product\/yoast-seo-wordpress\/ -->\n<title>Inicio - ATL el portal del agua de la C\u00e1tedra Unesco IMTA<\/title>\n<meta name=\"description\" content=\"Atl es un sitio que busca difundir informaci\u00f3n, noticias, art\u00edculos, publicaciones, videos y otros contenidos sobre el Agua y la Sociedad del Conocimiento, que pudieran ser de inter\u00e9s del p\u00fablico en general ya que estamos convencidos que el conocimiento crece cuando se comparte.\" \/>\n<meta name=\"robots\" content=\"index, follow, max-snippet:-1, max-image-preview:large, max-video-preview:-1\" \/>\n<link rel=\"canonical\" href=\"https:\/\/atl.org.mx\/index.php\/home\/\" \/>\n<meta property=\"og:locale\" content=\"es_MX\" \/>\n<meta property=\"og:type\" content=\"article\" \/>\n<meta property=\"og:title\" content=\"Inicio - ATL el portal del agua de la C\u00e1tedra Unesco IMTA\" \/>\n<meta property=\"og:description\" content=\"Atl es un sitio que busca difundir informaci\u00f3n, noticias, art\u00edculos, publicaciones, videos y otros contenidos sobre el Agua y la Sociedad del Conocimiento, que pudieran ser de inter\u00e9s del p\u00fablico en general ya que estamos convencidos que el conocimiento crece cuando se comparte.\" \/>\n<meta property=\"og:url\" content=\"https:\/\/atl.org.mx\/index.php\/home\/\" \/>\n<meta property=\"og:site_name\" content=\"ATL el portal del agua de la C\u00e1tedra Unesco IMTA\" \/>\n<meta property=\"article:modified_time\" content=\"2021-04-04T22:47:07+00:00\" \/>\n<meta name=\"twitter:card\" content=\"summary_large_image\" \/>\n<meta name=\"twitter:label1\" content=\"Tiempo de lectura\" \/>\n\t<meta name=\"twitter:data1\" content=\"1 minuto\" \/>\n<script type=\"application\/ld+json\" class=\"yoast-schema-graph\">{\"@context\":\"https:\/\/schema.org\",\"@graph\":[{\"@type\":\"WebPage\",\"@id\":\"https:\/\/atl.org.mx\/index.php\/home\/\",\"url\":\"https:\/\/atl.org.mx\/index.php\/home\/\",\"name\":\"Inicio - ATL el portal del agua de la C\u00e1tedra Unesco IMTA\",\"isPartOf\":{\"@id\":\"https:\/\/atl.org.mx\/#website\"},\"datePublished\":\"2016-06-20T07:48:11+00:00\",\"dateModified\":\"2021-04-04T22:47:07+00:00\",\"description\":\"Atl es un sitio que busca difundir informaci\u00f3n, noticias, art\u00edculos, publicaciones, videos y otros contenidos sobre el Agua y la Sociedad del Conocimiento, que pudieran ser de inter\u00e9s del p\u00fablico en general ya que estamos convencidos que el conocimiento crece cuando se comparte.\",\"breadcrumb\":{\"@id\":\"https:\/\/atl.org.mx\/index.php\/home\/#breadcrumb\"},\"inLanguage\":\"es\",\"potentialAction\":[{\"@type\":\"ReadAction\",\"target\":[\"https:\/\/atl.org.mx\/index.php\/home\/\"]}]},{\"@type\":\"BreadcrumbList\",\"@id\":\"https:\/\/atl.org.mx\/index.php\/home\/#breadcrumb\",\"itemListElement\":[{\"@type\":\"ListItem\",\"position\":1,\"name\":\"Inicio\",\"item\":\"https:\/\/atl.org.mx\/\"},{\"@type\":\"ListItem\",\"position\":2,\"name\":\"Inicio\"}]},{\"@type\":\"WebSite\",\"@id\":\"https:\/\/atl.org.mx\/#website\",\"url\":\"https:\/\/atl.org.mx\/\",\"name\":\"ATL el portal del agua de la C\u00e1tedra Unesco IMTA\",\"description\":\"C\u00e1tedra UNESCO-IMTA\",\"publisher\":{\"@id\":\"https:\/\/atl.org.mx\/#organization\"},\"potentialAction\":[{\"@type\":\"SearchAction\",\"target\":{\"@type\":\"EntryPoint\",\"urlTemplate\":\"https:\/\/atl.org.mx\/?s={search_term_string}\"},\"query-input\":{\"@type\":\"PropertyValueSpecification\",\"valueRequired\":true,\"valueName\":\"search_term_string\"}}],\"inLanguage\":\"es\"},{\"@type\":\"Organization\",\"@id\":\"https:\/\/atl.org.mx\/#organization\",\"name\":\"ATL el portal del agua de la C\u00e1tedra Unesco IMTA\",\"url\":\"https:\/\/atl.org.mx\/\",\"logo\":{\"@type\":\"ImageObject\",\"inLanguage\":\"es\",\"@id\":\"https:\/\/atl.org.mx\/#\/schema\/logo\/image\/\",\"url\":\"https:\/\/atl.org.mx\/wp-content\/uploads\/2023\/09\/logo_atl_catedra3.png\",\"contentUrl\":\"https:\/\/atl.org.mx\/wp-content\/uploads\/2023\/09\/logo_atl_catedra3.png\",\"width\":250,\"height\":151,\"caption\":\"ATL el portal del agua de la C\u00e1tedra Unesco IMTA\"},\"image\":{\"@id\":\"https:\/\/atl.org.mx\/#\/schema\/logo\/image\/\"}}]}<\/script>\n<!-- \/ Yoast SEO plugin. -->","yoast_head_json":{"title":"Inicio - ATL el portal del agua de la C\u00e1tedra Unesco IMTA","description":"Atl es un sitio que busca difundir informaci\u00f3n, noticias, art\u00edculos, publicaciones, videos y otros contenidos sobre el Agua y la Sociedad del Conocimiento, que pudieran ser de inter\u00e9s del p\u00fablico en general ya que estamos convencidos que el conocimiento crece cuando se comparte.","robots":{"index":"index","follow":"follow","max-snippet":"max-snippet:-1","max-image-preview":"max-image-preview:large","max-video-preview":"max-video-preview:-1"},"canonical":"https:\/\/atl.org.mx\/index.php\/home\/","og_locale":"es_MX","og_type":"article","og_title":"Inicio - ATL el portal del agua de la C\u00e1tedra Unesco IMTA","og_description":"Atl es un sitio que busca difundir informaci\u00f3n, noticias, art\u00edculos, publicaciones, videos y otros contenidos sobre el Agua y la Sociedad del Conocimiento, que pudieran ser de inter\u00e9s del p\u00fablico en general ya que estamos convencidos que el conocimiento crece cuando se comparte.","og_url":"https:\/\/atl.org.mx\/index.php\/home\/","og_site_name":"ATL el portal del agua de la C\u00e1tedra Unesco IMTA","article_modified_time":"2021-04-04T22:47:07+00:00","twitter_card":"summary_large_image","twitter_misc":{"Tiempo de lectura":"1 minuto"},"schema":{"@context":"https:\/\/schema.org","@graph":[{"@type":"WebPage","@id":"https:\/\/atl.org.mx\/index.php\/home\/","url":"https:\/\/atl.org.mx\/index.php\/home\/","name":"Inicio - ATL el portal del agua de la C\u00e1tedra Unesco IMTA","isPartOf":{"@id":"https:\/\/atl.org.mx\/#website"},"datePublished":"2016-06-20T07:48:11+00:00","dateModified":"2021-04-04T22:47:07+00:00","description":"Atl es un sitio que busca difundir informaci\u00f3n, noticias, art\u00edculos, publicaciones, videos y otros contenidos sobre el Agua y la Sociedad del Conocimiento, que pudieran ser de inter\u00e9s del p\u00fablico en general ya que estamos convencidos que el conocimiento crece cuando se comparte.","breadcrumb":{"@id":"https:\/\/atl.org.mx\/index.php\/home\/#breadcrumb"},"inLanguage":"es","potentialAction":[{"@type":"ReadAction","target":["https:\/\/atl.org.mx\/index.php\/home\/"]}]},{"@type":"BreadcrumbList","@id":"https:\/\/atl.org.mx\/index.php\/home\/#breadcrumb","itemListElement":[{"@type":"ListItem","position":1,"name":"Inicio","item":"https:\/\/atl.org.mx\/"},{"@type":"ListItem","position":2,"name":"Inicio"}]},{"@type":"WebSite","@id":"https:\/\/atl.org.mx\/#website","url":"https:\/\/atl.org.mx\/","name":"ATL el portal del agua de la C\u00e1tedra Unesco IMTA","description":"C\u00e1tedra UNESCO-IMTA","publisher":{"@id":"https:\/\/atl.org.mx\/#organization"},"potentialAction":[{"@type":"SearchAction","target":{"@type":"EntryPoint","urlTemplate":"https:\/\/atl.org.mx\/?s={search_term_string}"},"query-input":{"@type":"PropertyValueSpecification","valueRequired":true,"valueName":"search_term_string"}}],"inLanguage":"es"},{"@type":"Organization","@id":"https:\/\/atl.org.mx\/#organization","name":"ATL el portal del agua de la C\u00e1tedra Unesco IMTA","url":"https:\/\/atl.org.mx\/","logo":{"@type":"ImageObject","inLanguage":"es","@id":"https:\/\/atl.org.mx\/#\/schema\/logo\/image\/","url":"https:\/\/atl.org.mx\/wp-content\/uploads\/2023\/09\/logo_atl_catedra3.png","contentUrl":"https:\/\/atl.org.mx\/wp-content\/uploads\/2023\/09\/logo_atl_catedra3.png","width":250,"height":151,"caption":"ATL el portal del agua de la C\u00e1tedra Unesco IMTA"},"image":{"@id":"https:\/\/atl.org.mx\/#\/schema\/logo\/image\/"}}]}},"_links":{"self":[{"href":"https:\/\/atl.org.mx\/index.php\/wp-json\/wp\/v2\/pages\/143","targetHints":{"allow":["GET"]}}],"collection":[{"href":"https:\/\/atl.org.mx\/index.php\/wp-json\/wp\/v2\/pages"}],"about":[{"href":"https:\/\/atl.org.mx\/index.php\/wp-json\/wp\/v2\/types\/page"}],"author":[{"embeddable":true,"href":"https:\/\/atl.org.mx\/index.php\/wp-json\/wp\/v2\/users\/1"}],"replies":[{"embeddable":true,"href":"https:\/\/atl.org.mx\/index.php\/wp-json\/wp\/v2\/comments?post=143"}],"version-history":[{"count":138,"href":"https:\/\/atl.org.mx\/index.php\/wp-json\/wp\/v2\/pages\/143\/revisions"}],"predecessor-version":[{"id":4888,"href":"https:\/\/atl.org.mx\/index.php\/wp-json\/wp\/v2\/pages\/143\/revisions\/4888"}],"wp:attachment":[{"href":"https:\/\/atl.org.mx\/index.php\/wp-json\/wp\/v2\/media?parent=143"}],"curies":[{"name":"wp","href":"https:\/\/api.w.org\/{rel}","templated":true}]}}